{"id":6207,"date":"2024-04-04T06:45:59","date_gmt":"2024-04-04T06:45:59","guid":{"rendered":"https:\/\/www.cretabeach.com\/?page_id=6207"},"modified":"2026-05-06T07:55:28","modified_gmt":"2026-05-06T07:55:28","slug":"wine-dine","status":"publish","type":"page","link":"https:\/\/www.cretabeach.com\/de\/wine-dine\/","title":{"rendered":"Wein und Abendessen"},"content":{"rendered":"<div class=\"QFw9Te BLojaf\">\n<div id=\"ow357\"><\/div>\n<\/div>\n<div class=\"DVHrxd\">\n<div id=\"ow358\" data-show-delay-ms=\"250\" data-append-to-body=\"true\" data-propagate-tooltip-mouseover-events=\"true\" data-anchor-corner=\"bottom-left\" data-enable-skip-handler=\"false\" data-popup-corner=\"top-left\">\n<div><\/div>\n<\/div>\n<\/div>\n<div class=\"QcsUad BDJ8fb BLojaf sMVRZe wneUed\">\n<div class=\"usGWQd\">\n<div class=\"KkbLmb\">\n<div class=\"lRu31\" dir=\"ltr\">Erleben Sie die lebendige Vielfalt der kretischen Gastronomie im Civitel Creta Beach.<\/div>\n<\/div>\n<\/div>\n<\/div>\n<p style=\"text-align: left;\">Entdecken Sie die intensiven Geschm\u00e4cker der Insel und die reiche mediterrane K\u00fcche in unseren eindrucksvollen Restaurants und Bars.<\/p>\n<p>Von den frischesten Zutaten aus der Region bis hin zu erlesenen Weinen und einzigartigen Cocktails bietet jedes unserer 5 Speiseziele ein einzigartiges Erlebnis, das die Essenz Kretas einf\u00e4ngt.<\/p>\n<p>Tauchen Sie ein in die Aromen Griechenlands im <a href=\"https:\/\/www.cretabeach.com\/de\/restaurant-onirokipos\/\"><strong>Restaurant Onir\u00f3kipos<\/strong><\/a>, wo traditionelle Gerichte mit einem modernen Touch neu interpretiert werden. Und f\u00fcr entspannte Tage am Pool bietet die <a href=\"https:\/\/www.cretabeach.com\/de\/pool-snackbar-iliogiom%ce%bf\/\"><strong>Iliogiomo Pool Snack Bar<\/strong><\/a> eine Auswahl an leichten Snacks und erfrischenden Getr\u00e4nken, damit Sie sich in der Sonne satt f\u00fchlen.<\/p>\n<p>G\u00f6nnen Sie sich ein reichhaltiges Buffet mit internationalen und lokalen K\u00f6stlichkeiten im <a href=\"https:\/\/www.cretabeach.com\/de\/thalassohazi-restaurant\/\"><strong>Thalassoh\u00e5zi-Hauptrestaurant<\/strong><\/a> wo jede Mahlzeit ein Fest der Vielfalt und des Geschmacks ist. F\u00fcr einen intimeren Rahmen bietet der angrenzende Verand\u00e5moma-Bereich eine stilvolle Erweiterung des Hauptrestaurants mit einem gro\u00dfartigen Meerblick &#8211; perfekt f\u00fcr entspannte Mahlzeiten in einer raffinierten Umgebung. Entspannen Sie sich in der Hauptbar von <a href=\"https:\/\/www.cretabeach.com\/de\/bar-fengaropioto\/\"><strong>Fengar\u00f3pioto<\/strong><\/a> bei Panoramablick auf das Meer und genie\u00dfen Sie fachm\u00e4nnisch zubereitete Getr\u00e4nke.<\/p>\n<p>Im Civitel Creta Beach haben wir es uns zur Aufgabe gemacht, au\u00dfergew\u00f6hnliche kulinarische Erlebnisse zu schaffen, die die besten Zutaten pr\u00e4sentieren und den Geist der kretischen Gastfreundschaft verk\u00f6rpern. Kommen Sie zu uns und lassen Sie Ihren Gaumen auf eine unvergleichliche gastronomische Reise eintauchen.<\/p>\n","protected":false},"excerpt":{"rendered":"<p>Erleben Sie die lebendige Vielfalt der kretischen Gastronomie im Civitel Creta Beach. Entdecken Sie die intensiven Geschm\u00e4cker der Insel und die reiche mediterrane K\u00fcche in unseren eindrucksvollen Restaurants und Bars. Von den frischesten Zutaten aus der Region bis hin zu erlesenen Weinen und einzigartigen Cocktails bietet jedes unserer 5 Speiseziele ein einzigartiges Erlebnis, das die [&hellip;]<\/p>\n","protected":false},"author":1,"featured_media":0,"parent":0,"menu_order":6,"comment_status":"closed","ping_status":"closed","template":"templates\/template-single.php","meta":[],"acf":[],"yoast_head":"<!-- This site is optimized with the Yoast SEO plugin v17.7 - https:\/\/yoast.com\/wordpress\/plugins\/seo\/ -->\n<meta name=\"robots\" content=\"index, follow, max-snippet:-1, max-image-preview:large, max-video-preview:-1\" \/>\n<link rel=\"canonical\" href=\"https:\/\/www.cretabeach.com\/de\/?page_id=6207\" \/>\n<meta property=\"og:locale\" content=\"de_DE\" \/>\n<meta property=\"og:type\" content=\"article\" \/>\n<meta property=\"og:title\" content=\"Wein und Abendessen - Civitel Creta Beach\" \/>\n<meta property=\"og:description\" content=\"Erleben Sie die lebendige Vielfalt der kretischen Gastronomie im Civitel Creta Beach. Entdecken Sie die intensiven Geschm\u00e4cker der Insel und die reiche mediterrane K\u00fcche in unseren eindrucksvollen Restaurants und Bars. Von den frischesten Zutaten aus der Region bis hin zu erlesenen Weinen und einzigartigen Cocktails bietet jedes unserer 5 Speiseziele ein einzigartiges Erlebnis, das die [&hellip;]\" \/>\n<meta property=\"og:url\" content=\"https:\/\/www.cretabeach.com\/de\/?page_id=6207\" \/>\n<meta property=\"og:site_name\" content=\"Civitel Creta Beach\" \/>\n<meta property=\"article:publisher\" content=\"https:\/\/www.facebook.com\/CretaBeachHotel\" \/>\n<meta property=\"article:modified_time\" content=\"2026-05-06T07:55:28+00:00\" \/>\n<meta name=\"twitter:card\" content=\"summary_large_image\" \/>\n<meta name=\"twitter:label1\" content=\"Est. reading time\" \/>\n\t<meta name=\"twitter:data1\" content=\"1 Minute\" \/>\n<script type=\"application\/ld+json\" class=\"yoast-schema-graph\">{\"@context\":\"https:\/\/schema.org\",\"@graph\":[{\"@type\":\"Organization\",\"@id\":\"https:\/\/www.cretabeach.com\/#organization\",\"name\":\"Civitel Creta Beach\",\"url\":\"https:\/\/www.cretabeach.com\/\",\"sameAs\":[\"https:\/\/www.facebook.com\/CretaBeachHotel\",\"https:\/\/www.instagram.com\/civitelcretabeach\/\"],\"logo\":{\"@type\":\"ImageObject\",\"@id\":\"https:\/\/www.cretabeach.com\/#logo\",\"inLanguage\":\"de-DE\",\"url\":\"https:\/\/www.cretabeach.com\/wp-content\/uploads\/sites\/32\/2020\/10\/creta_beach_logo_new-01.svg\",\"contentUrl\":\"https:\/\/www.cretabeach.com\/wp-content\/uploads\/sites\/32\/2020\/10\/creta_beach_logo_new-01.svg\",\"width\":187,\"height\":102,\"caption\":\"Civitel Creta Beach\"},\"image\":{\"@id\":\"https:\/\/www.cretabeach.com\/#logo\"}},{\"@type\":\"WebSite\",\"@id\":\"https:\/\/www.cretabeach.com\/#website\",\"url\":\"https:\/\/www.cretabeach.com\/\",\"name\":\"Civitel Creta Beach\",\"description\":\"The best of seaside and the city\",\"publisher\":{\"@id\":\"https:\/\/www.cretabeach.com\/#organization\"},\"potentialAction\":[{\"@type\":\"SearchAction\",\"target\":{\"@type\":\"EntryPoint\",\"urlTemplate\":\"https:\/\/www.cretabeach.com\/?s={search_term_string}\"},\"query-input\":\"required name=search_term_string\"}],\"inLanguage\":\"de-DE\"},{\"@type\":\"WebPage\",\"@id\":\"https:\/\/www.cretabeach.com\/de\/?page_id=6207#webpage\",\"url\":\"https:\/\/www.cretabeach.com\/de\/?page_id=6207\",\"name\":\"Wein und Abendessen - Civitel Creta Beach\",\"isPartOf\":{\"@id\":\"https:\/\/www.cretabeach.com\/#website\"},\"datePublished\":\"2024-04-04T06:45:59+00:00\",\"dateModified\":\"2026-05-06T07:55:28+00:00\",\"breadcrumb\":{\"@id\":\"https:\/\/www.cretabeach.com\/de\/?page_id=6207#breadcrumb\"},\"inLanguage\":\"de-DE\",\"potentialAction\":[{\"@type\":\"ReadAction\",\"target\":[\"https:\/\/www.cretabeach.com\/de\/?page_id=6207\"]}]},{\"@type\":\"BreadcrumbList\",\"@id\":\"https:\/\/www.cretabeach.com\/de\/?page_id=6207#breadcrumb\",\"itemListElement\":[{\"@type\":\"ListItem\",\"position\":1,\"name\":\"Home\",\"item\":\"https:\/\/www.cretabeach.com\/de\/\"},{\"@type\":\"ListItem\",\"position\":2,\"name\":\"Wine &#038; Dine\"}]}]}<\/script>\n<!-- \/ Yoast SEO plugin. -->","yoast_head_json":{"robots":{"index":"index","follow":"follow","max-snippet":"max-snippet:-1","max-image-preview":"max-image-preview:large","max-video-preview":"max-video-preview:-1"},"canonical":"https:\/\/www.cretabeach.com\/de\/?page_id=6207","og_locale":"de_DE","og_type":"article","og_title":"Wein und Abendessen - Civitel Creta Beach","og_description":"Erleben Sie die lebendige Vielfalt der kretischen Gastronomie im Civitel Creta Beach. Entdecken Sie die intensiven Geschm\u00e4cker der Insel und die reiche mediterrane K\u00fcche in unseren eindrucksvollen Restaurants und Bars. Von den frischesten Zutaten aus der Region bis hin zu erlesenen Weinen und einzigartigen Cocktails bietet jedes unserer 5 Speiseziele ein einzigartiges Erlebnis, das die [&hellip;]","og_url":"https:\/\/www.cretabeach.com\/de\/?page_id=6207","og_site_name":"Civitel Creta Beach","article_publisher":"https:\/\/www.facebook.com\/CretaBeachHotel","article_modified_time":"2026-05-06T07:55:28+00:00","twitter_card":"summary_large_image","twitter_misc":{"Est. reading time":"1 Minute"},"schema":{"@context":"https:\/\/schema.org","@graph":[{"@type":"Organization","@id":"https:\/\/www.cretabeach.com\/#organization","name":"Civitel Creta Beach","url":"https:\/\/www.cretabeach.com\/","sameAs":["https:\/\/www.facebook.com\/CretaBeachHotel","https:\/\/www.instagram.com\/civitelcretabeach\/"],"logo":{"@type":"ImageObject","@id":"https:\/\/www.cretabeach.com\/#logo","inLanguage":"de-DE","url":"https:\/\/www.cretabeach.com\/wp-content\/uploads\/sites\/32\/2020\/10\/creta_beach_logo_new-01.svg","contentUrl":"https:\/\/www.cretabeach.com\/wp-content\/uploads\/sites\/32\/2020\/10\/creta_beach_logo_new-01.svg","width":187,"height":102,"caption":"Civitel Creta Beach"},"image":{"@id":"https:\/\/www.cretabeach.com\/#logo"}},{"@type":"WebSite","@id":"https:\/\/www.cretabeach.com\/#website","url":"https:\/\/www.cretabeach.com\/","name":"Civitel Creta Beach","description":"The best of seaside and the city","publisher":{"@id":"https:\/\/www.cretabeach.com\/#organization"},"potentialAction":[{"@type":"SearchAction","target":{"@type":"EntryPoint","urlTemplate":"https:\/\/www.cretabeach.com\/?s={search_term_string}"},"query-input":"required name=search_term_string"}],"inLanguage":"de-DE"},{"@type":"WebPage","@id":"https:\/\/www.cretabeach.com\/de\/?page_id=6207#webpage","url":"https:\/\/www.cretabeach.com\/de\/?page_id=6207","name":"Wein und Abendessen - Civitel Creta Beach","isPartOf":{"@id":"https:\/\/www.cretabeach.com\/#website"},"datePublished":"2024-04-04T06:45:59+00:00","dateModified":"2026-05-06T07:55:28+00:00","breadcrumb":{"@id":"https:\/\/www.cretabeach.com\/de\/?page_id=6207#breadcrumb"},"inLanguage":"de-DE","potentialAction":[{"@type":"ReadAction","target":["https:\/\/www.cretabeach.com\/de\/?page_id=6207"]}]},{"@type":"BreadcrumbList","@id":"https:\/\/www.cretabeach.com\/de\/?page_id=6207#breadcrumb","itemListElement":[{"@type":"ListItem","position":1,"name":"Home","item":"https:\/\/www.cretabeach.com\/de\/"},{"@type":"ListItem","position":2,"name":"Wine &#038; Dine"}]}]}},"_links":{"self":[{"href":"https:\/\/www.cretabeach.com\/de\/wp-json\/wp\/v2\/pages\/6207"}],"collection":[{"href":"https:\/\/www.cretabeach.com\/de\/wp-json\/wp\/v2\/pages"}],"about":[{"href":"https:\/\/www.cretabeach.com\/de\/wp-json\/wp\/v2\/types\/page"}],"author":[{"embeddable":true,"href":"https:\/\/www.cretabeach.com\/de\/wp-json\/wp\/v2\/users\/1"}],"replies":[{"embeddable":true,"href":"https:\/\/www.cretabeach.com\/de\/wp-json\/wp\/v2\/comments?post=6207"}],"version-history":[{"count":20,"href":"https:\/\/www.cretabeach.com\/de\/wp-json\/wp\/v2\/pages\/6207\/revisions"}],"predecessor-version":[{"id":10956,"href":"https:\/\/www.cretabeach.com\/de\/wp-json\/wp\/v2\/pages\/6207\/revisions\/10956"}],"wp:attachment":[{"href":"https:\/\/www.cretabeach.com\/de\/wp-json\/wp\/v2\/media?parent=6207"}],"curies":[{"name":"wp","href":"https:\/\/api.w.org\/{rel}","templated":true}]}}