{"id":6229,"date":"2024-04-04T06:57:44","date_gmt":"2024-04-04T06:57:44","guid":{"rendered":"https:\/\/www.cretabeach.com\/?page_id=6229"},"modified":"2026-03-17T08:53:21","modified_gmt":"2026-03-17T08:53:21","slug":"thalassohazi-restaurant","status":"publish","type":"page","link":"https:\/\/www.cretabeach.com\/de\/thalassohazi-restaurant\/","title":{"rendered":"Hauptrestaurant Thalassoh\u00e5zi"},"content":{"rendered":"<p>Begeben Sie sich im <strong>Civitel Creta Beach<\/strong> auf eine kulinarische Reise, wo Sie im Hauptrestaurant <em>Thalassoh\u00e1zi<\/em> eine reichhaltige Vielfalt an Aromen erwartet.<\/p>\n<p>Beginnen Sie Ihren Tag mit einem reichhaltigen Fr\u00fchst\u00fccksbuffet, das neben einer verlockenden Auswahl an kontinentalen und amerikanischen Klassikern auch authentische kretische K\u00f6stlichkeiten wie lokalen K\u00e4se, traditionelle Desserts, Zwieback und Oliven bietet \u2013 so kommt die Essenz der Insel direkt auf Ihren Tisch.<\/p>\n<p>Im Laufe des Tages setzt sich das Erlebnis beim Abendessen fort, bei dem die ber\u00fchmte kretische K\u00fcche im Mittelpunkt steht. Frische Salate, schmackhafte Hauptgerichte und k\u00f6stliche Desserts unterstreichen die Vielfalt der mediterranen K\u00fcche, erg\u00e4nzt durch internationale Favoriten wie Pastagerichte, erstklassige Fleischsorten und unwiderstehliche S\u00fc\u00dfspeisen.<\/p>\n<p>Durchdacht gestaltete Buffetstationen laden dazu ein, jeden Geschmack in Ihrem eigenen Tempo zu entdecken, w\u00e4hrend die spezielle <strong>\u201eCretan Corner\u201c<\/strong> Zutaten aus lokaler Erzeugung und traditionelle Rezepte pr\u00e4sentiert.<\/p>\n<p>F\u00fcr ein gehobeneres Ambiente k\u00f6nnen G\u00e4ste ihre Mahlzeit im <em>Verand\u00e1moma<\/em> genie\u00dfen, dem eleganten Anbau des Restaurants, wo eine ruhige Atmosph\u00e4re auf atemberaubende Meerblicke trifft.<\/p>\n<p>&nbsp;<\/p>\n","protected":false},"excerpt":{"rendered":"<p>Begeben Sie sich im Civitel Creta Beach auf eine kulinarische Reise, wo Sie im Hauptrestaurant Thalassoh\u00e1zi eine reichhaltige Vielfalt an Aromen erwartet. Beginnen Sie Ihren Tag mit einem reichhaltigen Fr\u00fchst\u00fccksbuffet, das neben einer verlockenden Auswahl an kontinentalen und amerikanischen Klassikern auch authentische kretische K\u00f6stlichkeiten wie lokalen K\u00e4se, traditionelle Desserts, Zwieback und Oliven bietet \u2013 so [&hellip;]<\/p>\n","protected":false},"author":1,"featured_media":0,"parent":0,"menu_order":48,"comment_status":"closed","ping_status":"closed","template":"templates\/template-single.php","meta":[],"acf":[],"yoast_head":"<!-- This site is optimized with the Yoast SEO plugin v17.7 - https:\/\/yoast.com\/wordpress\/plugins\/seo\/ -->\n<meta name=\"robots\" content=\"index, follow, max-snippet:-1, max-image-preview:large, max-video-preview:-1\" \/>\n<link rel=\"canonical\" href=\"https:\/\/www.cretabeach.com\/de\/?page_id=6229\" \/>\n<meta property=\"og:locale\" content=\"de_DE\" \/>\n<meta property=\"og:type\" content=\"article\" \/>\n<meta property=\"og:title\" content=\"Hauptrestaurant Thalassoh\u00e5zi - Civitel Creta Beach\" \/>\n<meta property=\"og:description\" content=\"Begeben Sie sich im Civitel Creta Beach auf eine kulinarische Reise, wo Sie im Hauptrestaurant Thalassoh\u00e1zi eine reichhaltige Vielfalt an Aromen erwartet. Beginnen Sie Ihren Tag mit einem reichhaltigen Fr\u00fchst\u00fccksbuffet, das neben einer verlockenden Auswahl an kontinentalen und amerikanischen Klassikern auch authentische kretische K\u00f6stlichkeiten wie lokalen K\u00e4se, traditionelle Desserts, Zwieback und Oliven bietet \u2013 so [&hellip;]\" \/>\n<meta property=\"og:url\" content=\"https:\/\/www.cretabeach.com\/de\/?page_id=6229\" \/>\n<meta property=\"og:site_name\" content=\"Civitel Creta Beach\" \/>\n<meta property=\"article:publisher\" content=\"https:\/\/www.facebook.com\/CretaBeachHotel\" \/>\n<meta property=\"article:modified_time\" content=\"2026-03-17T08:53:21+00:00\" \/>\n<meta name=\"twitter:card\" content=\"summary_large_image\" \/>\n<meta name=\"twitter:label1\" content=\"Est. reading time\" \/>\n\t<meta name=\"twitter:data1\" content=\"1 Minute\" \/>\n<script type=\"application\/ld+json\" class=\"yoast-schema-graph\">{\"@context\":\"https:\/\/schema.org\",\"@graph\":[{\"@type\":\"Organization\",\"@id\":\"https:\/\/www.cretabeach.com\/#organization\",\"name\":\"Civitel Creta Beach\",\"url\":\"https:\/\/www.cretabeach.com\/\",\"sameAs\":[\"https:\/\/www.facebook.com\/CretaBeachHotel\",\"https:\/\/www.instagram.com\/civitelcretabeach\/\"],\"logo\":{\"@type\":\"ImageObject\",\"@id\":\"https:\/\/www.cretabeach.com\/#logo\",\"inLanguage\":\"de-DE\",\"url\":\"https:\/\/www.cretabeach.com\/wp-content\/uploads\/sites\/32\/2020\/10\/creta_beach_logo_new-01.svg\",\"contentUrl\":\"https:\/\/www.cretabeach.com\/wp-content\/uploads\/sites\/32\/2020\/10\/creta_beach_logo_new-01.svg\",\"width\":187,\"height\":102,\"caption\":\"Civitel Creta Beach\"},\"image\":{\"@id\":\"https:\/\/www.cretabeach.com\/#logo\"}},{\"@type\":\"WebSite\",\"@id\":\"https:\/\/www.cretabeach.com\/#website\",\"url\":\"https:\/\/www.cretabeach.com\/\",\"name\":\"Civitel Creta Beach\",\"description\":\"The best of seaside and the city\",\"publisher\":{\"@id\":\"https:\/\/www.cretabeach.com\/#organization\"},\"potentialAction\":[{\"@type\":\"SearchAction\",\"target\":{\"@type\":\"EntryPoint\",\"urlTemplate\":\"https:\/\/www.cretabeach.com\/?s={search_term_string}\"},\"query-input\":\"required name=search_term_string\"}],\"inLanguage\":\"de-DE\"},{\"@type\":\"WebPage\",\"@id\":\"https:\/\/www.cretabeach.com\/de\/?page_id=6229#webpage\",\"url\":\"https:\/\/www.cretabeach.com\/de\/?page_id=6229\",\"name\":\"Hauptrestaurant Thalassoh\\u00e5zi - Civitel Creta Beach\",\"isPartOf\":{\"@id\":\"https:\/\/www.cretabeach.com\/#website\"},\"datePublished\":\"2024-04-04T06:57:44+00:00\",\"dateModified\":\"2026-03-17T08:53:21+00:00\",\"breadcrumb\":{\"@id\":\"https:\/\/www.cretabeach.com\/de\/?page_id=6229#breadcrumb\"},\"inLanguage\":\"de-DE\",\"potentialAction\":[{\"@type\":\"ReadAction\",\"target\":[\"https:\/\/www.cretabeach.com\/de\/?page_id=6229\"]}]},{\"@type\":\"BreadcrumbList\",\"@id\":\"https:\/\/www.cretabeach.com\/de\/?page_id=6229#breadcrumb\",\"itemListElement\":[{\"@type\":\"ListItem\",\"position\":1,\"name\":\"Home\",\"item\":\"https:\/\/www.cretabeach.com\/de\/\"},{\"@type\":\"ListItem\",\"position\":2,\"name\":\"Thalassoh\\u00e5zi Restaurant\"}]}]}<\/script>\n<!-- \/ Yoast SEO plugin. -->","yoast_head_json":{"robots":{"index":"index","follow":"follow","max-snippet":"max-snippet:-1","max-image-preview":"max-image-preview:large","max-video-preview":"max-video-preview:-1"},"canonical":"https:\/\/www.cretabeach.com\/de\/?page_id=6229","og_locale":"de_DE","og_type":"article","og_title":"Hauptrestaurant Thalassoh\u00e5zi - Civitel Creta Beach","og_description":"Begeben Sie sich im Civitel Creta Beach auf eine kulinarische Reise, wo Sie im Hauptrestaurant Thalassoh\u00e1zi eine reichhaltige Vielfalt an Aromen erwartet. Beginnen Sie Ihren Tag mit einem reichhaltigen Fr\u00fchst\u00fccksbuffet, das neben einer verlockenden Auswahl an kontinentalen und amerikanischen Klassikern auch authentische kretische K\u00f6stlichkeiten wie lokalen K\u00e4se, traditionelle Desserts, Zwieback und Oliven bietet \u2013 so [&hellip;]","og_url":"https:\/\/www.cretabeach.com\/de\/?page_id=6229","og_site_name":"Civitel Creta Beach","article_publisher":"https:\/\/www.facebook.com\/CretaBeachHotel","article_modified_time":"2026-03-17T08:53:21+00:00","twitter_card":"summary_large_image","twitter_misc":{"Est. reading time":"1 Minute"},"schema":{"@context":"https:\/\/schema.org","@graph":[{"@type":"Organization","@id":"https:\/\/www.cretabeach.com\/#organization","name":"Civitel Creta Beach","url":"https:\/\/www.cretabeach.com\/","sameAs":["https:\/\/www.facebook.com\/CretaBeachHotel","https:\/\/www.instagram.com\/civitelcretabeach\/"],"logo":{"@type":"ImageObject","@id":"https:\/\/www.cretabeach.com\/#logo","inLanguage":"de-DE","url":"https:\/\/www.cretabeach.com\/wp-content\/uploads\/sites\/32\/2020\/10\/creta_beach_logo_new-01.svg","contentUrl":"https:\/\/www.cretabeach.com\/wp-content\/uploads\/sites\/32\/2020\/10\/creta_beach_logo_new-01.svg","width":187,"height":102,"caption":"Civitel Creta Beach"},"image":{"@id":"https:\/\/www.cretabeach.com\/#logo"}},{"@type":"WebSite","@id":"https:\/\/www.cretabeach.com\/#website","url":"https:\/\/www.cretabeach.com\/","name":"Civitel Creta Beach","description":"The best of seaside and the city","publisher":{"@id":"https:\/\/www.cretabeach.com\/#organization"},"potentialAction":[{"@type":"SearchAction","target":{"@type":"EntryPoint","urlTemplate":"https:\/\/www.cretabeach.com\/?s={search_term_string}"},"query-input":"required name=search_term_string"}],"inLanguage":"de-DE"},{"@type":"WebPage","@id":"https:\/\/www.cretabeach.com\/de\/?page_id=6229#webpage","url":"https:\/\/www.cretabeach.com\/de\/?page_id=6229","name":"Hauptrestaurant Thalassoh\u00e5zi - Civitel Creta Beach","isPartOf":{"@id":"https:\/\/www.cretabeach.com\/#website"},"datePublished":"2024-04-04T06:57:44+00:00","dateModified":"2026-03-17T08:53:21+00:00","breadcrumb":{"@id":"https:\/\/www.cretabeach.com\/de\/?page_id=6229#breadcrumb"},"inLanguage":"de-DE","potentialAction":[{"@type":"ReadAction","target":["https:\/\/www.cretabeach.com\/de\/?page_id=6229"]}]},{"@type":"BreadcrumbList","@id":"https:\/\/www.cretabeach.com\/de\/?page_id=6229#breadcrumb","itemListElement":[{"@type":"ListItem","position":1,"name":"Home","item":"https:\/\/www.cretabeach.com\/de\/"},{"@type":"ListItem","position":2,"name":"Thalassoh\u00e5zi Restaurant"}]}]}},"_links":{"self":[{"href":"https:\/\/www.cretabeach.com\/de\/wp-json\/wp\/v2\/pages\/6229"}],"collection":[{"href":"https:\/\/www.cretabeach.com\/de\/wp-json\/wp\/v2\/pages"}],"about":[{"href":"https:\/\/www.cretabeach.com\/de\/wp-json\/wp\/v2\/types\/page"}],"author":[{"embeddable":true,"href":"https:\/\/www.cretabeach.com\/de\/wp-json\/wp\/v2\/users\/1"}],"replies":[{"embeddable":true,"href":"https:\/\/www.cretabeach.com\/de\/wp-json\/wp\/v2\/comments?post=6229"}],"version-history":[{"count":11,"href":"https:\/\/www.cretabeach.com\/de\/wp-json\/wp\/v2\/pages\/6229\/revisions"}],"predecessor-version":[{"id":10842,"href":"https:\/\/www.cretabeach.com\/de\/wp-json\/wp\/v2\/pages\/6229\/revisions\/10842"}],"wp:attachment":[{"href":"https:\/\/www.cretabeach.com\/de\/wp-json\/wp\/v2\/media?parent=6229"}],"curies":[{"name":"wp","href":"https:\/\/api.w.org\/{rel}","templated":true}]}}