{"id":6256,"date":"2024-04-04T06:47:59","date_gmt":"2024-04-04T06:47:59","guid":{"rendered":"https:\/\/www.cretabeach.com\/?page_id=6256"},"modified":"2026-02-05T14:27:08","modified_gmt":"2026-02-05T14:27:08","slug":"restaurant-onirokipos","status":"publish","type":"page","link":"https:\/\/www.cretabeach.com\/de\/restaurant-onirokipos\/","title":{"rendered":"Restaurant Onir\u00f3kipos"},"content":{"rendered":"<p>Umgeben von einem zauberhaften gr\u00fcnen Garten l\u00e4dt Sie das Restaurant Onir\u00f3kipos ein, eine gastronomische Reise zu den reichen Geschm\u00e4ckern der griechischen Kochtradition zu beginnen, die auf moderne Weise neu bestimmt wird. Der anmutig gestaltete Au\u00dfenbereich des Restaurants erm\u00f6glicht es Ihnen, die Natursch\u00f6nheit zu genie\u00dfen, indem er eine ruhige und friedliche Atmosph\u00e4re schafft, welche die vorz\u00fcglichen Geschm\u00e4cker unserer Gerichte begleitet.<\/p>\n<p>Die Abende im Restaurant Onir\u00f3kipos bieten eine kulinarische Erfahrung, welche den Sinnen Fl\u00fcgel verleiht. Hier verbindet sich die Tradition der griechischen K\u00fcche kunstvoll mit den modernen gastronomischen Tendenzen. Unser Abendessen ist eine Einladung, um delikate Gerichte zu entdecken, welche von der reichen gastronomischen Geschichte Griechenlands und ihrer Entwicklung \u201eerz\u00e4hlen\u201c. In Kombination mit unserer Vielfalt erlesener Weine wird das Dinner im Onir\u00f3kipos zum H\u00f6hepunkt Ihrer Geschmackserlebnisse, der Ihnen unvergesslich in Erinnerung bleiben wird.<\/p>\n<p style=\"text-align: right;\"><a href=\"https:\/\/onirokipos.gr\/#contact\"><strong>Reservieren Sie Ihren Tisch<\/strong><\/a><\/p>\n","protected":false},"excerpt":{"rendered":"<p>Umgeben von einem zauberhaften gr\u00fcnen Garten l\u00e4dt Sie das Restaurant Onir\u00f3kipos ein, eine gastronomische Reise zu den reichen Geschm\u00e4ckern der griechischen Kochtradition zu beginnen, die auf moderne Weise neu bestimmt wird. Der anmutig gestaltete Au\u00dfenbereich des Restaurants erm\u00f6glicht es Ihnen, die Natursch\u00f6nheit zu genie\u00dfen, indem er eine ruhige und friedliche Atmosph\u00e4re schafft, welche die vorz\u00fcglichen [&hellip;]<\/p>\n","protected":false},"author":10,"featured_media":0,"parent":0,"menu_order":9,"comment_status":"closed","ping_status":"closed","template":"templates\/template-single.php","meta":[],"acf":[],"yoast_head":"<!-- This site is optimized with the Yoast SEO plugin v17.7 - https:\/\/yoast.com\/wordpress\/plugins\/seo\/ -->\n<meta name=\"robots\" content=\"index, follow, max-snippet:-1, max-image-preview:large, max-video-preview:-1\" \/>\n<link rel=\"canonical\" href=\"https:\/\/www.cretabeach.com\/de\/?page_id=6256\" \/>\n<meta property=\"og:locale\" content=\"de_DE\" \/>\n<meta property=\"og:type\" content=\"article\" \/>\n<meta property=\"og:title\" content=\"Restaurant Onir\u00f3kipos - Civitel Creta Beach\" \/>\n<meta property=\"og:description\" content=\"Umgeben von einem zauberhaften gr\u00fcnen Garten l\u00e4dt Sie das Restaurant Onir\u00f3kipos ein, eine gastronomische Reise zu den reichen Geschm\u00e4ckern der griechischen Kochtradition zu beginnen, die auf moderne Weise neu bestimmt wird. Der anmutig gestaltete Au\u00dfenbereich des Restaurants erm\u00f6glicht es Ihnen, die Natursch\u00f6nheit zu genie\u00dfen, indem er eine ruhige und friedliche Atmosph\u00e4re schafft, welche die vorz\u00fcglichen [&hellip;]\" \/>\n<meta property=\"og:url\" content=\"https:\/\/www.cretabeach.com\/de\/?page_id=6256\" \/>\n<meta property=\"og:site_name\" content=\"Civitel Creta Beach\" \/>\n<meta property=\"article:publisher\" content=\"https:\/\/www.facebook.com\/CretaBeachHotel\" \/>\n<meta property=\"article:modified_time\" content=\"2026-02-05T14:27:08+00:00\" \/>\n<meta name=\"twitter:card\" content=\"summary_large_image\" \/>\n<meta name=\"twitter:label1\" content=\"Est. reading time\" \/>\n\t<meta name=\"twitter:data1\" content=\"1 Minute\" \/>\n<script type=\"application\/ld+json\" class=\"yoast-schema-graph\">{\"@context\":\"https:\/\/schema.org\",\"@graph\":[{\"@type\":\"Organization\",\"@id\":\"https:\/\/www.cretabeach.com\/#organization\",\"name\":\"Civitel Creta Beach\",\"url\":\"https:\/\/www.cretabeach.com\/\",\"sameAs\":[\"https:\/\/www.facebook.com\/CretaBeachHotel\",\"https:\/\/www.instagram.com\/civitelcretabeach\/\"],\"logo\":{\"@type\":\"ImageObject\",\"@id\":\"https:\/\/www.cretabeach.com\/#logo\",\"inLanguage\":\"de-DE\",\"url\":\"https:\/\/www.cretabeach.com\/wp-content\/uploads\/sites\/32\/2020\/10\/creta_beach_logo_new-01.svg\",\"contentUrl\":\"https:\/\/www.cretabeach.com\/wp-content\/uploads\/sites\/32\/2020\/10\/creta_beach_logo_new-01.svg\",\"width\":187,\"height\":102,\"caption\":\"Civitel Creta Beach\"},\"image\":{\"@id\":\"https:\/\/www.cretabeach.com\/#logo\"}},{\"@type\":\"WebSite\",\"@id\":\"https:\/\/www.cretabeach.com\/#website\",\"url\":\"https:\/\/www.cretabeach.com\/\",\"name\":\"Civitel Creta Beach\",\"description\":\"The best of seaside and the city\",\"publisher\":{\"@id\":\"https:\/\/www.cretabeach.com\/#organization\"},\"potentialAction\":[{\"@type\":\"SearchAction\",\"target\":{\"@type\":\"EntryPoint\",\"urlTemplate\":\"https:\/\/www.cretabeach.com\/?s={search_term_string}\"},\"query-input\":\"required name=search_term_string\"}],\"inLanguage\":\"de-DE\"},{\"@type\":\"WebPage\",\"@id\":\"https:\/\/www.cretabeach.com\/de\/?page_id=6256#webpage\",\"url\":\"https:\/\/www.cretabeach.com\/de\/?page_id=6256\",\"name\":\"Restaurant Onir\\u00f3kipos - Civitel Creta Beach\",\"isPartOf\":{\"@id\":\"https:\/\/www.cretabeach.com\/#website\"},\"datePublished\":\"2024-04-04T06:47:59+00:00\",\"dateModified\":\"2026-02-05T14:27:08+00:00\",\"breadcrumb\":{\"@id\":\"https:\/\/www.cretabeach.com\/de\/?page_id=6256#breadcrumb\"},\"inLanguage\":\"de-DE\",\"potentialAction\":[{\"@type\":\"ReadAction\",\"target\":[\"https:\/\/www.cretabeach.com\/de\/?page_id=6256\"]}]},{\"@type\":\"BreadcrumbList\",\"@id\":\"https:\/\/www.cretabeach.com\/de\/?page_id=6256#breadcrumb\",\"itemListElement\":[{\"@type\":\"ListItem\",\"position\":1,\"name\":\"Home\",\"item\":\"https:\/\/www.cretabeach.com\/de\/\"},{\"@type\":\"ListItem\",\"position\":2,\"name\":\"Onir\\u00f3kipos Restaurant\"}]}]}<\/script>\n<!-- \/ Yoast SEO plugin. -->","yoast_head_json":{"robots":{"index":"index","follow":"follow","max-snippet":"max-snippet:-1","max-image-preview":"max-image-preview:large","max-video-preview":"max-video-preview:-1"},"canonical":"https:\/\/www.cretabeach.com\/de\/?page_id=6256","og_locale":"de_DE","og_type":"article","og_title":"Restaurant Onir\u00f3kipos - Civitel Creta Beach","og_description":"Umgeben von einem zauberhaften gr\u00fcnen Garten l\u00e4dt Sie das Restaurant Onir\u00f3kipos ein, eine gastronomische Reise zu den reichen Geschm\u00e4ckern der griechischen Kochtradition zu beginnen, die auf moderne Weise neu bestimmt wird. Der anmutig gestaltete Au\u00dfenbereich des Restaurants erm\u00f6glicht es Ihnen, die Natursch\u00f6nheit zu genie\u00dfen, indem er eine ruhige und friedliche Atmosph\u00e4re schafft, welche die vorz\u00fcglichen [&hellip;]","og_url":"https:\/\/www.cretabeach.com\/de\/?page_id=6256","og_site_name":"Civitel Creta Beach","article_publisher":"https:\/\/www.facebook.com\/CretaBeachHotel","article_modified_time":"2026-02-05T14:27:08+00:00","twitter_card":"summary_large_image","twitter_misc":{"Est. reading time":"1 Minute"},"schema":{"@context":"https:\/\/schema.org","@graph":[{"@type":"Organization","@id":"https:\/\/www.cretabeach.com\/#organization","name":"Civitel Creta Beach","url":"https:\/\/www.cretabeach.com\/","sameAs":["https:\/\/www.facebook.com\/CretaBeachHotel","https:\/\/www.instagram.com\/civitelcretabeach\/"],"logo":{"@type":"ImageObject","@id":"https:\/\/www.cretabeach.com\/#logo","inLanguage":"de-DE","url":"https:\/\/www.cretabeach.com\/wp-content\/uploads\/sites\/32\/2020\/10\/creta_beach_logo_new-01.svg","contentUrl":"https:\/\/www.cretabeach.com\/wp-content\/uploads\/sites\/32\/2020\/10\/creta_beach_logo_new-01.svg","width":187,"height":102,"caption":"Civitel Creta Beach"},"image":{"@id":"https:\/\/www.cretabeach.com\/#logo"}},{"@type":"WebSite","@id":"https:\/\/www.cretabeach.com\/#website","url":"https:\/\/www.cretabeach.com\/","name":"Civitel Creta Beach","description":"The best of seaside and the city","publisher":{"@id":"https:\/\/www.cretabeach.com\/#organization"},"potentialAction":[{"@type":"SearchAction","target":{"@type":"EntryPoint","urlTemplate":"https:\/\/www.cretabeach.com\/?s={search_term_string}"},"query-input":"required name=search_term_string"}],"inLanguage":"de-DE"},{"@type":"WebPage","@id":"https:\/\/www.cretabeach.com\/de\/?page_id=6256#webpage","url":"https:\/\/www.cretabeach.com\/de\/?page_id=6256","name":"Restaurant Onir\u00f3kipos - Civitel Creta Beach","isPartOf":{"@id":"https:\/\/www.cretabeach.com\/#website"},"datePublished":"2024-04-04T06:47:59+00:00","dateModified":"2026-02-05T14:27:08+00:00","breadcrumb":{"@id":"https:\/\/www.cretabeach.com\/de\/?page_id=6256#breadcrumb"},"inLanguage":"de-DE","potentialAction":[{"@type":"ReadAction","target":["https:\/\/www.cretabeach.com\/de\/?page_id=6256"]}]},{"@type":"BreadcrumbList","@id":"https:\/\/www.cretabeach.com\/de\/?page_id=6256#breadcrumb","itemListElement":[{"@type":"ListItem","position":1,"name":"Home","item":"https:\/\/www.cretabeach.com\/de\/"},{"@type":"ListItem","position":2,"name":"Onir\u00f3kipos Restaurant"}]}]}},"_links":{"self":[{"href":"https:\/\/www.cretabeach.com\/de\/wp-json\/wp\/v2\/pages\/6256"}],"collection":[{"href":"https:\/\/www.cretabeach.com\/de\/wp-json\/wp\/v2\/pages"}],"about":[{"href":"https:\/\/www.cretabeach.com\/de\/wp-json\/wp\/v2\/types\/page"}],"author":[{"embeddable":true,"href":"https:\/\/www.cretabeach.com\/de\/wp-json\/wp\/v2\/users\/10"}],"replies":[{"embeddable":true,"href":"https:\/\/www.cretabeach.com\/de\/wp-json\/wp\/v2\/comments?post=6256"}],"version-history":[{"count":12,"href":"https:\/\/www.cretabeach.com\/de\/wp-json\/wp\/v2\/pages\/6256\/revisions"}],"predecessor-version":[{"id":10435,"href":"https:\/\/www.cretabeach.com\/de\/wp-json\/wp\/v2\/pages\/6256\/revisions\/10435"}],"wp:attachment":[{"href":"https:\/\/www.cretabeach.com\/de\/wp-json\/wp\/v2\/media?parent=6256"}],"curies":[{"name":"wp","href":"https:\/\/api.w.org\/{rel}","templated":true}]}}