{"id":6322,"date":"2024-04-04T06:52:57","date_gmt":"2024-04-04T06:52:57","guid":{"rendered":"https:\/\/www.cretabeach.com\/?page_id=6322"},"modified":"2026-02-05T14:27:47","modified_gmt":"2026-02-05T14:27:47","slug":"pool-snackbar-iliogiom%ce%bf","status":"publish","type":"page","link":"https:\/\/www.cretabeach.com\/de\/pool-snackbar-iliogiom%ce%bf\/","title":{"rendered":"Pool Snackbar Ili\u00f3giom\u03bf"},"content":{"rendered":"<p>Die Snackbar Ili\u00f3giom\u03bf befindet sich im Zentrum des Poolbereichs, um Sie zu bedienen, wenn Sie das erfrischende Wasser des Schwimmbeckens oder die Sonne genie\u00dfen. Mit ihrem entspannten Rhythmus und ihrer malerischen Umgebung ist die Snackbar unseres Pools der Bezugspunkt in Ihrem Urlaub und bietet Ihnen eine perfekte Kombination aus Entspannung und Erholung.<\/p>\n<p>Mit wundervoller Aussicht, bequemen Liegest\u00fchlen und schattigen Stellen ist die Bar an unserem Pool der ideale Ort, um sich vom Schwimmen auszuruhen, zu lesen oder einfach nur den entspannten Rhythmus Ihres Urlaubs am Pool zu genie\u00dfen. Unser freundliches und hilfsbereites Personal steht Ihnen jederzeit zur Verf\u00fcgung, damit Sie jeden Moment genie\u00dfen k\u00f6nnen.<\/p>\n<p>Von frisch gepressten S\u00e4ften und exotischen Cocktails bis zu eiskalten Biersorten wurde unsere Liste so konzipiert, dass die Angebote Ihnen Erfrischung spenden, w\u00e4hrend Sie die Sonne genie\u00dfen. Als Erg\u00e4nzung bietet Ili\u00f3giom\u03bf eine Auswahl an Snacks und leichten Gerichten, die an das Essen neben dem Pool angepasst sind. Egal, ob Sie einen knackigen Salat, ein leckeres Sandwich oder ein warmes Omelett w\u00fcnschen, Sie finden sicher in unserem Men\u00fc das, was Ihnen zusagt, ohne schwer im Magen zu liegen. Zubereitet mit frischen, hochwertigen Zutaten, ist jedes Gericht ein Beweis f\u00fcr unser Engagement f\u00fcr Geschmack und gesunde Ern\u00e4hrung.<\/p>\n","protected":false},"excerpt":{"rendered":"<p>Die Snackbar Ili\u00f3giom\u03bf befindet sich im Zentrum des Poolbereichs, um Sie zu bedienen, wenn Sie das erfrischende Wasser des Schwimmbeckens oder die Sonne genie\u00dfen. Mit ihrem entspannten Rhythmus und ihrer malerischen Umgebung ist die Snackbar unseres Pools der Bezugspunkt in Ihrem Urlaub und bietet Ihnen eine perfekte Kombination aus Entspannung und Erholung. Mit wundervoller Aussicht, [&hellip;]<\/p>\n","protected":false},"author":10,"featured_media":0,"parent":0,"menu_order":21,"comment_status":"closed","ping_status":"closed","template":"templates\/template-single.php","meta":[],"acf":[],"yoast_head":"<!-- This site is optimized with the Yoast SEO plugin v17.7 - https:\/\/yoast.com\/wordpress\/plugins\/seo\/ -->\n<meta name=\"robots\" content=\"index, follow, max-snippet:-1, max-image-preview:large, max-video-preview:-1\" \/>\n<link rel=\"canonical\" href=\"https:\/\/www.cretabeach.com\/de\/?page_id=6322\" \/>\n<meta property=\"og:locale\" content=\"de_DE\" \/>\n<meta property=\"og:type\" content=\"article\" \/>\n<meta property=\"og:title\" content=\"Pool Snackbar Ili\u00f3giom\u03bf - Civitel Creta Beach\" \/>\n<meta property=\"og:description\" content=\"Die Snackbar Ili\u00f3giom\u03bf befindet sich im Zentrum des Poolbereichs, um Sie zu bedienen, wenn Sie das erfrischende Wasser des Schwimmbeckens oder die Sonne genie\u00dfen. Mit ihrem entspannten Rhythmus und ihrer malerischen Umgebung ist die Snackbar unseres Pools der Bezugspunkt in Ihrem Urlaub und bietet Ihnen eine perfekte Kombination aus Entspannung und Erholung. Mit wundervoller Aussicht, [&hellip;]\" \/>\n<meta property=\"og:url\" content=\"https:\/\/www.cretabeach.com\/de\/?page_id=6322\" \/>\n<meta property=\"og:site_name\" content=\"Civitel Creta Beach\" \/>\n<meta property=\"article:publisher\" content=\"https:\/\/www.facebook.com\/CretaBeachHotel\" \/>\n<meta property=\"article:modified_time\" content=\"2026-02-05T14:27:47+00:00\" \/>\n<meta name=\"twitter:card\" content=\"summary_large_image\" \/>\n<meta name=\"twitter:label1\" content=\"Est. reading time\" \/>\n\t<meta name=\"twitter:data1\" content=\"1 Minute\" \/>\n<script type=\"application\/ld+json\" class=\"yoast-schema-graph\">{\"@context\":\"https:\/\/schema.org\",\"@graph\":[{\"@type\":\"Organization\",\"@id\":\"https:\/\/www.cretabeach.com\/#organization\",\"name\":\"Civitel Creta Beach\",\"url\":\"https:\/\/www.cretabeach.com\/\",\"sameAs\":[\"https:\/\/www.facebook.com\/CretaBeachHotel\",\"https:\/\/www.instagram.com\/civitelcretabeach\/\"],\"logo\":{\"@type\":\"ImageObject\",\"@id\":\"https:\/\/www.cretabeach.com\/#logo\",\"inLanguage\":\"de-DE\",\"url\":\"https:\/\/www.cretabeach.com\/wp-content\/uploads\/sites\/32\/2020\/10\/creta_beach_logo_new-01.svg\",\"contentUrl\":\"https:\/\/www.cretabeach.com\/wp-content\/uploads\/sites\/32\/2020\/10\/creta_beach_logo_new-01.svg\",\"width\":187,\"height\":102,\"caption\":\"Civitel Creta Beach\"},\"image\":{\"@id\":\"https:\/\/www.cretabeach.com\/#logo\"}},{\"@type\":\"WebSite\",\"@id\":\"https:\/\/www.cretabeach.com\/#website\",\"url\":\"https:\/\/www.cretabeach.com\/\",\"name\":\"Civitel Creta Beach\",\"description\":\"The best of seaside and the city\",\"publisher\":{\"@id\":\"https:\/\/www.cretabeach.com\/#organization\"},\"potentialAction\":[{\"@type\":\"SearchAction\",\"target\":{\"@type\":\"EntryPoint\",\"urlTemplate\":\"https:\/\/www.cretabeach.com\/?s={search_term_string}\"},\"query-input\":\"required name=search_term_string\"}],\"inLanguage\":\"de-DE\"},{\"@type\":\"WebPage\",\"@id\":\"https:\/\/www.cretabeach.com\/de\/?page_id=6322#webpage\",\"url\":\"https:\/\/www.cretabeach.com\/de\/?page_id=6322\",\"name\":\"Pool Snackbar Ili\\u00f3giom\\u03bf - Civitel Creta Beach\",\"isPartOf\":{\"@id\":\"https:\/\/www.cretabeach.com\/#website\"},\"datePublished\":\"2024-04-04T06:52:57+00:00\",\"dateModified\":\"2026-02-05T14:27:47+00:00\",\"breadcrumb\":{\"@id\":\"https:\/\/www.cretabeach.com\/de\/?page_id=6322#breadcrumb\"},\"inLanguage\":\"de-DE\",\"potentialAction\":[{\"@type\":\"ReadAction\",\"target\":[\"https:\/\/www.cretabeach.com\/de\/?page_id=6322\"]}]},{\"@type\":\"BreadcrumbList\",\"@id\":\"https:\/\/www.cretabeach.com\/de\/?page_id=6322#breadcrumb\",\"itemListElement\":[{\"@type\":\"ListItem\",\"position\":1,\"name\":\"Home\",\"item\":\"https:\/\/www.cretabeach.com\/de\/\"},{\"@type\":\"ListItem\",\"position\":2,\"name\":\"Ili\\u00f3giom\\u03bf Pool Snack Bar\"}]}]}<\/script>\n<!-- \/ Yoast SEO plugin. -->","yoast_head_json":{"robots":{"index":"index","follow":"follow","max-snippet":"max-snippet:-1","max-image-preview":"max-image-preview:large","max-video-preview":"max-video-preview:-1"},"canonical":"https:\/\/www.cretabeach.com\/de\/?page_id=6322","og_locale":"de_DE","og_type":"article","og_title":"Pool Snackbar Ili\u00f3giom\u03bf - Civitel Creta Beach","og_description":"Die Snackbar Ili\u00f3giom\u03bf befindet sich im Zentrum des Poolbereichs, um Sie zu bedienen, wenn Sie das erfrischende Wasser des Schwimmbeckens oder die Sonne genie\u00dfen. Mit ihrem entspannten Rhythmus und ihrer malerischen Umgebung ist die Snackbar unseres Pools der Bezugspunkt in Ihrem Urlaub und bietet Ihnen eine perfekte Kombination aus Entspannung und Erholung. Mit wundervoller Aussicht, [&hellip;]","og_url":"https:\/\/www.cretabeach.com\/de\/?page_id=6322","og_site_name":"Civitel Creta Beach","article_publisher":"https:\/\/www.facebook.com\/CretaBeachHotel","article_modified_time":"2026-02-05T14:27:47+00:00","twitter_card":"summary_large_image","twitter_misc":{"Est. reading time":"1 Minute"},"schema":{"@context":"https:\/\/schema.org","@graph":[{"@type":"Organization","@id":"https:\/\/www.cretabeach.com\/#organization","name":"Civitel Creta Beach","url":"https:\/\/www.cretabeach.com\/","sameAs":["https:\/\/www.facebook.com\/CretaBeachHotel","https:\/\/www.instagram.com\/civitelcretabeach\/"],"logo":{"@type":"ImageObject","@id":"https:\/\/www.cretabeach.com\/#logo","inLanguage":"de-DE","url":"https:\/\/www.cretabeach.com\/wp-content\/uploads\/sites\/32\/2020\/10\/creta_beach_logo_new-01.svg","contentUrl":"https:\/\/www.cretabeach.com\/wp-content\/uploads\/sites\/32\/2020\/10\/creta_beach_logo_new-01.svg","width":187,"height":102,"caption":"Civitel Creta Beach"},"image":{"@id":"https:\/\/www.cretabeach.com\/#logo"}},{"@type":"WebSite","@id":"https:\/\/www.cretabeach.com\/#website","url":"https:\/\/www.cretabeach.com\/","name":"Civitel Creta Beach","description":"The best of seaside and the city","publisher":{"@id":"https:\/\/www.cretabeach.com\/#organization"},"potentialAction":[{"@type":"SearchAction","target":{"@type":"EntryPoint","urlTemplate":"https:\/\/www.cretabeach.com\/?s={search_term_string}"},"query-input":"required name=search_term_string"}],"inLanguage":"de-DE"},{"@type":"WebPage","@id":"https:\/\/www.cretabeach.com\/de\/?page_id=6322#webpage","url":"https:\/\/www.cretabeach.com\/de\/?page_id=6322","name":"Pool Snackbar Ili\u00f3giom\u03bf - Civitel Creta Beach","isPartOf":{"@id":"https:\/\/www.cretabeach.com\/#website"},"datePublished":"2024-04-04T06:52:57+00:00","dateModified":"2026-02-05T14:27:47+00:00","breadcrumb":{"@id":"https:\/\/www.cretabeach.com\/de\/?page_id=6322#breadcrumb"},"inLanguage":"de-DE","potentialAction":[{"@type":"ReadAction","target":["https:\/\/www.cretabeach.com\/de\/?page_id=6322"]}]},{"@type":"BreadcrumbList","@id":"https:\/\/www.cretabeach.com\/de\/?page_id=6322#breadcrumb","itemListElement":[{"@type":"ListItem","position":1,"name":"Home","item":"https:\/\/www.cretabeach.com\/de\/"},{"@type":"ListItem","position":2,"name":"Ili\u00f3giom\u03bf Pool Snack Bar"}]}]}},"_links":{"self":[{"href":"https:\/\/www.cretabeach.com\/de\/wp-json\/wp\/v2\/pages\/6322"}],"collection":[{"href":"https:\/\/www.cretabeach.com\/de\/wp-json\/wp\/v2\/pages"}],"about":[{"href":"https:\/\/www.cretabeach.com\/de\/wp-json\/wp\/v2\/types\/page"}],"author":[{"embeddable":true,"href":"https:\/\/www.cretabeach.com\/de\/wp-json\/wp\/v2\/users\/10"}],"replies":[{"embeddable":true,"href":"https:\/\/www.cretabeach.com\/de\/wp-json\/wp\/v2\/comments?post=6322"}],"version-history":[{"count":7,"href":"https:\/\/www.cretabeach.com\/de\/wp-json\/wp\/v2\/pages\/6322\/revisions"}],"predecessor-version":[{"id":10436,"href":"https:\/\/www.cretabeach.com\/de\/wp-json\/wp\/v2\/pages\/6322\/revisions\/10436"}],"wp:attachment":[{"href":"https:\/\/www.cretabeach.com\/de\/wp-json\/wp\/v2\/media?parent=6322"}],"curies":[{"name":"wp","href":"https:\/\/api.w.org\/{rel}","templated":true}]}}