{"id":6343,"date":"2024-04-04T06:55:15","date_gmt":"2024-04-04T06:55:15","guid":{"rendered":"https:\/\/www.cretabeach.com\/?page_id=6343"},"modified":"2026-02-05T14:31:15","modified_gmt":"2026-02-05T14:31:15","slug":"bar-fengaropioto","status":"publish","type":"page","link":"https:\/\/www.cretabeach.com\/de\/bar-fengaropioto\/","title":{"rendered":"Bar Fengar\u00f3pioto"},"content":{"rendered":"<p>\u00dcber der K\u00fcste gelegen ist Fengar\u00f3pioto mehr als eine einfache Bar \u2013 es ist der Ort, wo die zauberhafte Aussicht auf das Meer den Hintergrund f\u00fcr unvergessliche Abende bildet. Als popul\u00e4rster Bezugspunkt unseres Hotels bietet Fengar\u00f3pioto seinen G\u00e4sten die einzigartige Gelegenheit, sich zu entspannen und ihr Drinks inmitten der unvergleichlichen Sch\u00f6nheit des Panoramablicks auf das Meer zu genie\u00dfen.<\/p>\n<p>Die Bar bietet eine gro\u00dfe Auswahl an Premium-Spirituosen, erlesenen Weinen und einzigartigen Cocktails, die alle sorgf\u00e4ltig zusammengestellt wurden, um selbst die anspruchsvollsten Geschm\u00e4cker zu befriedigen. Von den klassischen beliebten Drinks bis hin zu Signatur-Cocktails, die mit lokalen Aromen angereichert werden, ist jeder Schluck eine Einladung, sich der Kunst des Mixens hinzugeben.<\/p>\n<p>Es gibt keinen besseren Ort als Fengar\u00f3pioto, um den Zauber des Sonnenuntergangs zu beobachten. W\u00e4hrend der Tag der Nacht weicht, genie\u00dfen Sie den Anblick des Himmels, der sich in orange, rosa und lila Farbt\u00f6ne f\u00e4rbt und sich im ruhigen Meer widerspiegelt. Bleiben Sie, bis die Sterne aufgehen, und verwandeln Sie Ihren Abend in ein gl\u00e4nzendes Fest unter dem Nachthimmel. Egal, ob Sie auf einen besonderen Anlass ansto\u00dfen m\u00f6chten, nach einem abenteuerreichen Tag eine ruhige Stelle zum Entspannen suchen oder einfach nur an einem Ort sein m\u00f6chten, an dem Getr\u00e4nke und die Natursch\u00f6nheit Ihre Unterhaltungen begleiten, Fengar\u00f3pioto hei\u00dft Sie willkommen.<\/p>\n","protected":false},"excerpt":{"rendered":"<p>\u00dcber der K\u00fcste gelegen ist Fengar\u00f3pioto mehr als eine einfache Bar \u2013 es ist der Ort, wo die zauberhafte Aussicht auf das Meer den Hintergrund f\u00fcr unvergessliche Abende bildet. Als popul\u00e4rster Bezugspunkt unseres Hotels bietet Fengar\u00f3pioto seinen G\u00e4sten die einzigartige Gelegenheit, sich zu entspannen und ihr Drinks inmitten der unvergleichlichen Sch\u00f6nheit des Panoramablicks auf das [&hellip;]<\/p>\n","protected":false},"author":10,"featured_media":0,"parent":0,"menu_order":36,"comment_status":"closed","ping_status":"closed","template":"templates\/template-single.php","meta":[],"acf":[],"yoast_head":"<!-- This site is optimized with the Yoast SEO plugin v17.7 - https:\/\/yoast.com\/wordpress\/plugins\/seo\/ -->\n<meta name=\"robots\" content=\"index, follow, max-snippet:-1, max-image-preview:large, max-video-preview:-1\" \/>\n<link rel=\"canonical\" href=\"https:\/\/www.cretabeach.com\/de\/?page_id=6343\" \/>\n<meta property=\"og:locale\" content=\"de_DE\" \/>\n<meta property=\"og:type\" content=\"article\" \/>\n<meta property=\"og:title\" content=\"Bar Fengar\u00f3pioto - Civitel Creta Beach\" \/>\n<meta property=\"og:description\" content=\"\u00dcber der K\u00fcste gelegen ist Fengar\u00f3pioto mehr als eine einfache Bar \u2013 es ist der Ort, wo die zauberhafte Aussicht auf das Meer den Hintergrund f\u00fcr unvergessliche Abende bildet. Als popul\u00e4rster Bezugspunkt unseres Hotels bietet Fengar\u00f3pioto seinen G\u00e4sten die einzigartige Gelegenheit, sich zu entspannen und ihr Drinks inmitten der unvergleichlichen Sch\u00f6nheit des Panoramablicks auf das [&hellip;]\" \/>\n<meta property=\"og:url\" content=\"https:\/\/www.cretabeach.com\/de\/?page_id=6343\" \/>\n<meta property=\"og:site_name\" content=\"Civitel Creta Beach\" \/>\n<meta property=\"article:publisher\" content=\"https:\/\/www.facebook.com\/CretaBeachHotel\" \/>\n<meta property=\"article:modified_time\" content=\"2026-02-05T14:31:15+00:00\" \/>\n<meta name=\"twitter:card\" content=\"summary_large_image\" \/>\n<meta name=\"twitter:label1\" content=\"Est. reading time\" \/>\n\t<meta name=\"twitter:data1\" content=\"1 Minute\" \/>\n<script type=\"application\/ld+json\" class=\"yoast-schema-graph\">{\"@context\":\"https:\/\/schema.org\",\"@graph\":[{\"@type\":\"Organization\",\"@id\":\"https:\/\/www.cretabeach.com\/#organization\",\"name\":\"Civitel Creta Beach\",\"url\":\"https:\/\/www.cretabeach.com\/\",\"sameAs\":[\"https:\/\/www.facebook.com\/CretaBeachHotel\",\"https:\/\/www.instagram.com\/civitelcretabeach\/\"],\"logo\":{\"@type\":\"ImageObject\",\"@id\":\"https:\/\/www.cretabeach.com\/#logo\",\"inLanguage\":\"de-DE\",\"url\":\"https:\/\/www.cretabeach.com\/wp-content\/uploads\/sites\/32\/2020\/10\/creta_beach_logo_new-01.svg\",\"contentUrl\":\"https:\/\/www.cretabeach.com\/wp-content\/uploads\/sites\/32\/2020\/10\/creta_beach_logo_new-01.svg\",\"width\":187,\"height\":102,\"caption\":\"Civitel Creta Beach\"},\"image\":{\"@id\":\"https:\/\/www.cretabeach.com\/#logo\"}},{\"@type\":\"WebSite\",\"@id\":\"https:\/\/www.cretabeach.com\/#website\",\"url\":\"https:\/\/www.cretabeach.com\/\",\"name\":\"Civitel Creta Beach\",\"description\":\"The best of seaside and the city\",\"publisher\":{\"@id\":\"https:\/\/www.cretabeach.com\/#organization\"},\"potentialAction\":[{\"@type\":\"SearchAction\",\"target\":{\"@type\":\"EntryPoint\",\"urlTemplate\":\"https:\/\/www.cretabeach.com\/?s={search_term_string}\"},\"query-input\":\"required name=search_term_string\"}],\"inLanguage\":\"de-DE\"},{\"@type\":\"WebPage\",\"@id\":\"https:\/\/www.cretabeach.com\/de\/?page_id=6343#webpage\",\"url\":\"https:\/\/www.cretabeach.com\/de\/?page_id=6343\",\"name\":\"Bar Fengar\\u00f3pioto - Civitel Creta Beach\",\"isPartOf\":{\"@id\":\"https:\/\/www.cretabeach.com\/#website\"},\"datePublished\":\"2024-04-04T06:55:15+00:00\",\"dateModified\":\"2026-02-05T14:31:15+00:00\",\"breadcrumb\":{\"@id\":\"https:\/\/www.cretabeach.com\/de\/?page_id=6343#breadcrumb\"},\"inLanguage\":\"de-DE\",\"potentialAction\":[{\"@type\":\"ReadAction\",\"target\":[\"https:\/\/www.cretabeach.com\/de\/?page_id=6343\"]}]},{\"@type\":\"BreadcrumbList\",\"@id\":\"https:\/\/www.cretabeach.com\/de\/?page_id=6343#breadcrumb\",\"itemListElement\":[{\"@type\":\"ListItem\",\"position\":1,\"name\":\"Home\",\"item\":\"https:\/\/www.cretabeach.com\/de\/\"},{\"@type\":\"ListItem\",\"position\":2,\"name\":\"Fengar\\u00f3pioto Bar\"}]}]}<\/script>\n<!-- \/ Yoast SEO plugin. -->","yoast_head_json":{"robots":{"index":"index","follow":"follow","max-snippet":"max-snippet:-1","max-image-preview":"max-image-preview:large","max-video-preview":"max-video-preview:-1"},"canonical":"https:\/\/www.cretabeach.com\/de\/?page_id=6343","og_locale":"de_DE","og_type":"article","og_title":"Bar Fengar\u00f3pioto - Civitel Creta Beach","og_description":"\u00dcber der K\u00fcste gelegen ist Fengar\u00f3pioto mehr als eine einfache Bar \u2013 es ist der Ort, wo die zauberhafte Aussicht auf das Meer den Hintergrund f\u00fcr unvergessliche Abende bildet. Als popul\u00e4rster Bezugspunkt unseres Hotels bietet Fengar\u00f3pioto seinen G\u00e4sten die einzigartige Gelegenheit, sich zu entspannen und ihr Drinks inmitten der unvergleichlichen Sch\u00f6nheit des Panoramablicks auf das [&hellip;]","og_url":"https:\/\/www.cretabeach.com\/de\/?page_id=6343","og_site_name":"Civitel Creta Beach","article_publisher":"https:\/\/www.facebook.com\/CretaBeachHotel","article_modified_time":"2026-02-05T14:31:15+00:00","twitter_card":"summary_large_image","twitter_misc":{"Est. reading time":"1 Minute"},"schema":{"@context":"https:\/\/schema.org","@graph":[{"@type":"Organization","@id":"https:\/\/www.cretabeach.com\/#organization","name":"Civitel Creta Beach","url":"https:\/\/www.cretabeach.com\/","sameAs":["https:\/\/www.facebook.com\/CretaBeachHotel","https:\/\/www.instagram.com\/civitelcretabeach\/"],"logo":{"@type":"ImageObject","@id":"https:\/\/www.cretabeach.com\/#logo","inLanguage":"de-DE","url":"https:\/\/www.cretabeach.com\/wp-content\/uploads\/sites\/32\/2020\/10\/creta_beach_logo_new-01.svg","contentUrl":"https:\/\/www.cretabeach.com\/wp-content\/uploads\/sites\/32\/2020\/10\/creta_beach_logo_new-01.svg","width":187,"height":102,"caption":"Civitel Creta Beach"},"image":{"@id":"https:\/\/www.cretabeach.com\/#logo"}},{"@type":"WebSite","@id":"https:\/\/www.cretabeach.com\/#website","url":"https:\/\/www.cretabeach.com\/","name":"Civitel Creta Beach","description":"The best of seaside and the city","publisher":{"@id":"https:\/\/www.cretabeach.com\/#organization"},"potentialAction":[{"@type":"SearchAction","target":{"@type":"EntryPoint","urlTemplate":"https:\/\/www.cretabeach.com\/?s={search_term_string}"},"query-input":"required name=search_term_string"}],"inLanguage":"de-DE"},{"@type":"WebPage","@id":"https:\/\/www.cretabeach.com\/de\/?page_id=6343#webpage","url":"https:\/\/www.cretabeach.com\/de\/?page_id=6343","name":"Bar Fengar\u00f3pioto - Civitel Creta Beach","isPartOf":{"@id":"https:\/\/www.cretabeach.com\/#website"},"datePublished":"2024-04-04T06:55:15+00:00","dateModified":"2026-02-05T14:31:15+00:00","breadcrumb":{"@id":"https:\/\/www.cretabeach.com\/de\/?page_id=6343#breadcrumb"},"inLanguage":"de-DE","potentialAction":[{"@type":"ReadAction","target":["https:\/\/www.cretabeach.com\/de\/?page_id=6343"]}]},{"@type":"BreadcrumbList","@id":"https:\/\/www.cretabeach.com\/de\/?page_id=6343#breadcrumb","itemListElement":[{"@type":"ListItem","position":1,"name":"Home","item":"https:\/\/www.cretabeach.com\/de\/"},{"@type":"ListItem","position":2,"name":"Fengar\u00f3pioto Bar"}]}]}},"_links":{"self":[{"href":"https:\/\/www.cretabeach.com\/de\/wp-json\/wp\/v2\/pages\/6343"}],"collection":[{"href":"https:\/\/www.cretabeach.com\/de\/wp-json\/wp\/v2\/pages"}],"about":[{"href":"https:\/\/www.cretabeach.com\/de\/wp-json\/wp\/v2\/types\/page"}],"author":[{"embeddable":true,"href":"https:\/\/www.cretabeach.com\/de\/wp-json\/wp\/v2\/users\/10"}],"replies":[{"embeddable":true,"href":"https:\/\/www.cretabeach.com\/de\/wp-json\/wp\/v2\/comments?post=6343"}],"version-history":[{"count":8,"href":"https:\/\/www.cretabeach.com\/de\/wp-json\/wp\/v2\/pages\/6343\/revisions"}],"predecessor-version":[{"id":10438,"href":"https:\/\/www.cretabeach.com\/de\/wp-json\/wp\/v2\/pages\/6343\/revisions\/10438"}],"wp:attachment":[{"href":"https:\/\/www.cretabeach.com\/de\/wp-json\/wp\/v2\/media?parent=6343"}],"curies":[{"name":"wp","href":"https:\/\/api.w.org\/{rel}","templated":true}]}}