{"id":9247,"date":"2025-05-26T08:48:42","date_gmt":"2025-05-26T08:48:42","guid":{"rendered":"https:\/\/www.cretabeach.com\/?page_id=9247"},"modified":"2026-02-05T14:28:51","modified_gmt":"2026-02-05T14:28:51","slug":"meze-by-iliogiom%ce%bf","status":"publish","type":"page","link":"https:\/\/www.cretabeach.com\/de\/meze-by-iliogiom%ce%bf\/","title":{"rendered":"Mez\u00e9 by Ili\u00f3giom\u03bf"},"content":{"rendered":"<p>Wenn die Sonne \u00fcber dem Civitel Creta Beach untergeht, erwacht das <strong>Mez\u00e9 by Ili\u00f3giom\u03bf<\/strong> zum Leben &#8211; unser einladendes Restaurant, das ausschlie\u00dflich abends ge\u00f6ffnet ist. In einer entspannten Umgebung unter dem Sternenhimmel zelebriert dieses einzigartige Speiseerlebnis das Herz der griechischen Gastfreundschaft durch einen lebendigen Wandteppich gemeinsamer Gerichte, bekannt als Mez\u00e9. Hier erz\u00e4hlt jeder Teller eine Geschichte &#8211; von lokalen Zutaten, altehrw\u00fcrdigen Rezepten und der mediterranen Art, das Essen gemeinsam zu genie\u00dfen. Genie\u00dfen Sie eine Reihe von schmackhaften H\u00e4ppchen, die alle mit Sorgfalt zubereitet werden und im kretischen kulinarischen Erbe verwurzelt sind. Lassen Sie den Abend bei gutem Essen, warmem Ambiente und einem Hauch von Nostalgie ausklingen &#8211; erg\u00e4nzt durch ein Glas Wein, Ouzo oder Raki aus der Region. <strong>Mez\u00e9 by Ili\u00f3giom\u03bf<\/strong> ist nicht nur ein Abendessen, sondern eine geschmackvolle Hommage an Kreta.<\/p>\n","protected":false},"excerpt":{"rendered":"<p>Wenn die Sonne \u00fcber dem Civitel Creta Beach untergeht, erwacht das Mez\u00e9 by Ili\u00f3giom\u03bf zum Leben &#8211; unser einladendes Restaurant, das ausschlie\u00dflich abends ge\u00f6ffnet ist. In einer entspannten Umgebung unter dem Sternenhimmel zelebriert dieses einzigartige Speiseerlebnis das Herz der griechischen Gastfreundschaft durch einen lebendigen Wandteppich gemeinsamer Gerichte, bekannt als Mez\u00e9. Hier erz\u00e4hlt jeder Teller eine [&hellip;]<\/p>\n","protected":false},"author":13,"featured_media":0,"parent":0,"menu_order":25,"comment_status":"closed","ping_status":"closed","template":"templates\/template-single.php","meta":[],"acf":[],"yoast_head":"<!-- This site is optimized with the Yoast SEO plugin v17.7 - https:\/\/yoast.com\/wordpress\/plugins\/seo\/ -->\n<meta name=\"robots\" content=\"index, follow, max-snippet:-1, max-image-preview:large, max-video-preview:-1\" \/>\n<link rel=\"canonical\" href=\"https:\/\/www.cretabeach.com\/de\/?page_id=9247\" \/>\n<meta property=\"og:locale\" content=\"de_DE\" \/>\n<meta property=\"og:type\" content=\"article\" \/>\n<meta property=\"og:title\" content=\"Mez\u00e9 by Ili\u00f3giom\u03bf - Civitel Creta Beach\" \/>\n<meta property=\"og:description\" content=\"Wenn die Sonne \u00fcber dem Civitel Creta Beach untergeht, erwacht das Mez\u00e9 by Ili\u00f3giom\u03bf zum Leben &#8211; unser einladendes Restaurant, das ausschlie\u00dflich abends ge\u00f6ffnet ist. In einer entspannten Umgebung unter dem Sternenhimmel zelebriert dieses einzigartige Speiseerlebnis das Herz der griechischen Gastfreundschaft durch einen lebendigen Wandteppich gemeinsamer Gerichte, bekannt als Mez\u00e9. Hier erz\u00e4hlt jeder Teller eine [&hellip;]\" \/>\n<meta property=\"og:url\" content=\"https:\/\/www.cretabeach.com\/de\/?page_id=9247\" \/>\n<meta property=\"og:site_name\" content=\"Civitel Creta Beach\" \/>\n<meta property=\"article:publisher\" content=\"https:\/\/www.facebook.com\/CretaBeachHotel\" \/>\n<meta property=\"article:modified_time\" content=\"2026-02-05T14:28:51+00:00\" \/>\n<meta name=\"twitter:card\" content=\"summary_large_image\" \/>\n<meta name=\"twitter:label1\" content=\"Est. reading time\" \/>\n\t<meta name=\"twitter:data1\" content=\"1 Minute\" \/>\n<script type=\"application\/ld+json\" class=\"yoast-schema-graph\">{\"@context\":\"https:\/\/schema.org\",\"@graph\":[{\"@type\":\"Organization\",\"@id\":\"https:\/\/www.cretabeach.com\/#organization\",\"name\":\"Civitel Creta Beach\",\"url\":\"https:\/\/www.cretabeach.com\/\",\"sameAs\":[\"https:\/\/www.facebook.com\/CretaBeachHotel\",\"https:\/\/www.instagram.com\/civitelcretabeach\/\"],\"logo\":{\"@type\":\"ImageObject\",\"@id\":\"https:\/\/www.cretabeach.com\/#logo\",\"inLanguage\":\"de-DE\",\"url\":\"https:\/\/www.cretabeach.com\/wp-content\/uploads\/sites\/32\/2020\/10\/creta_beach_logo_new-01.svg\",\"contentUrl\":\"https:\/\/www.cretabeach.com\/wp-content\/uploads\/sites\/32\/2020\/10\/creta_beach_logo_new-01.svg\",\"width\":187,\"height\":102,\"caption\":\"Civitel Creta Beach\"},\"image\":{\"@id\":\"https:\/\/www.cretabeach.com\/#logo\"}},{\"@type\":\"WebSite\",\"@id\":\"https:\/\/www.cretabeach.com\/#website\",\"url\":\"https:\/\/www.cretabeach.com\/\",\"name\":\"Civitel Creta Beach\",\"description\":\"The best of seaside and the city\",\"publisher\":{\"@id\":\"https:\/\/www.cretabeach.com\/#organization\"},\"potentialAction\":[{\"@type\":\"SearchAction\",\"target\":{\"@type\":\"EntryPoint\",\"urlTemplate\":\"https:\/\/www.cretabeach.com\/?s={search_term_string}\"},\"query-input\":\"required name=search_term_string\"}],\"inLanguage\":\"de-DE\"},{\"@type\":\"WebPage\",\"@id\":\"https:\/\/www.cretabeach.com\/de\/?page_id=9247#webpage\",\"url\":\"https:\/\/www.cretabeach.com\/de\/?page_id=9247\",\"name\":\"Mez\\u00e9 by Ili\\u00f3giom\\u03bf - Civitel Creta Beach\",\"isPartOf\":{\"@id\":\"https:\/\/www.cretabeach.com\/#website\"},\"datePublished\":\"2025-05-26T08:48:42+00:00\",\"dateModified\":\"2026-02-05T14:28:51+00:00\",\"breadcrumb\":{\"@id\":\"https:\/\/www.cretabeach.com\/de\/?page_id=9247#breadcrumb\"},\"inLanguage\":\"de-DE\",\"potentialAction\":[{\"@type\":\"ReadAction\",\"target\":[\"https:\/\/www.cretabeach.com\/de\/?page_id=9247\"]}]},{\"@type\":\"BreadcrumbList\",\"@id\":\"https:\/\/www.cretabeach.com\/de\/?page_id=9247#breadcrumb\",\"itemListElement\":[{\"@type\":\"ListItem\",\"position\":1,\"name\":\"Home\",\"item\":\"https:\/\/www.cretabeach.com\/de\/\"},{\"@type\":\"ListItem\",\"position\":2,\"name\":\"Pool Snackbar Ili\\u00f3giom\\u03bf\"}]}]}<\/script>\n<!-- \/ Yoast SEO plugin. -->","yoast_head_json":{"robots":{"index":"index","follow":"follow","max-snippet":"max-snippet:-1","max-image-preview":"max-image-preview:large","max-video-preview":"max-video-preview:-1"},"canonical":"https:\/\/www.cretabeach.com\/de\/?page_id=9247","og_locale":"de_DE","og_type":"article","og_title":"Mez\u00e9 by Ili\u00f3giom\u03bf - Civitel Creta Beach","og_description":"Wenn die Sonne \u00fcber dem Civitel Creta Beach untergeht, erwacht das Mez\u00e9 by Ili\u00f3giom\u03bf zum Leben &#8211; unser einladendes Restaurant, das ausschlie\u00dflich abends ge\u00f6ffnet ist. In einer entspannten Umgebung unter dem Sternenhimmel zelebriert dieses einzigartige Speiseerlebnis das Herz der griechischen Gastfreundschaft durch einen lebendigen Wandteppich gemeinsamer Gerichte, bekannt als Mez\u00e9. Hier erz\u00e4hlt jeder Teller eine [&hellip;]","og_url":"https:\/\/www.cretabeach.com\/de\/?page_id=9247","og_site_name":"Civitel Creta Beach","article_publisher":"https:\/\/www.facebook.com\/CretaBeachHotel","article_modified_time":"2026-02-05T14:28:51+00:00","twitter_card":"summary_large_image","twitter_misc":{"Est. reading time":"1 Minute"},"schema":{"@context":"https:\/\/schema.org","@graph":[{"@type":"Organization","@id":"https:\/\/www.cretabeach.com\/#organization","name":"Civitel Creta Beach","url":"https:\/\/www.cretabeach.com\/","sameAs":["https:\/\/www.facebook.com\/CretaBeachHotel","https:\/\/www.instagram.com\/civitelcretabeach\/"],"logo":{"@type":"ImageObject","@id":"https:\/\/www.cretabeach.com\/#logo","inLanguage":"de-DE","url":"https:\/\/www.cretabeach.com\/wp-content\/uploads\/sites\/32\/2020\/10\/creta_beach_logo_new-01.svg","contentUrl":"https:\/\/www.cretabeach.com\/wp-content\/uploads\/sites\/32\/2020\/10\/creta_beach_logo_new-01.svg","width":187,"height":102,"caption":"Civitel Creta Beach"},"image":{"@id":"https:\/\/www.cretabeach.com\/#logo"}},{"@type":"WebSite","@id":"https:\/\/www.cretabeach.com\/#website","url":"https:\/\/www.cretabeach.com\/","name":"Civitel Creta Beach","description":"The best of seaside and the city","publisher":{"@id":"https:\/\/www.cretabeach.com\/#organization"},"potentialAction":[{"@type":"SearchAction","target":{"@type":"EntryPoint","urlTemplate":"https:\/\/www.cretabeach.com\/?s={search_term_string}"},"query-input":"required name=search_term_string"}],"inLanguage":"de-DE"},{"@type":"WebPage","@id":"https:\/\/www.cretabeach.com\/de\/?page_id=9247#webpage","url":"https:\/\/www.cretabeach.com\/de\/?page_id=9247","name":"Mez\u00e9 by Ili\u00f3giom\u03bf - Civitel Creta Beach","isPartOf":{"@id":"https:\/\/www.cretabeach.com\/#website"},"datePublished":"2025-05-26T08:48:42+00:00","dateModified":"2026-02-05T14:28:51+00:00","breadcrumb":{"@id":"https:\/\/www.cretabeach.com\/de\/?page_id=9247#breadcrumb"},"inLanguage":"de-DE","potentialAction":[{"@type":"ReadAction","target":["https:\/\/www.cretabeach.com\/de\/?page_id=9247"]}]},{"@type":"BreadcrumbList","@id":"https:\/\/www.cretabeach.com\/de\/?page_id=9247#breadcrumb","itemListElement":[{"@type":"ListItem","position":1,"name":"Home","item":"https:\/\/www.cretabeach.com\/de\/"},{"@type":"ListItem","position":2,"name":"Pool Snackbar Ili\u00f3giom\u03bf"}]}]}},"_links":{"self":[{"href":"https:\/\/www.cretabeach.com\/de\/wp-json\/wp\/v2\/pages\/9247"}],"collection":[{"href":"https:\/\/www.cretabeach.com\/de\/wp-json\/wp\/v2\/pages"}],"about":[{"href":"https:\/\/www.cretabeach.com\/de\/wp-json\/wp\/v2\/types\/page"}],"author":[{"embeddable":true,"href":"https:\/\/www.cretabeach.com\/de\/wp-json\/wp\/v2\/users\/13"}],"replies":[{"embeddable":true,"href":"https:\/\/www.cretabeach.com\/de\/wp-json\/wp\/v2\/comments?post=9247"}],"version-history":[{"count":3,"href":"https:\/\/www.cretabeach.com\/de\/wp-json\/wp\/v2\/pages\/9247\/revisions"}],"predecessor-version":[{"id":10437,"href":"https:\/\/www.cretabeach.com\/de\/wp-json\/wp\/v2\/pages\/9247\/revisions\/10437"}],"wp:attachment":[{"href":"https:\/\/www.cretabeach.com\/de\/wp-json\/wp\/v2\/media?parent=9247"}],"curies":[{"name":"wp","href":"https:\/\/api.w.org\/{rel}","templated":true}]}}