{"id":1507,"date":"2020-12-01T14:53:18","date_gmt":"2020-12-01T14:53:18","guid":{"rendered":"https:\/\/www.cretabeach.com\/?page_id=1507"},"modified":"2020-12-01T14:53:18","modified_gmt":"2020-12-01T14:53:18","slug":"location","status":"publish","type":"page","link":"https:\/\/www.cretabeach.com\/es\/location\/","title":{"rendered":"Explorar"},"content":{"rendered":"<p>Civitel Creta Beach se halla en Ammoudara, un largo tramo de playa limpia de arena a solo 10 minutos en coche de Heracli\u00f3n. Esta zona est\u00e1 repleta de tiendas y opciones para salir en la temporada estival, con todo tipo de restaurantes, boutiques, discotecas, supermercados e incluso una cl\u00ednica.<\/p>\n<p>A solo unos minutos, la pintoresca ciudad de Heracli\u00f3n alberga varios museos, un castillo veneciano y notables monumentos para explorar (ver Lugares de inter\u00e9s). Ammoudara queda a apenas 15 minutos del aeropuerto y ofrece f\u00e1cil acceso a la autopista que lleva a otras partes de la isla. Podr\u00e1 llegar f\u00e1cilmente a la cercana R\u00e9tino o la festiva localidad de Hersonissos, a\u00fan m\u00e1s cerca.<\/p>\n<p>Para los m\u00e1s intr\u00e9pidos, una excursi\u00f3n al centro de Heracli\u00f3n y al c\u00e9lebre yacimiento de Knossos ser\u00e1 realmente fascinante. La hospitalidad griega de la ciudad, el castillo en el puerto, los edificios venecianos, los excelentes museos y los restos otomanos le dejar\u00e1n sin palabras y le permitir\u00e1n sumergirse en una espectacular cultura mediterr\u00e1nea sin igual. Despu\u00e9s de todo, Heracli\u00f3n es una de las ciudades europeas m\u00e1s meridionales, con lo mejor de la belleza, civilizaci\u00f3n y cultura oriental y occidental para su disfrute.<\/p>\n","protected":false},"excerpt":{"rendered":"<p>Civitel Creta Beach se halla en Ammoudara, un largo tramo de playa limpia de arena a solo 10 minutos en coche de Heracli\u00f3n. Esta zona est\u00e1 repleta de tiendas y opciones para salir en la temporada estival, con todo tipo de restaurantes, boutiques, discotecas, supermercados e incluso una cl\u00ednica. A solo unos minutos, la pintoresca [&hellip;]<\/p>\n","protected":false},"author":1,"featured_media":0,"parent":0,"menu_order":180,"comment_status":"closed","ping_status":"closed","template":"templates\/template-location.php","meta":[],"acf":[],"yoast_head":"<!-- This site is optimized with the Yoast SEO plugin v17.7 - https:\/\/yoast.com\/wordpress\/plugins\/seo\/ -->\n<meta name=\"robots\" content=\"index, follow, max-snippet:-1, max-image-preview:large, max-video-preview:-1\" \/>\n<link rel=\"canonical\" href=\"https:\/\/www.cretabeach.com\/es\/location\/\" \/>\n<meta property=\"og:locale\" content=\"es_ES\" \/>\n<meta property=\"og:type\" content=\"article\" \/>\n<meta property=\"og:title\" content=\"Explorar - Civitel Creta Beach\" \/>\n<meta property=\"og:description\" content=\"Civitel Creta Beach se halla en Ammoudara, un largo tramo de playa limpia de arena a solo 10 minutos en coche de Heracli\u00f3n. Esta zona est\u00e1 repleta de tiendas y opciones para salir en la temporada estival, con todo tipo de restaurantes, boutiques, discotecas, supermercados e incluso una cl\u00ednica. A solo unos minutos, la pintoresca [&hellip;]\" \/>\n<meta property=\"og:url\" content=\"https:\/\/www.cretabeach.com\/es\/location\/\" \/>\n<meta property=\"og:site_name\" content=\"Civitel Creta Beach\" \/>\n<meta property=\"article:publisher\" content=\"https:\/\/www.facebook.com\/CretaBeachHotel\" \/>\n<meta name=\"twitter:card\" content=\"summary_large_image\" \/>\n<meta name=\"twitter:label1\" content=\"Est. reading time\" \/>\n\t<meta name=\"twitter:data1\" content=\"1 minuto\" \/>\n<script type=\"application\/ld+json\" class=\"yoast-schema-graph\">{\"@context\":\"https:\/\/schema.org\",\"@graph\":[{\"@type\":\"Organization\",\"@id\":\"https:\/\/www.cretabeach.com\/#organization\",\"name\":\"Civitel Creta Beach\",\"url\":\"https:\/\/www.cretabeach.com\/\",\"sameAs\":[\"https:\/\/www.facebook.com\/CretaBeachHotel\",\"https:\/\/www.instagram.com\/civitelcretabeach\/\"],\"logo\":{\"@type\":\"ImageObject\",\"@id\":\"https:\/\/www.cretabeach.com\/#logo\",\"inLanguage\":\"es\",\"url\":\"https:\/\/www.cretabeach.com\/wp-content\/uploads\/sites\/32\/2020\/10\/creta_beach_logo_new-01.svg\",\"contentUrl\":\"https:\/\/www.cretabeach.com\/wp-content\/uploads\/sites\/32\/2020\/10\/creta_beach_logo_new-01.svg\",\"width\":187,\"height\":102,\"caption\":\"Civitel Creta Beach\"},\"image\":{\"@id\":\"https:\/\/www.cretabeach.com\/#logo\"}},{\"@type\":\"WebSite\",\"@id\":\"https:\/\/www.cretabeach.com\/#website\",\"url\":\"https:\/\/www.cretabeach.com\/\",\"name\":\"Civitel Creta Beach\",\"description\":\"The best of seaside and the city\",\"publisher\":{\"@id\":\"https:\/\/www.cretabeach.com\/#organization\"},\"potentialAction\":[{\"@type\":\"SearchAction\",\"target\":{\"@type\":\"EntryPoint\",\"urlTemplate\":\"https:\/\/www.cretabeach.com\/?s={search_term_string}\"},\"query-input\":\"required name=search_term_string\"}],\"inLanguage\":\"es\"},{\"@type\":\"WebPage\",\"@id\":\"https:\/\/www.cretabeach.com\/es\/location\/#webpage\",\"url\":\"https:\/\/www.cretabeach.com\/es\/location\/\",\"name\":\"Explorar - Civitel Creta Beach\",\"isPartOf\":{\"@id\":\"https:\/\/www.cretabeach.com\/#website\"},\"datePublished\":\"2020-12-01T14:53:18+00:00\",\"dateModified\":\"2020-12-01T14:53:18+00:00\",\"breadcrumb\":{\"@id\":\"https:\/\/www.cretabeach.com\/es\/location\/#breadcrumb\"},\"inLanguage\":\"es\",\"potentialAction\":[{\"@type\":\"ReadAction\",\"target\":[\"https:\/\/www.cretabeach.com\/es\/location\/\"]}]},{\"@type\":\"BreadcrumbList\",\"@id\":\"https:\/\/www.cretabeach.com\/es\/location\/#breadcrumb\",\"itemListElement\":[{\"@type\":\"ListItem\",\"position\":1,\"name\":\"Home\",\"item\":\"https:\/\/www.cretabeach.com\/es\/\"},{\"@type\":\"ListItem\",\"position\":2,\"name\":\"Explorar\"}]}]}<\/script>\n<!-- \/ Yoast SEO plugin. -->","yoast_head_json":{"robots":{"index":"index","follow":"follow","max-snippet":"max-snippet:-1","max-image-preview":"max-image-preview:large","max-video-preview":"max-video-preview:-1"},"canonical":"https:\/\/www.cretabeach.com\/es\/location\/","og_locale":"es_ES","og_type":"article","og_title":"Explorar - Civitel Creta Beach","og_description":"Civitel Creta Beach se halla en Ammoudara, un largo tramo de playa limpia de arena a solo 10 minutos en coche de Heracli\u00f3n. Esta zona est\u00e1 repleta de tiendas y opciones para salir en la temporada estival, con todo tipo de restaurantes, boutiques, discotecas, supermercados e incluso una cl\u00ednica. A solo unos minutos, la pintoresca [&hellip;]","og_url":"https:\/\/www.cretabeach.com\/es\/location\/","og_site_name":"Civitel Creta Beach","article_publisher":"https:\/\/www.facebook.com\/CretaBeachHotel","twitter_card":"summary_large_image","twitter_misc":{"Est. reading time":"1 minuto"},"schema":{"@context":"https:\/\/schema.org","@graph":[{"@type":"Organization","@id":"https:\/\/www.cretabeach.com\/#organization","name":"Civitel Creta Beach","url":"https:\/\/www.cretabeach.com\/","sameAs":["https:\/\/www.facebook.com\/CretaBeachHotel","https:\/\/www.instagram.com\/civitelcretabeach\/"],"logo":{"@type":"ImageObject","@id":"https:\/\/www.cretabeach.com\/#logo","inLanguage":"es","url":"https:\/\/www.cretabeach.com\/wp-content\/uploads\/sites\/32\/2020\/10\/creta_beach_logo_new-01.svg","contentUrl":"https:\/\/www.cretabeach.com\/wp-content\/uploads\/sites\/32\/2020\/10\/creta_beach_logo_new-01.svg","width":187,"height":102,"caption":"Civitel Creta Beach"},"image":{"@id":"https:\/\/www.cretabeach.com\/#logo"}},{"@type":"WebSite","@id":"https:\/\/www.cretabeach.com\/#website","url":"https:\/\/www.cretabeach.com\/","name":"Civitel Creta Beach","description":"The best of seaside and the city","publisher":{"@id":"https:\/\/www.cretabeach.com\/#organization"},"potentialAction":[{"@type":"SearchAction","target":{"@type":"EntryPoint","urlTemplate":"https:\/\/www.cretabeach.com\/?s={search_term_string}"},"query-input":"required name=search_term_string"}],"inLanguage":"es"},{"@type":"WebPage","@id":"https:\/\/www.cretabeach.com\/es\/location\/#webpage","url":"https:\/\/www.cretabeach.com\/es\/location\/","name":"Explorar - Civitel Creta Beach","isPartOf":{"@id":"https:\/\/www.cretabeach.com\/#website"},"datePublished":"2020-12-01T14:53:18+00:00","dateModified":"2020-12-01T14:53:18+00:00","breadcrumb":{"@id":"https:\/\/www.cretabeach.com\/es\/location\/#breadcrumb"},"inLanguage":"es","potentialAction":[{"@type":"ReadAction","target":["https:\/\/www.cretabeach.com\/es\/location\/"]}]},{"@type":"BreadcrumbList","@id":"https:\/\/www.cretabeach.com\/es\/location\/#breadcrumb","itemListElement":[{"@type":"ListItem","position":1,"name":"Home","item":"https:\/\/www.cretabeach.com\/es\/"},{"@type":"ListItem","position":2,"name":"Explorar"}]}]}},"_links":{"self":[{"href":"https:\/\/www.cretabeach.com\/es\/wp-json\/wp\/v2\/pages\/1507"}],"collection":[{"href":"https:\/\/www.cretabeach.com\/es\/wp-json\/wp\/v2\/pages"}],"about":[{"href":"https:\/\/www.cretabeach.com\/es\/wp-json\/wp\/v2\/types\/page"}],"author":[{"embeddable":true,"href":"https:\/\/www.cretabeach.com\/es\/wp-json\/wp\/v2\/users\/1"}],"replies":[{"embeddable":true,"href":"https:\/\/www.cretabeach.com\/es\/wp-json\/wp\/v2\/comments?post=1507"}],"version-history":[{"count":0,"href":"https:\/\/www.cretabeach.com\/es\/wp-json\/wp\/v2\/pages\/1507\/revisions"}],"wp:attachment":[{"href":"https:\/\/www.cretabeach.com\/es\/wp-json\/wp\/v2\/media?parent=1507"}],"curies":[{"name":"wp","href":"https:\/\/api.w.org\/{rel}","templated":true}]}}