{"id":6211,"date":"2024-04-04T06:46:29","date_gmt":"2024-04-04T06:46:29","guid":{"rendered":"https:\/\/www.cretabeach.com\/?page_id=6211"},"modified":"2026-02-05T14:17:43","modified_gmt":"2026-02-05T14:17:43","slug":"wine-dine","status":"publish","type":"page","link":"https:\/\/www.cretabeach.com\/es\/wine-dine\/","title":{"rendered":"Vino y Cena"},"content":{"rendered":"<p style=\"text-align: left;\">Experimente el vibrante tapiz de la gastronom\u00eda cretense cobra vida en Civitel Creta Beach.<\/p>\n<p>Descubra los intensos sabores de la isla y la riqueza de la cocina mediterr\u00e1nea en nuestros impresionantes bares y restaurantes. Desde los ingredientes m\u00e1s frescos de origen local hasta vinos exquisitos y c\u00f3cteles exclusivos, cada uno de nuestros cinco destinos gastron\u00f3micos ofrece una experiencia \u00fanica que captura la esencia de Creta.<\/p>\n<p>Sum\u00e9rgete en los sabores de Grecia en el <a href=\"https:\/\/www.cretabeach.com\/es\/restaurante-onirokipos\/\"><strong>restaurante Onir\u00f3kipos<\/strong><\/a>, donde los platos tradicionales se reinventan con un toque contempor\u00e1neo. Y para esos d\u00edas de ocio junto a la piscina, <a href=\"https:\/\/www.cretabeach.com\/es\/iliogiom%ce%bf-pool-snack-bar\/\"><strong>Iliogiomo Pool Snack Bar<\/strong><\/a> ofrece una selecci\u00f3n de snacks ligeros y bebidas refrescantes para mantenerte satisfecho bajo el sol. Por las noches, <a href=\"https:\/\/www.cretabeach.com\/es\/meze-by-iliogiomo\/\"><strong>Mez\u00e9 by Ili\u00f3giom\u03bf<\/strong><\/a> abre sus puertas a una aut\u00e9ntica experiencia gastron\u00f3mica cretense. Saboree platos meze tradicionales en un ambiente c\u00e1lido y acogedor que captura el esp\u00edritu de la isla.<\/p>\n<p>Del\u00e9itese con un rico buf\u00e9 de delicias internacionales y locales en el <a href=\"https:\/\/www.cretabeach.com\/es\/thalassohazi-restaurant\/\"><strong>restaurante principal Thalassoh\u00e5zi<\/strong><\/a> donde cada comida es una celebraci\u00f3n de variedad y sabor. Para un ambiente m\u00e1s \u00edntimo, la zona contigua Verand\u00e5moma ofrece una extensi\u00f3n elegante del restaurante principal, con una gran vista al mar &#8211; perfecto para comidas relajadas en un ambiente refinado. Mientras tanto, en el <a href=\"https:\/\/www.cretabeach.com\/es\/bar-fengaropioto\/,\"><strong>bar principal Fengar\u00f3pioto<\/strong><\/a>, rel\u00e1jese entre vistas panor\u00e1micas al mar y saboree bebidas elaboradas por expertos.<\/p>\n<p>En Civitel Creta Beach, estamos comprometidos a crear experiencias gastron\u00f3micas extraordinarias que muestren los mejores ingredientes y adopten el esp\u00edritu de la hospitalidad cretense. \u00danase a nosotros y deje que su paladar se embarque en un viaje gastron\u00f3mico como ning\u00fan otro.<\/p>\n","protected":false},"excerpt":{"rendered":"<p>Experimente el vibrante tapiz de la gastronom\u00eda cretense cobra vida en Civitel Creta Beach. Descubra los intensos sabores de la isla y la riqueza de la cocina mediterr\u00e1nea en nuestros impresionantes bares y restaurantes. Desde los ingredientes m\u00e1s frescos de origen local hasta vinos exquisitos y c\u00f3cteles exclusivos, cada uno de nuestros cinco destinos gastron\u00f3micos [&hellip;]<\/p>\n","protected":false},"author":1,"featured_media":0,"parent":0,"menu_order":6,"comment_status":"closed","ping_status":"closed","template":"templates\/template-single.php","meta":[],"acf":[],"yoast_head":"<!-- This site is optimized with the Yoast SEO plugin v17.7 - https:\/\/yoast.com\/wordpress\/plugins\/seo\/ -->\n<meta name=\"robots\" content=\"index, follow, max-snippet:-1, max-image-preview:large, max-video-preview:-1\" \/>\n<link rel=\"canonical\" href=\"https:\/\/www.cretabeach.com\/es\/?page_id=6211\" \/>\n<meta property=\"og:locale\" content=\"es_ES\" \/>\n<meta property=\"og:type\" content=\"article\" \/>\n<meta property=\"og:title\" content=\"Vino y Cena - Civitel Creta Beach\" \/>\n<meta property=\"og:description\" content=\"Experimente el vibrante tapiz de la gastronom\u00eda cretense cobra vida en Civitel Creta Beach. Descubra los intensos sabores de la isla y la riqueza de la cocina mediterr\u00e1nea en nuestros impresionantes bares y restaurantes. Desde los ingredientes m\u00e1s frescos de origen local hasta vinos exquisitos y c\u00f3cteles exclusivos, cada uno de nuestros cinco destinos gastron\u00f3micos [&hellip;]\" \/>\n<meta property=\"og:url\" content=\"https:\/\/www.cretabeach.com\/es\/?page_id=6211\" \/>\n<meta property=\"og:site_name\" content=\"Civitel Creta Beach\" \/>\n<meta property=\"article:publisher\" content=\"https:\/\/www.facebook.com\/CretaBeachHotel\" \/>\n<meta property=\"article:modified_time\" content=\"2026-02-05T14:17:43+00:00\" \/>\n<meta name=\"twitter:card\" content=\"summary_large_image\" \/>\n<meta name=\"twitter:label1\" content=\"Est. reading time\" \/>\n\t<meta name=\"twitter:data1\" content=\"1 minuto\" \/>\n<script type=\"application\/ld+json\" class=\"yoast-schema-graph\">{\"@context\":\"https:\/\/schema.org\",\"@graph\":[{\"@type\":\"Organization\",\"@id\":\"https:\/\/www.cretabeach.com\/#organization\",\"name\":\"Civitel Creta Beach\",\"url\":\"https:\/\/www.cretabeach.com\/\",\"sameAs\":[\"https:\/\/www.facebook.com\/CretaBeachHotel\",\"https:\/\/www.instagram.com\/civitelcretabeach\/\"],\"logo\":{\"@type\":\"ImageObject\",\"@id\":\"https:\/\/www.cretabeach.com\/#logo\",\"inLanguage\":\"es\",\"url\":\"https:\/\/www.cretabeach.com\/wp-content\/uploads\/sites\/32\/2020\/10\/creta_beach_logo_new-01.svg\",\"contentUrl\":\"https:\/\/www.cretabeach.com\/wp-content\/uploads\/sites\/32\/2020\/10\/creta_beach_logo_new-01.svg\",\"width\":187,\"height\":102,\"caption\":\"Civitel Creta Beach\"},\"image\":{\"@id\":\"https:\/\/www.cretabeach.com\/#logo\"}},{\"@type\":\"WebSite\",\"@id\":\"https:\/\/www.cretabeach.com\/#website\",\"url\":\"https:\/\/www.cretabeach.com\/\",\"name\":\"Civitel Creta Beach\",\"description\":\"The best of seaside and the city\",\"publisher\":{\"@id\":\"https:\/\/www.cretabeach.com\/#organization\"},\"potentialAction\":[{\"@type\":\"SearchAction\",\"target\":{\"@type\":\"EntryPoint\",\"urlTemplate\":\"https:\/\/www.cretabeach.com\/?s={search_term_string}\"},\"query-input\":\"required name=search_term_string\"}],\"inLanguage\":\"es\"},{\"@type\":\"WebPage\",\"@id\":\"https:\/\/www.cretabeach.com\/es\/?page_id=6211#webpage\",\"url\":\"https:\/\/www.cretabeach.com\/es\/?page_id=6211\",\"name\":\"Vino y Cena - Civitel Creta Beach\",\"isPartOf\":{\"@id\":\"https:\/\/www.cretabeach.com\/#website\"},\"datePublished\":\"2024-04-04T06:46:29+00:00\",\"dateModified\":\"2026-02-05T14:17:43+00:00\",\"breadcrumb\":{\"@id\":\"https:\/\/www.cretabeach.com\/es\/?page_id=6211#breadcrumb\"},\"inLanguage\":\"es\",\"potentialAction\":[{\"@type\":\"ReadAction\",\"target\":[\"https:\/\/www.cretabeach.com\/es\/?page_id=6211\"]}]},{\"@type\":\"BreadcrumbList\",\"@id\":\"https:\/\/www.cretabeach.com\/es\/?page_id=6211#breadcrumb\",\"itemListElement\":[{\"@type\":\"ListItem\",\"position\":1,\"name\":\"Home\",\"item\":\"https:\/\/www.cretabeach.com\/es\/\"},{\"@type\":\"ListItem\",\"position\":2,\"name\":\"Wine &#038; Dine\"}]}]}<\/script>\n<!-- \/ Yoast SEO plugin. -->","yoast_head_json":{"robots":{"index":"index","follow":"follow","max-snippet":"max-snippet:-1","max-image-preview":"max-image-preview:large","max-video-preview":"max-video-preview:-1"},"canonical":"https:\/\/www.cretabeach.com\/es\/?page_id=6211","og_locale":"es_ES","og_type":"article","og_title":"Vino y Cena - Civitel Creta Beach","og_description":"Experimente el vibrante tapiz de la gastronom\u00eda cretense cobra vida en Civitel Creta Beach. Descubra los intensos sabores de la isla y la riqueza de la cocina mediterr\u00e1nea en nuestros impresionantes bares y restaurantes. Desde los ingredientes m\u00e1s frescos de origen local hasta vinos exquisitos y c\u00f3cteles exclusivos, cada uno de nuestros cinco destinos gastron\u00f3micos [&hellip;]","og_url":"https:\/\/www.cretabeach.com\/es\/?page_id=6211","og_site_name":"Civitel Creta Beach","article_publisher":"https:\/\/www.facebook.com\/CretaBeachHotel","article_modified_time":"2026-02-05T14:17:43+00:00","twitter_card":"summary_large_image","twitter_misc":{"Est. reading time":"1 minuto"},"schema":{"@context":"https:\/\/schema.org","@graph":[{"@type":"Organization","@id":"https:\/\/www.cretabeach.com\/#organization","name":"Civitel Creta Beach","url":"https:\/\/www.cretabeach.com\/","sameAs":["https:\/\/www.facebook.com\/CretaBeachHotel","https:\/\/www.instagram.com\/civitelcretabeach\/"],"logo":{"@type":"ImageObject","@id":"https:\/\/www.cretabeach.com\/#logo","inLanguage":"es","url":"https:\/\/www.cretabeach.com\/wp-content\/uploads\/sites\/32\/2020\/10\/creta_beach_logo_new-01.svg","contentUrl":"https:\/\/www.cretabeach.com\/wp-content\/uploads\/sites\/32\/2020\/10\/creta_beach_logo_new-01.svg","width":187,"height":102,"caption":"Civitel Creta Beach"},"image":{"@id":"https:\/\/www.cretabeach.com\/#logo"}},{"@type":"WebSite","@id":"https:\/\/www.cretabeach.com\/#website","url":"https:\/\/www.cretabeach.com\/","name":"Civitel Creta Beach","description":"The best of seaside and the city","publisher":{"@id":"https:\/\/www.cretabeach.com\/#organization"},"potentialAction":[{"@type":"SearchAction","target":{"@type":"EntryPoint","urlTemplate":"https:\/\/www.cretabeach.com\/?s={search_term_string}"},"query-input":"required name=search_term_string"}],"inLanguage":"es"},{"@type":"WebPage","@id":"https:\/\/www.cretabeach.com\/es\/?page_id=6211#webpage","url":"https:\/\/www.cretabeach.com\/es\/?page_id=6211","name":"Vino y Cena - Civitel Creta Beach","isPartOf":{"@id":"https:\/\/www.cretabeach.com\/#website"},"datePublished":"2024-04-04T06:46:29+00:00","dateModified":"2026-02-05T14:17:43+00:00","breadcrumb":{"@id":"https:\/\/www.cretabeach.com\/es\/?page_id=6211#breadcrumb"},"inLanguage":"es","potentialAction":[{"@type":"ReadAction","target":["https:\/\/www.cretabeach.com\/es\/?page_id=6211"]}]},{"@type":"BreadcrumbList","@id":"https:\/\/www.cretabeach.com\/es\/?page_id=6211#breadcrumb","itemListElement":[{"@type":"ListItem","position":1,"name":"Home","item":"https:\/\/www.cretabeach.com\/es\/"},{"@type":"ListItem","position":2,"name":"Wine &#038; Dine"}]}]}},"_links":{"self":[{"href":"https:\/\/www.cretabeach.com\/es\/wp-json\/wp\/v2\/pages\/6211"}],"collection":[{"href":"https:\/\/www.cretabeach.com\/es\/wp-json\/wp\/v2\/pages"}],"about":[{"href":"https:\/\/www.cretabeach.com\/es\/wp-json\/wp\/v2\/types\/page"}],"author":[{"embeddable":true,"href":"https:\/\/www.cretabeach.com\/es\/wp-json\/wp\/v2\/users\/1"}],"replies":[{"embeddable":true,"href":"https:\/\/www.cretabeach.com\/es\/wp-json\/wp\/v2\/comments?post=6211"}],"version-history":[{"count":16,"href":"https:\/\/www.cretabeach.com\/es\/wp-json\/wp\/v2\/pages\/6211\/revisions"}],"predecessor-version":[{"id":10429,"href":"https:\/\/www.cretabeach.com\/es\/wp-json\/wp\/v2\/pages\/6211\/revisions\/10429"}],"wp:attachment":[{"href":"https:\/\/www.cretabeach.com\/es\/wp-json\/wp\/v2\/media?parent=6211"}],"curies":[{"name":"wp","href":"https:\/\/api.w.org\/{rel}","templated":true}]}}