{"id":6326,"date":"2024-04-04T06:53:31","date_gmt":"2024-04-04T06:53:31","guid":{"rendered":"https:\/\/www.cretabeach.com\/?page_id=6326"},"modified":"2026-02-06T12:48:39","modified_gmt":"2026-02-06T12:48:39","slug":"iliogiom%ce%bf-pool-snack-bar","status":"publish","type":"page","link":"https:\/\/www.cretabeach.com\/es\/iliogiom%ce%bf-pool-snack-bar\/","title":{"rendered":"Ili\u00f3giom\u03bf Pool Snack Bar"},"content":{"rendered":"<p>El snack bar Ili\u00f3giomo est\u00e1 situado en el centro de la zona de la piscina, para servirle tanto si est\u00e1 disfrutando del agua de la piscina como del sol. Con su ritmo relajado y su pintoresco entorno, nuestro snack bar de la piscina es el lugar perfecto para sus vacaciones, ya que ofrece un equilibrio perfecto para relajarse y disfrutar.<\/p>\n<p>Con impresionantes vistas, c\u00f3modas tumbonas y rincones a la sombra, el bar de nuestra piscina es el lugar perfecto para descansar entre ba\u00f1o y ba\u00f1o, leer o simplemente disfrutar del ritmo relajado de sus vacaciones junto a la piscina. Nuestro amable y atento personal est\u00e1 siempre a su disposici\u00f3n, para que pueda disfrutar de cada momento.<\/p>\n<p>Desde zumos reci\u00e9n exprimidos y c\u00f3cteles ex\u00f3ticos hasta cervezas heladas, nuestra carta est\u00e1 dise\u00f1ada para que pueda refrescarse tomando el sol. Adem\u00e1s, el Ili\u00f3giomo ofrece una variedad de aperitivos y comidas ligeras, pensados para comer junto a la piscina. Si le apetece una crujiente ensalada, un delicioso s\u00e1ndwich o incluso una tortilla caliente, seguro que en nuestro men\u00fa encontrar\u00e1 algo perfecto para usted. Elaborados con ingredientes frescos y de calidad, cada plato es una prueba de nuestro compromiso con el sabor y la alimentaci\u00f3n sana.<\/p>\n","protected":false},"excerpt":{"rendered":"<p>El snack bar Ili\u00f3giomo est\u00e1 situado en el centro de la zona de la piscina, para servirle tanto si est\u00e1 disfrutando del agua de la piscina como del sol. Con su ritmo relajado y su pintoresco entorno, nuestro snack bar de la piscina es el lugar perfecto para sus vacaciones, ya que ofrece un equilibrio [&hellip;]<\/p>\n","protected":false},"author":10,"featured_media":0,"parent":0,"menu_order":21,"comment_status":"closed","ping_status":"closed","template":"templates\/template-single.php","meta":[],"acf":[],"yoast_head":"<!-- This site is optimized with the Yoast SEO plugin v17.7 - https:\/\/yoast.com\/wordpress\/plugins\/seo\/ -->\n<meta name=\"robots\" content=\"index, follow, max-snippet:-1, max-image-preview:large, max-video-preview:-1\" \/>\n<link rel=\"canonical\" href=\"https:\/\/www.cretabeach.com\/es\/?page_id=6326\" \/>\n<meta property=\"og:locale\" content=\"es_ES\" \/>\n<meta property=\"og:type\" content=\"article\" \/>\n<meta property=\"og:title\" content=\"Ili\u00f3giom\u03bf Pool Snack Bar - Civitel Creta Beach\" \/>\n<meta property=\"og:description\" content=\"El snack bar Ili\u00f3giomo est\u00e1 situado en el centro de la zona de la piscina, para servirle tanto si est\u00e1 disfrutando del agua de la piscina como del sol. Con su ritmo relajado y su pintoresco entorno, nuestro snack bar de la piscina es el lugar perfecto para sus vacaciones, ya que ofrece un equilibrio [&hellip;]\" \/>\n<meta property=\"og:url\" content=\"https:\/\/www.cretabeach.com\/es\/?page_id=6326\" \/>\n<meta property=\"og:site_name\" content=\"Civitel Creta Beach\" \/>\n<meta property=\"article:publisher\" content=\"https:\/\/www.facebook.com\/CretaBeachHotel\" \/>\n<meta property=\"article:modified_time\" content=\"2026-02-06T12:48:39+00:00\" \/>\n<meta name=\"twitter:card\" content=\"summary_large_image\" \/>\n<meta name=\"twitter:label1\" content=\"Est. reading time\" \/>\n\t<meta name=\"twitter:data1\" content=\"1 minuto\" \/>\n<script type=\"application\/ld+json\" class=\"yoast-schema-graph\">{\"@context\":\"https:\/\/schema.org\",\"@graph\":[{\"@type\":\"Organization\",\"@id\":\"https:\/\/www.cretabeach.com\/#organization\",\"name\":\"Civitel Creta Beach\",\"url\":\"https:\/\/www.cretabeach.com\/\",\"sameAs\":[\"https:\/\/www.facebook.com\/CretaBeachHotel\",\"https:\/\/www.instagram.com\/civitelcretabeach\/\"],\"logo\":{\"@type\":\"ImageObject\",\"@id\":\"https:\/\/www.cretabeach.com\/#logo\",\"inLanguage\":\"es\",\"url\":\"https:\/\/www.cretabeach.com\/wp-content\/uploads\/sites\/32\/2020\/10\/creta_beach_logo_new-01.svg\",\"contentUrl\":\"https:\/\/www.cretabeach.com\/wp-content\/uploads\/sites\/32\/2020\/10\/creta_beach_logo_new-01.svg\",\"width\":187,\"height\":102,\"caption\":\"Civitel Creta Beach\"},\"image\":{\"@id\":\"https:\/\/www.cretabeach.com\/#logo\"}},{\"@type\":\"WebSite\",\"@id\":\"https:\/\/www.cretabeach.com\/#website\",\"url\":\"https:\/\/www.cretabeach.com\/\",\"name\":\"Civitel Creta Beach\",\"description\":\"The best of seaside and the city\",\"publisher\":{\"@id\":\"https:\/\/www.cretabeach.com\/#organization\"},\"potentialAction\":[{\"@type\":\"SearchAction\",\"target\":{\"@type\":\"EntryPoint\",\"urlTemplate\":\"https:\/\/www.cretabeach.com\/?s={search_term_string}\"},\"query-input\":\"required name=search_term_string\"}],\"inLanguage\":\"es\"},{\"@type\":\"WebPage\",\"@id\":\"https:\/\/www.cretabeach.com\/es\/?page_id=6326#webpage\",\"url\":\"https:\/\/www.cretabeach.com\/es\/?page_id=6326\",\"name\":\"Ili\\u00f3giom\\u03bf Pool Snack Bar - Civitel Creta Beach\",\"isPartOf\":{\"@id\":\"https:\/\/www.cretabeach.com\/#website\"},\"datePublished\":\"2024-04-04T06:53:31+00:00\",\"dateModified\":\"2026-02-06T12:48:39+00:00\",\"breadcrumb\":{\"@id\":\"https:\/\/www.cretabeach.com\/es\/?page_id=6326#breadcrumb\"},\"inLanguage\":\"es\",\"potentialAction\":[{\"@type\":\"ReadAction\",\"target\":[\"https:\/\/www.cretabeach.com\/es\/?page_id=6326\"]}]},{\"@type\":\"BreadcrumbList\",\"@id\":\"https:\/\/www.cretabeach.com\/es\/?page_id=6326#breadcrumb\",\"itemListElement\":[{\"@type\":\"ListItem\",\"position\":1,\"name\":\"Home\",\"item\":\"https:\/\/www.cretabeach.com\/es\/\"},{\"@type\":\"ListItem\",\"position\":2,\"name\":\"Ili\\u00f3giom\\u03bf Pool Snack Bar\"}]}]}<\/script>\n<!-- \/ Yoast SEO plugin. -->","yoast_head_json":{"robots":{"index":"index","follow":"follow","max-snippet":"max-snippet:-1","max-image-preview":"max-image-preview:large","max-video-preview":"max-video-preview:-1"},"canonical":"https:\/\/www.cretabeach.com\/es\/?page_id=6326","og_locale":"es_ES","og_type":"article","og_title":"Ili\u00f3giom\u03bf Pool Snack Bar - Civitel Creta Beach","og_description":"El snack bar Ili\u00f3giomo est\u00e1 situado en el centro de la zona de la piscina, para servirle tanto si est\u00e1 disfrutando del agua de la piscina como del sol. Con su ritmo relajado y su pintoresco entorno, nuestro snack bar de la piscina es el lugar perfecto para sus vacaciones, ya que ofrece un equilibrio [&hellip;]","og_url":"https:\/\/www.cretabeach.com\/es\/?page_id=6326","og_site_name":"Civitel Creta Beach","article_publisher":"https:\/\/www.facebook.com\/CretaBeachHotel","article_modified_time":"2026-02-06T12:48:39+00:00","twitter_card":"summary_large_image","twitter_misc":{"Est. reading time":"1 minuto"},"schema":{"@context":"https:\/\/schema.org","@graph":[{"@type":"Organization","@id":"https:\/\/www.cretabeach.com\/#organization","name":"Civitel Creta Beach","url":"https:\/\/www.cretabeach.com\/","sameAs":["https:\/\/www.facebook.com\/CretaBeachHotel","https:\/\/www.instagram.com\/civitelcretabeach\/"],"logo":{"@type":"ImageObject","@id":"https:\/\/www.cretabeach.com\/#logo","inLanguage":"es","url":"https:\/\/www.cretabeach.com\/wp-content\/uploads\/sites\/32\/2020\/10\/creta_beach_logo_new-01.svg","contentUrl":"https:\/\/www.cretabeach.com\/wp-content\/uploads\/sites\/32\/2020\/10\/creta_beach_logo_new-01.svg","width":187,"height":102,"caption":"Civitel Creta Beach"},"image":{"@id":"https:\/\/www.cretabeach.com\/#logo"}},{"@type":"WebSite","@id":"https:\/\/www.cretabeach.com\/#website","url":"https:\/\/www.cretabeach.com\/","name":"Civitel Creta Beach","description":"The best of seaside and the city","publisher":{"@id":"https:\/\/www.cretabeach.com\/#organization"},"potentialAction":[{"@type":"SearchAction","target":{"@type":"EntryPoint","urlTemplate":"https:\/\/www.cretabeach.com\/?s={search_term_string}"},"query-input":"required name=search_term_string"}],"inLanguage":"es"},{"@type":"WebPage","@id":"https:\/\/www.cretabeach.com\/es\/?page_id=6326#webpage","url":"https:\/\/www.cretabeach.com\/es\/?page_id=6326","name":"Ili\u00f3giom\u03bf Pool Snack Bar - Civitel Creta Beach","isPartOf":{"@id":"https:\/\/www.cretabeach.com\/#website"},"datePublished":"2024-04-04T06:53:31+00:00","dateModified":"2026-02-06T12:48:39+00:00","breadcrumb":{"@id":"https:\/\/www.cretabeach.com\/es\/?page_id=6326#breadcrumb"},"inLanguage":"es","potentialAction":[{"@type":"ReadAction","target":["https:\/\/www.cretabeach.com\/es\/?page_id=6326"]}]},{"@type":"BreadcrumbList","@id":"https:\/\/www.cretabeach.com\/es\/?page_id=6326#breadcrumb","itemListElement":[{"@type":"ListItem","position":1,"name":"Home","item":"https:\/\/www.cretabeach.com\/es\/"},{"@type":"ListItem","position":2,"name":"Ili\u00f3giom\u03bf Pool Snack Bar"}]}]}},"_links":{"self":[{"href":"https:\/\/www.cretabeach.com\/es\/wp-json\/wp\/v2\/pages\/6326"}],"collection":[{"href":"https:\/\/www.cretabeach.com\/es\/wp-json\/wp\/v2\/pages"}],"about":[{"href":"https:\/\/www.cretabeach.com\/es\/wp-json\/wp\/v2\/types\/page"}],"author":[{"embeddable":true,"href":"https:\/\/www.cretabeach.com\/es\/wp-json\/wp\/v2\/users\/10"}],"replies":[{"embeddable":true,"href":"https:\/\/www.cretabeach.com\/es\/wp-json\/wp\/v2\/comments?post=6326"}],"version-history":[{"count":6,"href":"https:\/\/www.cretabeach.com\/es\/wp-json\/wp\/v2\/pages\/6326\/revisions"}],"predecessor-version":[{"id":10461,"href":"https:\/\/www.cretabeach.com\/es\/wp-json\/wp\/v2\/pages\/6326\/revisions\/10461"}],"wp:attachment":[{"href":"https:\/\/www.cretabeach.com\/es\/wp-json\/wp\/v2\/media?parent=6326"}],"curies":[{"name":"wp","href":"https:\/\/api.w.org\/{rel}","templated":true}]}}