{"id":9275,"date":"2025-05-26T09:14:17","date_gmt":"2025-05-26T09:14:17","guid":{"rendered":"https:\/\/www.cretabeach.com\/?page_id=9275"},"modified":"2026-02-06T12:49:17","modified_gmt":"2026-02-06T12:49:17","slug":"meze-by-iliogiomo","status":"publish","type":"page","link":"https:\/\/www.cretabeach.com\/es\/meze-by-iliogiomo\/","title":{"rendered":"Mez\u00e9 by Ili\u00f3giom\u03bf"},"content":{"rendered":"<p>A medida que el sol se pone sobre Civitel Creta Beach, <strong>Mez\u00e9 by Ili\u00f3giom\u03bf<\/strong> cobra vida, nuestro acogedor restaurante abierto exclusivamente por las noches. Ubicado en un entorno relajado bajo las estrellas, esta experiencia gastron\u00f3mica \u00fanica celebra el coraz\u00f3n de la hospitalidad griega a trav\u00e9s de un vibrante tapiz de platos compartidos, conocidos como mez\u00e9. Aqu\u00ed, cada plato cuenta una historia: ingredientes locales, recetas ancestrales y la forma mediterr\u00e1nea de disfrutar juntos de la comida. Saboree una variedad de sabrosos bocados, todos elaborados con esmero y arraigados en la herencia culinaria cretense. Deje que la velada se desarrolle entre buena comida, c\u00e1lido ambiente y un toque de nostalgia, acompa\u00f1ado de una copa de vino local, ouzo o raki. <strong>Mez\u00e9 by Ili\u00f3giom\u03bf<\/strong> no es s\u00f3lo una cena, sino un sabroso homenaje a Creta.<\/p>\n","protected":false},"excerpt":{"rendered":"<p>A medida que el sol se pone sobre Civitel Creta Beach, Mez\u00e9 by Ili\u00f3giom\u03bf cobra vida, nuestro acogedor restaurante abierto exclusivamente por las noches. Ubicado en un entorno relajado bajo las estrellas, esta experiencia gastron\u00f3mica \u00fanica celebra el coraz\u00f3n de la hospitalidad griega a trav\u00e9s de un vibrante tapiz de platos compartidos, conocidos como mez\u00e9. [&hellip;]<\/p>\n","protected":false},"author":13,"featured_media":0,"parent":0,"menu_order":22,"comment_status":"closed","ping_status":"closed","template":"templates\/template-single.php","meta":[],"acf":[],"yoast_head":"<!-- This site is optimized with the Yoast SEO plugin v17.7 - https:\/\/yoast.com\/wordpress\/plugins\/seo\/ -->\n<meta name=\"robots\" content=\"index, follow, max-snippet:-1, max-image-preview:large, max-video-preview:-1\" \/>\n<link rel=\"canonical\" href=\"https:\/\/www.cretabeach.com\/es\/?page_id=9275\" \/>\n<meta property=\"og:locale\" content=\"es_ES\" \/>\n<meta property=\"og:type\" content=\"article\" \/>\n<meta property=\"og:title\" content=\"Mez\u00e9 by Ili\u00f3giom\u03bf - Civitel Creta Beach\" \/>\n<meta property=\"og:description\" content=\"A medida que el sol se pone sobre Civitel Creta Beach, Mez\u00e9 by Ili\u00f3giom\u03bf cobra vida, nuestro acogedor restaurante abierto exclusivamente por las noches. Ubicado en un entorno relajado bajo las estrellas, esta experiencia gastron\u00f3mica \u00fanica celebra el coraz\u00f3n de la hospitalidad griega a trav\u00e9s de un vibrante tapiz de platos compartidos, conocidos como mez\u00e9. [&hellip;]\" \/>\n<meta property=\"og:url\" content=\"https:\/\/www.cretabeach.com\/es\/?page_id=9275\" \/>\n<meta property=\"og:site_name\" content=\"Civitel Creta Beach\" \/>\n<meta property=\"article:publisher\" content=\"https:\/\/www.facebook.com\/CretaBeachHotel\" \/>\n<meta property=\"article:modified_time\" content=\"2026-02-06T12:49:17+00:00\" \/>\n<meta name=\"twitter:card\" content=\"summary_large_image\" \/>\n<meta name=\"twitter:label1\" content=\"Est. reading time\" \/>\n\t<meta name=\"twitter:data1\" content=\"1 minuto\" \/>\n<script type=\"application\/ld+json\" class=\"yoast-schema-graph\">{\"@context\":\"https:\/\/schema.org\",\"@graph\":[{\"@type\":\"Organization\",\"@id\":\"https:\/\/www.cretabeach.com\/#organization\",\"name\":\"Civitel Creta Beach\",\"url\":\"https:\/\/www.cretabeach.com\/\",\"sameAs\":[\"https:\/\/www.facebook.com\/CretaBeachHotel\",\"https:\/\/www.instagram.com\/civitelcretabeach\/\"],\"logo\":{\"@type\":\"ImageObject\",\"@id\":\"https:\/\/www.cretabeach.com\/#logo\",\"inLanguage\":\"es\",\"url\":\"https:\/\/www.cretabeach.com\/wp-content\/uploads\/sites\/32\/2020\/10\/creta_beach_logo_new-01.svg\",\"contentUrl\":\"https:\/\/www.cretabeach.com\/wp-content\/uploads\/sites\/32\/2020\/10\/creta_beach_logo_new-01.svg\",\"width\":187,\"height\":102,\"caption\":\"Civitel Creta Beach\"},\"image\":{\"@id\":\"https:\/\/www.cretabeach.com\/#logo\"}},{\"@type\":\"WebSite\",\"@id\":\"https:\/\/www.cretabeach.com\/#website\",\"url\":\"https:\/\/www.cretabeach.com\/\",\"name\":\"Civitel Creta Beach\",\"description\":\"The best of seaside and the city\",\"publisher\":{\"@id\":\"https:\/\/www.cretabeach.com\/#organization\"},\"potentialAction\":[{\"@type\":\"SearchAction\",\"target\":{\"@type\":\"EntryPoint\",\"urlTemplate\":\"https:\/\/www.cretabeach.com\/?s={search_term_string}\"},\"query-input\":\"required name=search_term_string\"}],\"inLanguage\":\"es\"},{\"@type\":\"WebPage\",\"@id\":\"https:\/\/www.cretabeach.com\/es\/?page_id=9275#webpage\",\"url\":\"https:\/\/www.cretabeach.com\/es\/?page_id=9275\",\"name\":\"Mez\\u00e9 by Ili\\u00f3giom\\u03bf - Civitel Creta Beach\",\"isPartOf\":{\"@id\":\"https:\/\/www.cretabeach.com\/#website\"},\"datePublished\":\"2025-05-26T09:14:17+00:00\",\"dateModified\":\"2026-02-06T12:49:17+00:00\",\"breadcrumb\":{\"@id\":\"https:\/\/www.cretabeach.com\/es\/?page_id=9275#breadcrumb\"},\"inLanguage\":\"es\",\"potentialAction\":[{\"@type\":\"ReadAction\",\"target\":[\"https:\/\/www.cretabeach.com\/es\/?page_id=9275\"]}]},{\"@type\":\"BreadcrumbList\",\"@id\":\"https:\/\/www.cretabeach.com\/es\/?page_id=9275#breadcrumb\",\"itemListElement\":[{\"@type\":\"ListItem\",\"position\":1,\"name\":\"Home\",\"item\":\"https:\/\/www.cretabeach.com\/es\/\"},{\"@type\":\"ListItem\",\"position\":2,\"name\":\"Ili\\u00f3giom\\u03bf Pool Snack Bar\"}]}]}<\/script>\n<!-- \/ Yoast SEO plugin. -->","yoast_head_json":{"robots":{"index":"index","follow":"follow","max-snippet":"max-snippet:-1","max-image-preview":"max-image-preview:large","max-video-preview":"max-video-preview:-1"},"canonical":"https:\/\/www.cretabeach.com\/es\/?page_id=9275","og_locale":"es_ES","og_type":"article","og_title":"Mez\u00e9 by Ili\u00f3giom\u03bf - Civitel Creta Beach","og_description":"A medida que el sol se pone sobre Civitel Creta Beach, Mez\u00e9 by Ili\u00f3giom\u03bf cobra vida, nuestro acogedor restaurante abierto exclusivamente por las noches. Ubicado en un entorno relajado bajo las estrellas, esta experiencia gastron\u00f3mica \u00fanica celebra el coraz\u00f3n de la hospitalidad griega a trav\u00e9s de un vibrante tapiz de platos compartidos, conocidos como mez\u00e9. [&hellip;]","og_url":"https:\/\/www.cretabeach.com\/es\/?page_id=9275","og_site_name":"Civitel Creta Beach","article_publisher":"https:\/\/www.facebook.com\/CretaBeachHotel","article_modified_time":"2026-02-06T12:49:17+00:00","twitter_card":"summary_large_image","twitter_misc":{"Est. reading time":"1 minuto"},"schema":{"@context":"https:\/\/schema.org","@graph":[{"@type":"Organization","@id":"https:\/\/www.cretabeach.com\/#organization","name":"Civitel Creta Beach","url":"https:\/\/www.cretabeach.com\/","sameAs":["https:\/\/www.facebook.com\/CretaBeachHotel","https:\/\/www.instagram.com\/civitelcretabeach\/"],"logo":{"@type":"ImageObject","@id":"https:\/\/www.cretabeach.com\/#logo","inLanguage":"es","url":"https:\/\/www.cretabeach.com\/wp-content\/uploads\/sites\/32\/2020\/10\/creta_beach_logo_new-01.svg","contentUrl":"https:\/\/www.cretabeach.com\/wp-content\/uploads\/sites\/32\/2020\/10\/creta_beach_logo_new-01.svg","width":187,"height":102,"caption":"Civitel Creta Beach"},"image":{"@id":"https:\/\/www.cretabeach.com\/#logo"}},{"@type":"WebSite","@id":"https:\/\/www.cretabeach.com\/#website","url":"https:\/\/www.cretabeach.com\/","name":"Civitel Creta Beach","description":"The best of seaside and the city","publisher":{"@id":"https:\/\/www.cretabeach.com\/#organization"},"potentialAction":[{"@type":"SearchAction","target":{"@type":"EntryPoint","urlTemplate":"https:\/\/www.cretabeach.com\/?s={search_term_string}"},"query-input":"required name=search_term_string"}],"inLanguage":"es"},{"@type":"WebPage","@id":"https:\/\/www.cretabeach.com\/es\/?page_id=9275#webpage","url":"https:\/\/www.cretabeach.com\/es\/?page_id=9275","name":"Mez\u00e9 by Ili\u00f3giom\u03bf - Civitel Creta Beach","isPartOf":{"@id":"https:\/\/www.cretabeach.com\/#website"},"datePublished":"2025-05-26T09:14:17+00:00","dateModified":"2026-02-06T12:49:17+00:00","breadcrumb":{"@id":"https:\/\/www.cretabeach.com\/es\/?page_id=9275#breadcrumb"},"inLanguage":"es","potentialAction":[{"@type":"ReadAction","target":["https:\/\/www.cretabeach.com\/es\/?page_id=9275"]}]},{"@type":"BreadcrumbList","@id":"https:\/\/www.cretabeach.com\/es\/?page_id=9275#breadcrumb","itemListElement":[{"@type":"ListItem","position":1,"name":"Home","item":"https:\/\/www.cretabeach.com\/es\/"},{"@type":"ListItem","position":2,"name":"Ili\u00f3giom\u03bf Pool Snack Bar"}]}]}},"_links":{"self":[{"href":"https:\/\/www.cretabeach.com\/es\/wp-json\/wp\/v2\/pages\/9275"}],"collection":[{"href":"https:\/\/www.cretabeach.com\/es\/wp-json\/wp\/v2\/pages"}],"about":[{"href":"https:\/\/www.cretabeach.com\/es\/wp-json\/wp\/v2\/types\/page"}],"author":[{"embeddable":true,"href":"https:\/\/www.cretabeach.com\/es\/wp-json\/wp\/v2\/users\/13"}],"replies":[{"embeddable":true,"href":"https:\/\/www.cretabeach.com\/es\/wp-json\/wp\/v2\/comments?post=9275"}],"version-history":[{"count":2,"href":"https:\/\/www.cretabeach.com\/es\/wp-json\/wp\/v2\/pages\/9275\/revisions"}],"predecessor-version":[{"id":10462,"href":"https:\/\/www.cretabeach.com\/es\/wp-json\/wp\/v2\/pages\/9275\/revisions\/10462"}],"wp:attachment":[{"href":"https:\/\/www.cretabeach.com\/es\/wp-json\/wp\/v2\/media?parent=9275"}],"curies":[{"name":"wp","href":"https:\/\/api.w.org\/{rel}","templated":true}]}}