{"id":6228,"date":"2024-04-04T06:57:27","date_gmt":"2024-04-04T06:57:27","guid":{"rendered":"https:\/\/www.cretabeach.com\/?page_id=6228"},"modified":"2026-03-17T08:41:05","modified_gmt":"2026-03-17T08:41:05","slug":"thalassohazi-restaurant","status":"publish","type":"page","link":"https:\/\/www.cretabeach.com\/fr\/thalassohazi-restaurant\/","title":{"rendered":"Restaurant principal Thalassoh\u00e5zi"},"content":{"rendered":"<p>Embarquez pour un voyage culinaire au <strong>Civitel Creta Beach<\/strong>, o\u00f9 une riche vari\u00e9t\u00e9 de saveurs vous attend au restaurant principal <em>Thalassoh\u00e1zi.<\/em><\/p>\n<p>Commencez votre journ\u00e9e par un copieux petit-d\u00e9jeuner buffet, proposant une s\u00e9lection all\u00e9chante de classiques continentaux et am\u00e9ricains, ainsi que des sp\u00e9cialit\u00e9s cr\u00e9toises authentiques telles que des fromages locaux, des desserts traditionnels, des biscottes et des olives, qui vous font d\u00e9couvrir toute l&rsquo;essence de l&rsquo;\u00eele directement \u00e0 votre table.<\/p>\n<p>Au fil de la journ\u00e9e, l&rsquo;exp\u00e9rience se poursuit jusqu&rsquo;au d\u00eener, o\u00f9 le c\u00e9l\u00e8bre r\u00e9gime cr\u00e9tois occupe le devant de la sc\u00e8ne. Des salades fra\u00eeches, des plats principaux savoureux et des desserts gourmands mettent en valeur la richesse de la cuisine m\u00e9diterran\u00e9enne, compl\u00e9t\u00e9e par des plats internationaux tels que des p\u00e2tes, des morceaux de viande de premi\u00e8re qualit\u00e9 et des douceurs irr\u00e9sistibles.<\/p>\n<p>Des stations de buffet soigneusement organis\u00e9es vous invitent \u00e0 d\u00e9couvrir chaque saveur \u00e0 votre rythme, tandis que le <strong>\u00ab Coin cr\u00e9tois \u00bb<\/strong> d\u00e9di\u00e9 met en avant des ingr\u00e9dients locaux et des recettes traditionnelles.<\/p>\n<p>Pour un cadre plus raffin\u00e9, les clients peuvent prendre leur repas au <em>Verand\u00e1moma<\/em>, l&rsquo;\u00e9l\u00e9gante extension du restaurant, o\u00f9 une atmosph\u00e8re sereine se marie \u00e0 une vue imprenable sur la mer.<\/p>\n<p>&nbsp;<\/p>\n","protected":false},"excerpt":{"rendered":"<p>Embarquez pour un voyage culinaire au Civitel Creta Beach, o\u00f9 une riche vari\u00e9t\u00e9 de saveurs vous attend au restaurant principal Thalassoh\u00e1zi. Commencez votre journ\u00e9e par un copieux petit-d\u00e9jeuner buffet, proposant une s\u00e9lection all\u00e9chante de classiques continentaux et am\u00e9ricains, ainsi que des sp\u00e9cialit\u00e9s cr\u00e9toises authentiques telles que des fromages locaux, des desserts traditionnels, des biscottes et [&hellip;]<\/p>\n","protected":false},"author":1,"featured_media":0,"parent":0,"menu_order":48,"comment_status":"closed","ping_status":"closed","template":"templates\/template-single.php","meta":[],"acf":[],"yoast_head":"<!-- This site is optimized with the Yoast SEO plugin v17.7 - https:\/\/yoast.com\/wordpress\/plugins\/seo\/ -->\n<meta name=\"robots\" content=\"index, follow, max-snippet:-1, max-image-preview:large, max-video-preview:-1\" \/>\n<link rel=\"canonical\" href=\"https:\/\/www.cretabeach.com\/fr\/?page_id=6228\" \/>\n<meta property=\"og:locale\" content=\"fr_FR\" \/>\n<meta property=\"og:type\" content=\"article\" \/>\n<meta property=\"og:title\" content=\"Restaurant principal Thalassoh\u00e5zi - Civitel Creta Beach\" \/>\n<meta property=\"og:description\" content=\"Embarquez pour un voyage culinaire au Civitel Creta Beach, o\u00f9 une riche vari\u00e9t\u00e9 de saveurs vous attend au restaurant principal Thalassoh\u00e1zi. Commencez votre journ\u00e9e par un copieux petit-d\u00e9jeuner buffet, proposant une s\u00e9lection all\u00e9chante de classiques continentaux et am\u00e9ricains, ainsi que des sp\u00e9cialit\u00e9s cr\u00e9toises authentiques telles que des fromages locaux, des desserts traditionnels, des biscottes et [&hellip;]\" \/>\n<meta property=\"og:url\" content=\"https:\/\/www.cretabeach.com\/fr\/?page_id=6228\" \/>\n<meta property=\"og:site_name\" content=\"Civitel Creta Beach\" \/>\n<meta property=\"article:publisher\" content=\"https:\/\/www.facebook.com\/CretaBeachHotel\" \/>\n<meta property=\"article:modified_time\" content=\"2026-03-17T08:41:05+00:00\" \/>\n<meta name=\"twitter:card\" content=\"summary_large_image\" \/>\n<meta name=\"twitter:label1\" content=\"Est. reading time\" \/>\n\t<meta name=\"twitter:data1\" content=\"1 minute\" \/>\n<script type=\"application\/ld+json\" class=\"yoast-schema-graph\">{\"@context\":\"https:\/\/schema.org\",\"@graph\":[{\"@type\":\"Organization\",\"@id\":\"https:\/\/www.cretabeach.com\/#organization\",\"name\":\"Civitel Creta Beach\",\"url\":\"https:\/\/www.cretabeach.com\/\",\"sameAs\":[\"https:\/\/www.facebook.com\/CretaBeachHotel\",\"https:\/\/www.instagram.com\/civitelcretabeach\/\"],\"logo\":{\"@type\":\"ImageObject\",\"@id\":\"https:\/\/www.cretabeach.com\/#logo\",\"inLanguage\":\"fr-FR\",\"url\":\"https:\/\/www.cretabeach.com\/wp-content\/uploads\/sites\/32\/2020\/10\/creta_beach_logo_new-01.svg\",\"contentUrl\":\"https:\/\/www.cretabeach.com\/wp-content\/uploads\/sites\/32\/2020\/10\/creta_beach_logo_new-01.svg\",\"width\":187,\"height\":102,\"caption\":\"Civitel Creta Beach\"},\"image\":{\"@id\":\"https:\/\/www.cretabeach.com\/#logo\"}},{\"@type\":\"WebSite\",\"@id\":\"https:\/\/www.cretabeach.com\/#website\",\"url\":\"https:\/\/www.cretabeach.com\/\",\"name\":\"Civitel Creta Beach\",\"description\":\"The best of seaside and the city\",\"publisher\":{\"@id\":\"https:\/\/www.cretabeach.com\/#organization\"},\"potentialAction\":[{\"@type\":\"SearchAction\",\"target\":{\"@type\":\"EntryPoint\",\"urlTemplate\":\"https:\/\/www.cretabeach.com\/?s={search_term_string}\"},\"query-input\":\"required name=search_term_string\"}],\"inLanguage\":\"fr-FR\"},{\"@type\":\"WebPage\",\"@id\":\"https:\/\/www.cretabeach.com\/fr\/?page_id=6228#webpage\",\"url\":\"https:\/\/www.cretabeach.com\/fr\/?page_id=6228\",\"name\":\"Restaurant principal Thalassoh\\u00e5zi - Civitel Creta Beach\",\"isPartOf\":{\"@id\":\"https:\/\/www.cretabeach.com\/#website\"},\"datePublished\":\"2024-04-04T06:57:27+00:00\",\"dateModified\":\"2026-03-17T08:41:05+00:00\",\"breadcrumb\":{\"@id\":\"https:\/\/www.cretabeach.com\/fr\/?page_id=6228#breadcrumb\"},\"inLanguage\":\"fr-FR\",\"potentialAction\":[{\"@type\":\"ReadAction\",\"target\":[\"https:\/\/www.cretabeach.com\/fr\/?page_id=6228\"]}]},{\"@type\":\"BreadcrumbList\",\"@id\":\"https:\/\/www.cretabeach.com\/fr\/?page_id=6228#breadcrumb\",\"itemListElement\":[{\"@type\":\"ListItem\",\"position\":1,\"name\":\"Home\",\"item\":\"https:\/\/www.cretabeach.com\/fr\/\"},{\"@type\":\"ListItem\",\"position\":2,\"name\":\"Thalassoh\\u00e5zi Restaurant\"}]}]}<\/script>\n<!-- \/ Yoast SEO plugin. -->","yoast_head_json":{"robots":{"index":"index","follow":"follow","max-snippet":"max-snippet:-1","max-image-preview":"max-image-preview:large","max-video-preview":"max-video-preview:-1"},"canonical":"https:\/\/www.cretabeach.com\/fr\/?page_id=6228","og_locale":"fr_FR","og_type":"article","og_title":"Restaurant principal Thalassoh\u00e5zi - Civitel Creta Beach","og_description":"Embarquez pour un voyage culinaire au Civitel Creta Beach, o\u00f9 une riche vari\u00e9t\u00e9 de saveurs vous attend au restaurant principal Thalassoh\u00e1zi. Commencez votre journ\u00e9e par un copieux petit-d\u00e9jeuner buffet, proposant une s\u00e9lection all\u00e9chante de classiques continentaux et am\u00e9ricains, ainsi que des sp\u00e9cialit\u00e9s cr\u00e9toises authentiques telles que des fromages locaux, des desserts traditionnels, des biscottes et [&hellip;]","og_url":"https:\/\/www.cretabeach.com\/fr\/?page_id=6228","og_site_name":"Civitel Creta Beach","article_publisher":"https:\/\/www.facebook.com\/CretaBeachHotel","article_modified_time":"2026-03-17T08:41:05+00:00","twitter_card":"summary_large_image","twitter_misc":{"Est. reading time":"1 minute"},"schema":{"@context":"https:\/\/schema.org","@graph":[{"@type":"Organization","@id":"https:\/\/www.cretabeach.com\/#organization","name":"Civitel Creta Beach","url":"https:\/\/www.cretabeach.com\/","sameAs":["https:\/\/www.facebook.com\/CretaBeachHotel","https:\/\/www.instagram.com\/civitelcretabeach\/"],"logo":{"@type":"ImageObject","@id":"https:\/\/www.cretabeach.com\/#logo","inLanguage":"fr-FR","url":"https:\/\/www.cretabeach.com\/wp-content\/uploads\/sites\/32\/2020\/10\/creta_beach_logo_new-01.svg","contentUrl":"https:\/\/www.cretabeach.com\/wp-content\/uploads\/sites\/32\/2020\/10\/creta_beach_logo_new-01.svg","width":187,"height":102,"caption":"Civitel Creta Beach"},"image":{"@id":"https:\/\/www.cretabeach.com\/#logo"}},{"@type":"WebSite","@id":"https:\/\/www.cretabeach.com\/#website","url":"https:\/\/www.cretabeach.com\/","name":"Civitel Creta Beach","description":"The best of seaside and the city","publisher":{"@id":"https:\/\/www.cretabeach.com\/#organization"},"potentialAction":[{"@type":"SearchAction","target":{"@type":"EntryPoint","urlTemplate":"https:\/\/www.cretabeach.com\/?s={search_term_string}"},"query-input":"required name=search_term_string"}],"inLanguage":"fr-FR"},{"@type":"WebPage","@id":"https:\/\/www.cretabeach.com\/fr\/?page_id=6228#webpage","url":"https:\/\/www.cretabeach.com\/fr\/?page_id=6228","name":"Restaurant principal Thalassoh\u00e5zi - Civitel Creta Beach","isPartOf":{"@id":"https:\/\/www.cretabeach.com\/#website"},"datePublished":"2024-04-04T06:57:27+00:00","dateModified":"2026-03-17T08:41:05+00:00","breadcrumb":{"@id":"https:\/\/www.cretabeach.com\/fr\/?page_id=6228#breadcrumb"},"inLanguage":"fr-FR","potentialAction":[{"@type":"ReadAction","target":["https:\/\/www.cretabeach.com\/fr\/?page_id=6228"]}]},{"@type":"BreadcrumbList","@id":"https:\/\/www.cretabeach.com\/fr\/?page_id=6228#breadcrumb","itemListElement":[{"@type":"ListItem","position":1,"name":"Home","item":"https:\/\/www.cretabeach.com\/fr\/"},{"@type":"ListItem","position":2,"name":"Thalassoh\u00e5zi Restaurant"}]}]}},"_links":{"self":[{"href":"https:\/\/www.cretabeach.com\/fr\/wp-json\/wp\/v2\/pages\/6228"}],"collection":[{"href":"https:\/\/www.cretabeach.com\/fr\/wp-json\/wp\/v2\/pages"}],"about":[{"href":"https:\/\/www.cretabeach.com\/fr\/wp-json\/wp\/v2\/types\/page"}],"author":[{"embeddable":true,"href":"https:\/\/www.cretabeach.com\/fr\/wp-json\/wp\/v2\/users\/1"}],"replies":[{"embeddable":true,"href":"https:\/\/www.cretabeach.com\/fr\/wp-json\/wp\/v2\/comments?post=6228"}],"version-history":[{"count":11,"href":"https:\/\/www.cretabeach.com\/fr\/wp-json\/wp\/v2\/pages\/6228\/revisions"}],"predecessor-version":[{"id":10841,"href":"https:\/\/www.cretabeach.com\/fr\/wp-json\/wp\/v2\/pages\/6228\/revisions\/10841"}],"wp:attachment":[{"href":"https:\/\/www.cretabeach.com\/fr\/wp-json\/wp\/v2\/media?parent=6228"}],"curies":[{"name":"wp","href":"https:\/\/api.w.org\/{rel}","templated":true}]}}