{"id":6255,"date":"2024-04-04T06:47:45","date_gmt":"2024-04-04T06:47:45","guid":{"rendered":"https:\/\/www.cretabeach.com\/?page_id=6255"},"modified":"2026-02-05T14:34:56","modified_gmt":"2026-02-05T14:34:56","slug":"restaurant-onirokipos","status":"publish","type":"page","link":"https:\/\/www.cretabeach.com\/fr\/restaurant-onirokipos\/","title":{"rendered":"Restaurant Onir\u00f3kipos"},"content":{"rendered":"<p>Nich\u00e9 dans un jardin verdoyant et enchanteur, le restaurant Onir\u00f3kipos vous invite \u00e0 embarquer pour un voyage gastronomique \u00e0 la d\u00e9couverte des riches saveurs de la tradition culinaire grecque red\u00e9finie de fa\u00e7on moderne. L&rsquo;espace ext\u00e9rieur, \u00e9l\u00e9gamment con\u00e7u, vous permet de profiter de la beaut\u00e9 de la nature, cr\u00e9ant une atmosph\u00e8re sereine et calme qui intensifie les saveurs exquises de nos plats.<\/p>\n<p>Les soir\u00e9es au restaurant Onir\u00f3kipos offrent une exp\u00e9rience culinaire qui \u00e9l\u00e8ve les sens. Ici, la tradition culinaire grecque se marie harmonieusement avec les tendances gastronomiques modernes. Notre d\u00eener est une invitation \u00e0 d\u00e9couvrir des plats raffin\u00e9s qui refl\u00e8tent la riche histoire culinaire de la Gr\u00e8ce et son \u00e9volution. Accompagn\u00e9 d\u2019une s\u00e9lection de vins fins, le d\u00eener \u00e0 l&rsquo;Onir\u00f3kipos sera le point culminant de votre exp\u00e9rience gastronomique que vous n&rsquo;oublierez jamais.<\/p>\n<p style=\"text-align: right;\"><a href=\"https:\/\/onirokipos.gr\/#contact\"><strong>R\u00e9servez votre table<\/strong><\/a><\/p>\n","protected":false},"excerpt":{"rendered":"<p>Nich\u00e9 dans un jardin verdoyant et enchanteur, le restaurant Onir\u00f3kipos vous invite \u00e0 embarquer pour un voyage gastronomique \u00e0 la d\u00e9couverte des riches saveurs de la tradition culinaire grecque red\u00e9finie de fa\u00e7on moderne. L&rsquo;espace ext\u00e9rieur, \u00e9l\u00e9gamment con\u00e7u, vous permet de profiter de la beaut\u00e9 de la nature, cr\u00e9ant une atmosph\u00e8re sereine et calme qui intensifie [&hellip;]<\/p>\n","protected":false},"author":10,"featured_media":0,"parent":0,"menu_order":9,"comment_status":"closed","ping_status":"closed","template":"templates\/template-single.php","meta":[],"acf":[],"yoast_head":"<!-- This site is optimized with the Yoast SEO plugin v17.7 - https:\/\/yoast.com\/wordpress\/plugins\/seo\/ -->\n<meta name=\"robots\" content=\"index, follow, max-snippet:-1, max-image-preview:large, max-video-preview:-1\" \/>\n<link rel=\"canonical\" href=\"https:\/\/www.cretabeach.com\/fr\/?page_id=6255\" \/>\n<meta property=\"og:locale\" content=\"fr_FR\" \/>\n<meta property=\"og:type\" content=\"article\" \/>\n<meta property=\"og:title\" content=\"Restaurant Onir\u00f3kipos - Civitel Creta Beach\" \/>\n<meta property=\"og:description\" content=\"Nich\u00e9 dans un jardin verdoyant et enchanteur, le restaurant Onir\u00f3kipos vous invite \u00e0 embarquer pour un voyage gastronomique \u00e0 la d\u00e9couverte des riches saveurs de la tradition culinaire grecque red\u00e9finie de fa\u00e7on moderne. L&rsquo;espace ext\u00e9rieur, \u00e9l\u00e9gamment con\u00e7u, vous permet de profiter de la beaut\u00e9 de la nature, cr\u00e9ant une atmosph\u00e8re sereine et calme qui intensifie [&hellip;]\" \/>\n<meta property=\"og:url\" content=\"https:\/\/www.cretabeach.com\/fr\/?page_id=6255\" \/>\n<meta property=\"og:site_name\" content=\"Civitel Creta Beach\" \/>\n<meta property=\"article:publisher\" content=\"https:\/\/www.facebook.com\/CretaBeachHotel\" \/>\n<meta property=\"article:modified_time\" content=\"2026-02-05T14:34:56+00:00\" \/>\n<meta name=\"twitter:card\" content=\"summary_large_image\" \/>\n<meta name=\"twitter:label1\" content=\"Est. reading time\" \/>\n\t<meta name=\"twitter:data1\" content=\"1 minute\" \/>\n<script type=\"application\/ld+json\" class=\"yoast-schema-graph\">{\"@context\":\"https:\/\/schema.org\",\"@graph\":[{\"@type\":\"Organization\",\"@id\":\"https:\/\/www.cretabeach.com\/#organization\",\"name\":\"Civitel Creta Beach\",\"url\":\"https:\/\/www.cretabeach.com\/\",\"sameAs\":[\"https:\/\/www.facebook.com\/CretaBeachHotel\",\"https:\/\/www.instagram.com\/civitelcretabeach\/\"],\"logo\":{\"@type\":\"ImageObject\",\"@id\":\"https:\/\/www.cretabeach.com\/#logo\",\"inLanguage\":\"fr-FR\",\"url\":\"https:\/\/www.cretabeach.com\/wp-content\/uploads\/sites\/32\/2020\/10\/creta_beach_logo_new-01.svg\",\"contentUrl\":\"https:\/\/www.cretabeach.com\/wp-content\/uploads\/sites\/32\/2020\/10\/creta_beach_logo_new-01.svg\",\"width\":187,\"height\":102,\"caption\":\"Civitel Creta Beach\"},\"image\":{\"@id\":\"https:\/\/www.cretabeach.com\/#logo\"}},{\"@type\":\"WebSite\",\"@id\":\"https:\/\/www.cretabeach.com\/#website\",\"url\":\"https:\/\/www.cretabeach.com\/\",\"name\":\"Civitel Creta Beach\",\"description\":\"The best of seaside and the city\",\"publisher\":{\"@id\":\"https:\/\/www.cretabeach.com\/#organization\"},\"potentialAction\":[{\"@type\":\"SearchAction\",\"target\":{\"@type\":\"EntryPoint\",\"urlTemplate\":\"https:\/\/www.cretabeach.com\/?s={search_term_string}\"},\"query-input\":\"required name=search_term_string\"}],\"inLanguage\":\"fr-FR\"},{\"@type\":\"WebPage\",\"@id\":\"https:\/\/www.cretabeach.com\/fr\/?page_id=6255#webpage\",\"url\":\"https:\/\/www.cretabeach.com\/fr\/?page_id=6255\",\"name\":\"Restaurant Onir\\u00f3kipos - Civitel Creta Beach\",\"isPartOf\":{\"@id\":\"https:\/\/www.cretabeach.com\/#website\"},\"datePublished\":\"2024-04-04T06:47:45+00:00\",\"dateModified\":\"2026-02-05T14:34:56+00:00\",\"breadcrumb\":{\"@id\":\"https:\/\/www.cretabeach.com\/fr\/?page_id=6255#breadcrumb\"},\"inLanguage\":\"fr-FR\",\"potentialAction\":[{\"@type\":\"ReadAction\",\"target\":[\"https:\/\/www.cretabeach.com\/fr\/?page_id=6255\"]}]},{\"@type\":\"BreadcrumbList\",\"@id\":\"https:\/\/www.cretabeach.com\/fr\/?page_id=6255#breadcrumb\",\"itemListElement\":[{\"@type\":\"ListItem\",\"position\":1,\"name\":\"Home\",\"item\":\"https:\/\/www.cretabeach.com\/fr\/\"},{\"@type\":\"ListItem\",\"position\":2,\"name\":\"Onir\\u00f3kipos Restaurant\"}]}]}<\/script>\n<!-- \/ Yoast SEO plugin. -->","yoast_head_json":{"robots":{"index":"index","follow":"follow","max-snippet":"max-snippet:-1","max-image-preview":"max-image-preview:large","max-video-preview":"max-video-preview:-1"},"canonical":"https:\/\/www.cretabeach.com\/fr\/?page_id=6255","og_locale":"fr_FR","og_type":"article","og_title":"Restaurant Onir\u00f3kipos - Civitel Creta Beach","og_description":"Nich\u00e9 dans un jardin verdoyant et enchanteur, le restaurant Onir\u00f3kipos vous invite \u00e0 embarquer pour un voyage gastronomique \u00e0 la d\u00e9couverte des riches saveurs de la tradition culinaire grecque red\u00e9finie de fa\u00e7on moderne. L&rsquo;espace ext\u00e9rieur, \u00e9l\u00e9gamment con\u00e7u, vous permet de profiter de la beaut\u00e9 de la nature, cr\u00e9ant une atmosph\u00e8re sereine et calme qui intensifie [&hellip;]","og_url":"https:\/\/www.cretabeach.com\/fr\/?page_id=6255","og_site_name":"Civitel Creta Beach","article_publisher":"https:\/\/www.facebook.com\/CretaBeachHotel","article_modified_time":"2026-02-05T14:34:56+00:00","twitter_card":"summary_large_image","twitter_misc":{"Est. reading time":"1 minute"},"schema":{"@context":"https:\/\/schema.org","@graph":[{"@type":"Organization","@id":"https:\/\/www.cretabeach.com\/#organization","name":"Civitel Creta Beach","url":"https:\/\/www.cretabeach.com\/","sameAs":["https:\/\/www.facebook.com\/CretaBeachHotel","https:\/\/www.instagram.com\/civitelcretabeach\/"],"logo":{"@type":"ImageObject","@id":"https:\/\/www.cretabeach.com\/#logo","inLanguage":"fr-FR","url":"https:\/\/www.cretabeach.com\/wp-content\/uploads\/sites\/32\/2020\/10\/creta_beach_logo_new-01.svg","contentUrl":"https:\/\/www.cretabeach.com\/wp-content\/uploads\/sites\/32\/2020\/10\/creta_beach_logo_new-01.svg","width":187,"height":102,"caption":"Civitel Creta Beach"},"image":{"@id":"https:\/\/www.cretabeach.com\/#logo"}},{"@type":"WebSite","@id":"https:\/\/www.cretabeach.com\/#website","url":"https:\/\/www.cretabeach.com\/","name":"Civitel Creta Beach","description":"The best of seaside and the city","publisher":{"@id":"https:\/\/www.cretabeach.com\/#organization"},"potentialAction":[{"@type":"SearchAction","target":{"@type":"EntryPoint","urlTemplate":"https:\/\/www.cretabeach.com\/?s={search_term_string}"},"query-input":"required name=search_term_string"}],"inLanguage":"fr-FR"},{"@type":"WebPage","@id":"https:\/\/www.cretabeach.com\/fr\/?page_id=6255#webpage","url":"https:\/\/www.cretabeach.com\/fr\/?page_id=6255","name":"Restaurant Onir\u00f3kipos - Civitel Creta Beach","isPartOf":{"@id":"https:\/\/www.cretabeach.com\/#website"},"datePublished":"2024-04-04T06:47:45+00:00","dateModified":"2026-02-05T14:34:56+00:00","breadcrumb":{"@id":"https:\/\/www.cretabeach.com\/fr\/?page_id=6255#breadcrumb"},"inLanguage":"fr-FR","potentialAction":[{"@type":"ReadAction","target":["https:\/\/www.cretabeach.com\/fr\/?page_id=6255"]}]},{"@type":"BreadcrumbList","@id":"https:\/\/www.cretabeach.com\/fr\/?page_id=6255#breadcrumb","itemListElement":[{"@type":"ListItem","position":1,"name":"Home","item":"https:\/\/www.cretabeach.com\/fr\/"},{"@type":"ListItem","position":2,"name":"Onir\u00f3kipos Restaurant"}]}]}},"_links":{"self":[{"href":"https:\/\/www.cretabeach.com\/fr\/wp-json\/wp\/v2\/pages\/6255"}],"collection":[{"href":"https:\/\/www.cretabeach.com\/fr\/wp-json\/wp\/v2\/pages"}],"about":[{"href":"https:\/\/www.cretabeach.com\/fr\/wp-json\/wp\/v2\/types\/page"}],"author":[{"embeddable":true,"href":"https:\/\/www.cretabeach.com\/fr\/wp-json\/wp\/v2\/users\/10"}],"replies":[{"embeddable":true,"href":"https:\/\/www.cretabeach.com\/fr\/wp-json\/wp\/v2\/comments?post=6255"}],"version-history":[{"count":11,"href":"https:\/\/www.cretabeach.com\/fr\/wp-json\/wp\/v2\/pages\/6255\/revisions"}],"predecessor-version":[{"id":10440,"href":"https:\/\/www.cretabeach.com\/fr\/wp-json\/wp\/v2\/pages\/6255\/revisions\/10440"}],"wp:attachment":[{"href":"https:\/\/www.cretabeach.com\/fr\/wp-json\/wp\/v2\/media?parent=6255"}],"curies":[{"name":"wp","href":"https:\/\/api.w.org\/{rel}","templated":true}]}}