{"id":6321,"date":"2024-04-04T06:52:32","date_gmt":"2024-04-04T06:52:32","guid":{"rendered":"https:\/\/www.cretabeach.com\/?page_id=6321"},"modified":"2026-02-05T14:35:37","modified_gmt":"2026-02-05T14:35:37","slug":"snack-bar-de-la-piscine-iliogiomo-2","status":"publish","type":"page","link":"https:\/\/www.cretabeach.com\/fr\/snack-bar-de-la-piscine-iliogiomo-2\/","title":{"rendered":"Snack-bar de la piscine Ili\u00f3giomo"},"content":{"rendered":"<p>Le snack-bar Ili\u00f3giomo est situ\u00e9 \u00e0 c\u00f4t\u00e9 de la piscine, pour vous servir, que vous profitiez de la fra\u00eecheur de l&rsquo;eau ou la chaleur du soleil. Avec son rythme d\u00e9tendu et son environnement pittoresque, le snack-bar de la piscine est le point central de vos vacances, offrant une combinaison parfaite de d\u00e9tente et de rajeunissement.<\/p>\n<p>Avec ses vues imprenables, ses chaises longues confortables et ses coins ombrag\u00e9s, le bar de la piscine est l&rsquo;endroit id\u00e9al pour se reposer de la baignade, lire ou simplement profiter du rythme d\u00e9tendu de vos vacances au bord de la piscine. Notre personnel amical et serviable est toujours \u00e0 votre disposition pour que vous profitiez de chaque instant.<\/p>\n<p>Des jus fra\u00eechement press\u00e9s aux cocktails exotiques et bi\u00e8res glac\u00e9es, notre liste est con\u00e7ue pour vous permettre de vous rafra\u00eechir tout en profitant du soleil. En compl\u00e9ment, l&rsquo;Ili\u00f3giomo propose une vari\u00e9t\u00e9 de snacks et de repas l\u00e9gers con\u00e7us pour \u00eatre savour\u00e9s au bord de l&rsquo;eau. Que vous ayez envie d&rsquo;une salade croustillante, d&rsquo;un d\u00e9licieux sandwich ou m\u00eame d&rsquo;une omelette chaude, vous trouverez certainement ce qu&rsquo;il vous faut dans notre menu qui vous satisfera sans vous alourdir. Pr\u00e9par\u00e9s avec des ingr\u00e9dients frais et de qualit\u00e9, tous les plats t\u00e9moignent de notre engagement en faveur du go\u00fbt et d&rsquo;une alimentation saine.<\/p>\n","protected":false},"excerpt":{"rendered":"<p>Le snack-bar Ili\u00f3giomo est situ\u00e9 \u00e0 c\u00f4t\u00e9 de la piscine, pour vous servir, que vous profitiez de la fra\u00eecheur de l&rsquo;eau ou la chaleur du soleil. Avec son rythme d\u00e9tendu et son environnement pittoresque, le snack-bar de la piscine est le point central de vos vacances, offrant une combinaison parfaite de d\u00e9tente et de rajeunissement. [&hellip;]<\/p>\n","protected":false},"author":10,"featured_media":0,"parent":0,"menu_order":21,"comment_status":"closed","ping_status":"closed","template":"templates\/template-single.php","meta":[],"acf":[],"yoast_head":"<!-- This site is optimized with the Yoast SEO plugin v17.7 - https:\/\/yoast.com\/wordpress\/plugins\/seo\/ -->\n<meta name=\"robots\" content=\"index, follow, max-snippet:-1, max-image-preview:large, max-video-preview:-1\" \/>\n<link rel=\"canonical\" href=\"https:\/\/www.cretabeach.com\/fr\/?page_id=6321\" \/>\n<meta property=\"og:locale\" content=\"fr_FR\" \/>\n<meta property=\"og:type\" content=\"article\" \/>\n<meta property=\"og:title\" content=\"Snack-bar de la piscine Ili\u00f3giomo - Civitel Creta Beach\" \/>\n<meta property=\"og:description\" content=\"Le snack-bar Ili\u00f3giomo est situ\u00e9 \u00e0 c\u00f4t\u00e9 de la piscine, pour vous servir, que vous profitiez de la fra\u00eecheur de l&rsquo;eau ou la chaleur du soleil. Avec son rythme d\u00e9tendu et son environnement pittoresque, le snack-bar de la piscine est le point central de vos vacances, offrant une combinaison parfaite de d\u00e9tente et de rajeunissement. [&hellip;]\" \/>\n<meta property=\"og:url\" content=\"https:\/\/www.cretabeach.com\/fr\/?page_id=6321\" \/>\n<meta property=\"og:site_name\" content=\"Civitel Creta Beach\" \/>\n<meta property=\"article:publisher\" content=\"https:\/\/www.facebook.com\/CretaBeachHotel\" \/>\n<meta property=\"article:modified_time\" content=\"2026-02-05T14:35:37+00:00\" \/>\n<meta name=\"twitter:card\" content=\"summary_large_image\" \/>\n<meta name=\"twitter:label1\" content=\"Est. reading time\" \/>\n\t<meta name=\"twitter:data1\" content=\"1 minute\" \/>\n<script type=\"application\/ld+json\" class=\"yoast-schema-graph\">{\"@context\":\"https:\/\/schema.org\",\"@graph\":[{\"@type\":\"Organization\",\"@id\":\"https:\/\/www.cretabeach.com\/#organization\",\"name\":\"Civitel Creta Beach\",\"url\":\"https:\/\/www.cretabeach.com\/\",\"sameAs\":[\"https:\/\/www.facebook.com\/CretaBeachHotel\",\"https:\/\/www.instagram.com\/civitelcretabeach\/\"],\"logo\":{\"@type\":\"ImageObject\",\"@id\":\"https:\/\/www.cretabeach.com\/#logo\",\"inLanguage\":\"fr-FR\",\"url\":\"https:\/\/www.cretabeach.com\/wp-content\/uploads\/sites\/32\/2020\/10\/creta_beach_logo_new-01.svg\",\"contentUrl\":\"https:\/\/www.cretabeach.com\/wp-content\/uploads\/sites\/32\/2020\/10\/creta_beach_logo_new-01.svg\",\"width\":187,\"height\":102,\"caption\":\"Civitel Creta Beach\"},\"image\":{\"@id\":\"https:\/\/www.cretabeach.com\/#logo\"}},{\"@type\":\"WebSite\",\"@id\":\"https:\/\/www.cretabeach.com\/#website\",\"url\":\"https:\/\/www.cretabeach.com\/\",\"name\":\"Civitel Creta Beach\",\"description\":\"The best of seaside and the city\",\"publisher\":{\"@id\":\"https:\/\/www.cretabeach.com\/#organization\"},\"potentialAction\":[{\"@type\":\"SearchAction\",\"target\":{\"@type\":\"EntryPoint\",\"urlTemplate\":\"https:\/\/www.cretabeach.com\/?s={search_term_string}\"},\"query-input\":\"required name=search_term_string\"}],\"inLanguage\":\"fr-FR\"},{\"@type\":\"WebPage\",\"@id\":\"https:\/\/www.cretabeach.com\/fr\/?page_id=6321#webpage\",\"url\":\"https:\/\/www.cretabeach.com\/fr\/?page_id=6321\",\"name\":\"Snack-bar de la piscine Ili\\u00f3giomo - Civitel Creta Beach\",\"isPartOf\":{\"@id\":\"https:\/\/www.cretabeach.com\/#website\"},\"datePublished\":\"2024-04-04T06:52:32+00:00\",\"dateModified\":\"2026-02-05T14:35:37+00:00\",\"breadcrumb\":{\"@id\":\"https:\/\/www.cretabeach.com\/fr\/?page_id=6321#breadcrumb\"},\"inLanguage\":\"fr-FR\",\"potentialAction\":[{\"@type\":\"ReadAction\",\"target\":[\"https:\/\/www.cretabeach.com\/fr\/?page_id=6321\"]}]},{\"@type\":\"BreadcrumbList\",\"@id\":\"https:\/\/www.cretabeach.com\/fr\/?page_id=6321#breadcrumb\",\"itemListElement\":[{\"@type\":\"ListItem\",\"position\":1,\"name\":\"Home\",\"item\":\"https:\/\/www.cretabeach.com\/fr\/\"},{\"@type\":\"ListItem\",\"position\":2,\"name\":\"Ili\\u00f3giom\\u03bf Pool Snack Bar\"}]}]}<\/script>\n<!-- \/ Yoast SEO plugin. -->","yoast_head_json":{"robots":{"index":"index","follow":"follow","max-snippet":"max-snippet:-1","max-image-preview":"max-image-preview:large","max-video-preview":"max-video-preview:-1"},"canonical":"https:\/\/www.cretabeach.com\/fr\/?page_id=6321","og_locale":"fr_FR","og_type":"article","og_title":"Snack-bar de la piscine Ili\u00f3giomo - Civitel Creta Beach","og_description":"Le snack-bar Ili\u00f3giomo est situ\u00e9 \u00e0 c\u00f4t\u00e9 de la piscine, pour vous servir, que vous profitiez de la fra\u00eecheur de l&rsquo;eau ou la chaleur du soleil. Avec son rythme d\u00e9tendu et son environnement pittoresque, le snack-bar de la piscine est le point central de vos vacances, offrant une combinaison parfaite de d\u00e9tente et de rajeunissement. [&hellip;]","og_url":"https:\/\/www.cretabeach.com\/fr\/?page_id=6321","og_site_name":"Civitel Creta Beach","article_publisher":"https:\/\/www.facebook.com\/CretaBeachHotel","article_modified_time":"2026-02-05T14:35:37+00:00","twitter_card":"summary_large_image","twitter_misc":{"Est. reading time":"1 minute"},"schema":{"@context":"https:\/\/schema.org","@graph":[{"@type":"Organization","@id":"https:\/\/www.cretabeach.com\/#organization","name":"Civitel Creta Beach","url":"https:\/\/www.cretabeach.com\/","sameAs":["https:\/\/www.facebook.com\/CretaBeachHotel","https:\/\/www.instagram.com\/civitelcretabeach\/"],"logo":{"@type":"ImageObject","@id":"https:\/\/www.cretabeach.com\/#logo","inLanguage":"fr-FR","url":"https:\/\/www.cretabeach.com\/wp-content\/uploads\/sites\/32\/2020\/10\/creta_beach_logo_new-01.svg","contentUrl":"https:\/\/www.cretabeach.com\/wp-content\/uploads\/sites\/32\/2020\/10\/creta_beach_logo_new-01.svg","width":187,"height":102,"caption":"Civitel Creta Beach"},"image":{"@id":"https:\/\/www.cretabeach.com\/#logo"}},{"@type":"WebSite","@id":"https:\/\/www.cretabeach.com\/#website","url":"https:\/\/www.cretabeach.com\/","name":"Civitel Creta Beach","description":"The best of seaside and the city","publisher":{"@id":"https:\/\/www.cretabeach.com\/#organization"},"potentialAction":[{"@type":"SearchAction","target":{"@type":"EntryPoint","urlTemplate":"https:\/\/www.cretabeach.com\/?s={search_term_string}"},"query-input":"required name=search_term_string"}],"inLanguage":"fr-FR"},{"@type":"WebPage","@id":"https:\/\/www.cretabeach.com\/fr\/?page_id=6321#webpage","url":"https:\/\/www.cretabeach.com\/fr\/?page_id=6321","name":"Snack-bar de la piscine Ili\u00f3giomo - Civitel Creta Beach","isPartOf":{"@id":"https:\/\/www.cretabeach.com\/#website"},"datePublished":"2024-04-04T06:52:32+00:00","dateModified":"2026-02-05T14:35:37+00:00","breadcrumb":{"@id":"https:\/\/www.cretabeach.com\/fr\/?page_id=6321#breadcrumb"},"inLanguage":"fr-FR","potentialAction":[{"@type":"ReadAction","target":["https:\/\/www.cretabeach.com\/fr\/?page_id=6321"]}]},{"@type":"BreadcrumbList","@id":"https:\/\/www.cretabeach.com\/fr\/?page_id=6321#breadcrumb","itemListElement":[{"@type":"ListItem","position":1,"name":"Home","item":"https:\/\/www.cretabeach.com\/fr\/"},{"@type":"ListItem","position":2,"name":"Ili\u00f3giom\u03bf Pool Snack Bar"}]}]}},"_links":{"self":[{"href":"https:\/\/www.cretabeach.com\/fr\/wp-json\/wp\/v2\/pages\/6321"}],"collection":[{"href":"https:\/\/www.cretabeach.com\/fr\/wp-json\/wp\/v2\/pages"}],"about":[{"href":"https:\/\/www.cretabeach.com\/fr\/wp-json\/wp\/v2\/types\/page"}],"author":[{"embeddable":true,"href":"https:\/\/www.cretabeach.com\/fr\/wp-json\/wp\/v2\/users\/10"}],"replies":[{"embeddable":true,"href":"https:\/\/www.cretabeach.com\/fr\/wp-json\/wp\/v2\/comments?post=6321"}],"version-history":[{"count":6,"href":"https:\/\/www.cretabeach.com\/fr\/wp-json\/wp\/v2\/pages\/6321\/revisions"}],"predecessor-version":[{"id":10441,"href":"https:\/\/www.cretabeach.com\/fr\/wp-json\/wp\/v2\/pages\/6321\/revisions\/10441"}],"wp:attachment":[{"href":"https:\/\/www.cretabeach.com\/fr\/wp-json\/wp\/v2\/media?parent=6321"}],"curies":[{"name":"wp","href":"https:\/\/api.w.org\/{rel}","templated":true}]}}