{"id":6342,"date":"2024-04-04T06:55:00","date_gmt":"2024-04-04T06:55:00","guid":{"rendered":"https:\/\/www.cretabeach.com\/?page_id=6342"},"modified":"2026-02-05T14:37:05","modified_gmt":"2026-02-05T14:37:05","slug":"fengaropioto-bar","status":"publish","type":"page","link":"https:\/\/www.cretabeach.com\/fr\/fengaropioto-bar\/","title":{"rendered":"Fengar\u00f3pioto Bar"},"content":{"rendered":"<p>Situ\u00e9 en bord de mer, Fengar\u00f3pioto est plus qu&rsquo;un simple bar &#8211; c&rsquo;est l&rsquo;endroit o\u00f9 la vue \u00e0 couper le souffle sur la mer cr\u00e9e le d\u00e9cor de soir\u00e9es inoubliables. Premier point de rep\u00e8re de l&rsquo;h\u00f4tel, le bar Fengar\u00f3pioto offre aux clients l&rsquo;occasion unique de se d\u00e9tendre et de prendre un verre en profitant de la beaut\u00e9 in\u00e9gal\u00e9e des vues panoramiques sur la mer.<\/p>\n<p>Le bar propose une large s\u00e9lection de spiritueux de premier choix, de vins fins et de cocktails originaux, tous soigneusement s\u00e9lectionn\u00e9s pour satisfaire les go\u00fbts les plus exigeants. Des cocktails classiques aux cocktails signatures impregn\u00e9s de saveurs locales, chaque gorg\u00e9e est une invitation \u00e0 s&rsquo;adonner \u00e0 l&rsquo;art de la mixologie.<\/p>\n<p>Il n&rsquo;y a pas de meilleur endroit que Fengar\u00f3pioto pour admirer la magie du coucher de soleil. Alors que le jour c\u00e8de la place \u00e0 la nuit, admirez le ciel se peindre en nuances d&rsquo;orange, de rose et de violet, et le spectacle se refl\u00e9ter dans la mer sereine. Restez jusqu&rsquo;\u00e0 ce que les \u00e9toiles apparaissent, transformant votre soir\u00e9e en une c\u00e9l\u00e9bration scintillante sous le ciel nocturne. Que vous souhaitiez f\u00eater une occasion sp\u00e9ciale, vous d\u00e9tendre apr\u00e8s une journ\u00e9e d&rsquo;exploration ou simplement vous amuser autour d&rsquo;un verre en profitant de la beaut\u00e9 de la nature, Fengar\u00f3pioto vous souhaite la bienvenue.<\/p>\n","protected":false},"excerpt":{"rendered":"<p>Situ\u00e9 en bord de mer, Fengar\u00f3pioto est plus qu&rsquo;un simple bar &#8211; c&rsquo;est l&rsquo;endroit o\u00f9 la vue \u00e0 couper le souffle sur la mer cr\u00e9e le d\u00e9cor de soir\u00e9es inoubliables. Premier point de rep\u00e8re de l&rsquo;h\u00f4tel, le bar Fengar\u00f3pioto offre aux clients l&rsquo;occasion unique de se d\u00e9tendre et de prendre un verre en profitant de [&hellip;]<\/p>\n","protected":false},"author":10,"featured_media":0,"parent":0,"menu_order":36,"comment_status":"closed","ping_status":"closed","template":"templates\/template-single.php","meta":[],"acf":[],"yoast_head":"<!-- This site is optimized with the Yoast SEO plugin v17.7 - https:\/\/yoast.com\/wordpress\/plugins\/seo\/ -->\n<meta name=\"robots\" content=\"index, follow, max-snippet:-1, max-image-preview:large, max-video-preview:-1\" \/>\n<link rel=\"canonical\" href=\"https:\/\/www.cretabeach.com\/fr\/?page_id=6342\" \/>\n<meta property=\"og:locale\" content=\"fr_FR\" \/>\n<meta property=\"og:type\" content=\"article\" \/>\n<meta property=\"og:title\" content=\"Fengar\u00f3pioto Bar - Civitel Creta Beach\" \/>\n<meta property=\"og:description\" content=\"Situ\u00e9 en bord de mer, Fengar\u00f3pioto est plus qu&rsquo;un simple bar &#8211; c&rsquo;est l&rsquo;endroit o\u00f9 la vue \u00e0 couper le souffle sur la mer cr\u00e9e le d\u00e9cor de soir\u00e9es inoubliables. Premier point de rep\u00e8re de l&rsquo;h\u00f4tel, le bar Fengar\u00f3pioto offre aux clients l&rsquo;occasion unique de se d\u00e9tendre et de prendre un verre en profitant de [&hellip;]\" \/>\n<meta property=\"og:url\" content=\"https:\/\/www.cretabeach.com\/fr\/?page_id=6342\" \/>\n<meta property=\"og:site_name\" content=\"Civitel Creta Beach\" \/>\n<meta property=\"article:publisher\" content=\"https:\/\/www.facebook.com\/CretaBeachHotel\" \/>\n<meta property=\"article:modified_time\" content=\"2026-02-05T14:37:05+00:00\" \/>\n<meta name=\"twitter:card\" content=\"summary_large_image\" \/>\n<meta name=\"twitter:label1\" content=\"Est. reading time\" \/>\n\t<meta name=\"twitter:data1\" content=\"1 minute\" \/>\n<script type=\"application\/ld+json\" class=\"yoast-schema-graph\">{\"@context\":\"https:\/\/schema.org\",\"@graph\":[{\"@type\":\"Organization\",\"@id\":\"https:\/\/www.cretabeach.com\/#organization\",\"name\":\"Civitel Creta Beach\",\"url\":\"https:\/\/www.cretabeach.com\/\",\"sameAs\":[\"https:\/\/www.facebook.com\/CretaBeachHotel\",\"https:\/\/www.instagram.com\/civitelcretabeach\/\"],\"logo\":{\"@type\":\"ImageObject\",\"@id\":\"https:\/\/www.cretabeach.com\/#logo\",\"inLanguage\":\"fr-FR\",\"url\":\"https:\/\/www.cretabeach.com\/wp-content\/uploads\/sites\/32\/2020\/10\/creta_beach_logo_new-01.svg\",\"contentUrl\":\"https:\/\/www.cretabeach.com\/wp-content\/uploads\/sites\/32\/2020\/10\/creta_beach_logo_new-01.svg\",\"width\":187,\"height\":102,\"caption\":\"Civitel Creta Beach\"},\"image\":{\"@id\":\"https:\/\/www.cretabeach.com\/#logo\"}},{\"@type\":\"WebSite\",\"@id\":\"https:\/\/www.cretabeach.com\/#website\",\"url\":\"https:\/\/www.cretabeach.com\/\",\"name\":\"Civitel Creta Beach\",\"description\":\"The best of seaside and the city\",\"publisher\":{\"@id\":\"https:\/\/www.cretabeach.com\/#organization\"},\"potentialAction\":[{\"@type\":\"SearchAction\",\"target\":{\"@type\":\"EntryPoint\",\"urlTemplate\":\"https:\/\/www.cretabeach.com\/?s={search_term_string}\"},\"query-input\":\"required name=search_term_string\"}],\"inLanguage\":\"fr-FR\"},{\"@type\":\"WebPage\",\"@id\":\"https:\/\/www.cretabeach.com\/fr\/?page_id=6342#webpage\",\"url\":\"https:\/\/www.cretabeach.com\/fr\/?page_id=6342\",\"name\":\"Fengar\\u00f3pioto Bar - Civitel Creta Beach\",\"isPartOf\":{\"@id\":\"https:\/\/www.cretabeach.com\/#website\"},\"datePublished\":\"2024-04-04T06:55:00+00:00\",\"dateModified\":\"2026-02-05T14:37:05+00:00\",\"breadcrumb\":{\"@id\":\"https:\/\/www.cretabeach.com\/fr\/?page_id=6342#breadcrumb\"},\"inLanguage\":\"fr-FR\",\"potentialAction\":[{\"@type\":\"ReadAction\",\"target\":[\"https:\/\/www.cretabeach.com\/fr\/?page_id=6342\"]}]},{\"@type\":\"BreadcrumbList\",\"@id\":\"https:\/\/www.cretabeach.com\/fr\/?page_id=6342#breadcrumb\",\"itemListElement\":[{\"@type\":\"ListItem\",\"position\":1,\"name\":\"Home\",\"item\":\"https:\/\/www.cretabeach.com\/fr\/\"},{\"@type\":\"ListItem\",\"position\":2,\"name\":\"Fengar\\u00f3pioto Bar\"}]}]}<\/script>\n<!-- \/ Yoast SEO plugin. -->","yoast_head_json":{"robots":{"index":"index","follow":"follow","max-snippet":"max-snippet:-1","max-image-preview":"max-image-preview:large","max-video-preview":"max-video-preview:-1"},"canonical":"https:\/\/www.cretabeach.com\/fr\/?page_id=6342","og_locale":"fr_FR","og_type":"article","og_title":"Fengar\u00f3pioto Bar - Civitel Creta Beach","og_description":"Situ\u00e9 en bord de mer, Fengar\u00f3pioto est plus qu&rsquo;un simple bar &#8211; c&rsquo;est l&rsquo;endroit o\u00f9 la vue \u00e0 couper le souffle sur la mer cr\u00e9e le d\u00e9cor de soir\u00e9es inoubliables. Premier point de rep\u00e8re de l&rsquo;h\u00f4tel, le bar Fengar\u00f3pioto offre aux clients l&rsquo;occasion unique de se d\u00e9tendre et de prendre un verre en profitant de [&hellip;]","og_url":"https:\/\/www.cretabeach.com\/fr\/?page_id=6342","og_site_name":"Civitel Creta Beach","article_publisher":"https:\/\/www.facebook.com\/CretaBeachHotel","article_modified_time":"2026-02-05T14:37:05+00:00","twitter_card":"summary_large_image","twitter_misc":{"Est. reading time":"1 minute"},"schema":{"@context":"https:\/\/schema.org","@graph":[{"@type":"Organization","@id":"https:\/\/www.cretabeach.com\/#organization","name":"Civitel Creta Beach","url":"https:\/\/www.cretabeach.com\/","sameAs":["https:\/\/www.facebook.com\/CretaBeachHotel","https:\/\/www.instagram.com\/civitelcretabeach\/"],"logo":{"@type":"ImageObject","@id":"https:\/\/www.cretabeach.com\/#logo","inLanguage":"fr-FR","url":"https:\/\/www.cretabeach.com\/wp-content\/uploads\/sites\/32\/2020\/10\/creta_beach_logo_new-01.svg","contentUrl":"https:\/\/www.cretabeach.com\/wp-content\/uploads\/sites\/32\/2020\/10\/creta_beach_logo_new-01.svg","width":187,"height":102,"caption":"Civitel Creta Beach"},"image":{"@id":"https:\/\/www.cretabeach.com\/#logo"}},{"@type":"WebSite","@id":"https:\/\/www.cretabeach.com\/#website","url":"https:\/\/www.cretabeach.com\/","name":"Civitel Creta Beach","description":"The best of seaside and the city","publisher":{"@id":"https:\/\/www.cretabeach.com\/#organization"},"potentialAction":[{"@type":"SearchAction","target":{"@type":"EntryPoint","urlTemplate":"https:\/\/www.cretabeach.com\/?s={search_term_string}"},"query-input":"required name=search_term_string"}],"inLanguage":"fr-FR"},{"@type":"WebPage","@id":"https:\/\/www.cretabeach.com\/fr\/?page_id=6342#webpage","url":"https:\/\/www.cretabeach.com\/fr\/?page_id=6342","name":"Fengar\u00f3pioto Bar - Civitel Creta Beach","isPartOf":{"@id":"https:\/\/www.cretabeach.com\/#website"},"datePublished":"2024-04-04T06:55:00+00:00","dateModified":"2026-02-05T14:37:05+00:00","breadcrumb":{"@id":"https:\/\/www.cretabeach.com\/fr\/?page_id=6342#breadcrumb"},"inLanguage":"fr-FR","potentialAction":[{"@type":"ReadAction","target":["https:\/\/www.cretabeach.com\/fr\/?page_id=6342"]}]},{"@type":"BreadcrumbList","@id":"https:\/\/www.cretabeach.com\/fr\/?page_id=6342#breadcrumb","itemListElement":[{"@type":"ListItem","position":1,"name":"Home","item":"https:\/\/www.cretabeach.com\/fr\/"},{"@type":"ListItem","position":2,"name":"Fengar\u00f3pioto Bar"}]}]}},"_links":{"self":[{"href":"https:\/\/www.cretabeach.com\/fr\/wp-json\/wp\/v2\/pages\/6342"}],"collection":[{"href":"https:\/\/www.cretabeach.com\/fr\/wp-json\/wp\/v2\/pages"}],"about":[{"href":"https:\/\/www.cretabeach.com\/fr\/wp-json\/wp\/v2\/types\/page"}],"author":[{"embeddable":true,"href":"https:\/\/www.cretabeach.com\/fr\/wp-json\/wp\/v2\/users\/10"}],"replies":[{"embeddable":true,"href":"https:\/\/www.cretabeach.com\/fr\/wp-json\/wp\/v2\/comments?post=6342"}],"version-history":[{"count":7,"href":"https:\/\/www.cretabeach.com\/fr\/wp-json\/wp\/v2\/pages\/6342\/revisions"}],"predecessor-version":[{"id":10443,"href":"https:\/\/www.cretabeach.com\/fr\/wp-json\/wp\/v2\/pages\/6342\/revisions\/10443"}],"wp:attachment":[{"href":"https:\/\/www.cretabeach.com\/fr\/wp-json\/wp\/v2\/media?parent=6342"}],"curies":[{"name":"wp","href":"https:\/\/api.w.org\/{rel}","templated":true}]}}