{"id":6324,"date":"2024-04-04T06:53:14","date_gmt":"2024-04-04T06:53:14","guid":{"rendered":"https:\/\/www.cretabeach.com\/?page_id=6324"},"modified":"2026-02-06T12:45:03","modified_gmt":"2026-02-06T12:45:03","slug":"iliogiom%ce%bf-pool-snack-bar","status":"publish","type":"page","link":"https:\/\/www.cretabeach.com\/it\/iliogiom%ce%bf-pool-snack-bar\/","title":{"rendered":"Ili\u00f3giom\u03bf Pool Snack Bar"},"content":{"rendered":"<p>Il pool snack bar Ili\u00f3giom\u03bf si trova al centro della zona piscina, al vostro servizio sia che stiate facendo un tuffo sia che vi stiate rilassando sotto il sole. Con il suo ambiente rilassato e pittoresco, il pool snack bar costituisce il punto di riferimento della vostra vacanza, offrendo una combinazione perfetta di relax e ristoro.<\/p>\n<p>Con una vista mozzafiato, comodi lettini e zone ombreggiate, il nostro pool snack bar \u00e8 il luogo ideale per fare una pausa dal nuoto, leggere o semplicemente godersi il ritmo rilassato della vostra vacanza a bordo piscina. Il nostro personale cordiale e disponibile \u00e8 sempre a vostra disposizione affinch\u00e9 possiate godervi ogni momento.<\/p>\n<p>Dai succhi di frutta appena spremuti ai cocktail esotici, fino alle birre ghiacciate, la nostra selezione di bevande \u00e8 stata progettata per rinfrescarvi mentre prendete il sole. In aggiunta, Ili\u00f3giom\u03bf serve una selezione di spuntini e pasti leggeri pensati per il pranzo a bordo piscina. Che abbiate voglia di un&#8217;insalata croccante, di un panino delizioso o di una frittata calda, il nostro menu soddisfarr\u00e0 le vostre voglie senza appesantirvi. Preparato con ingredienti freschi e di qualit\u00e0, ogni piatto \u00e8 una testimonianza del nostro impegno in termini di gusto e alimentazione sana.<\/p>\n<p>&nbsp;<\/p>\n","protected":false},"excerpt":{"rendered":"<p>Il pool snack bar Ili\u00f3giom\u03bf si trova al centro della zona piscina, al vostro servizio sia che stiate facendo un tuffo sia che vi stiate rilassando sotto il sole. Con il suo ambiente rilassato e pittoresco, il pool snack bar costituisce il punto di riferimento della vostra vacanza, offrendo una combinazione perfetta di relax e [&hellip;]<\/p>\n","protected":false},"author":10,"featured_media":0,"parent":0,"menu_order":21,"comment_status":"closed","ping_status":"closed","template":"templates\/template-single.php","meta":[],"acf":[],"yoast_head":"<!-- This site is optimized with the Yoast SEO plugin v17.7 - https:\/\/yoast.com\/wordpress\/plugins\/seo\/ -->\n<meta name=\"robots\" content=\"index, follow, max-snippet:-1, max-image-preview:large, max-video-preview:-1\" \/>\n<link rel=\"canonical\" href=\"https:\/\/www.cretabeach.com\/it\/?page_id=6324\" \/>\n<meta property=\"og:locale\" content=\"it_IT\" \/>\n<meta property=\"og:type\" content=\"article\" \/>\n<meta property=\"og:title\" content=\"Ili\u00f3giom\u03bf Pool Snack Bar - Civitel Creta Beach\" \/>\n<meta property=\"og:description\" content=\"Il pool snack bar Ili\u00f3giom\u03bf si trova al centro della zona piscina, al vostro servizio sia che stiate facendo un tuffo sia che vi stiate rilassando sotto il sole. Con il suo ambiente rilassato e pittoresco, il pool snack bar costituisce il punto di riferimento della vostra vacanza, offrendo una combinazione perfetta di relax e [&hellip;]\" \/>\n<meta property=\"og:url\" content=\"https:\/\/www.cretabeach.com\/it\/?page_id=6324\" \/>\n<meta property=\"og:site_name\" content=\"Civitel Creta Beach\" \/>\n<meta property=\"article:publisher\" content=\"https:\/\/www.facebook.com\/CretaBeachHotel\" \/>\n<meta property=\"article:modified_time\" content=\"2026-02-06T12:45:03+00:00\" \/>\n<meta name=\"twitter:card\" content=\"summary_large_image\" \/>\n<meta name=\"twitter:label1\" content=\"Est. reading time\" \/>\n\t<meta name=\"twitter:data1\" content=\"1 minuto\" \/>\n<script type=\"application\/ld+json\" class=\"yoast-schema-graph\">{\"@context\":\"https:\/\/schema.org\",\"@graph\":[{\"@type\":\"Organization\",\"@id\":\"https:\/\/www.cretabeach.com\/#organization\",\"name\":\"Civitel Creta Beach\",\"url\":\"https:\/\/www.cretabeach.com\/\",\"sameAs\":[\"https:\/\/www.facebook.com\/CretaBeachHotel\",\"https:\/\/www.instagram.com\/civitelcretabeach\/\"],\"logo\":{\"@type\":\"ImageObject\",\"@id\":\"https:\/\/www.cretabeach.com\/#logo\",\"inLanguage\":\"it-IT\",\"url\":\"https:\/\/www.cretabeach.com\/wp-content\/uploads\/sites\/32\/2020\/10\/creta_beach_logo_new-01.svg\",\"contentUrl\":\"https:\/\/www.cretabeach.com\/wp-content\/uploads\/sites\/32\/2020\/10\/creta_beach_logo_new-01.svg\",\"width\":187,\"height\":102,\"caption\":\"Civitel Creta Beach\"},\"image\":{\"@id\":\"https:\/\/www.cretabeach.com\/#logo\"}},{\"@type\":\"WebSite\",\"@id\":\"https:\/\/www.cretabeach.com\/#website\",\"url\":\"https:\/\/www.cretabeach.com\/\",\"name\":\"Civitel Creta Beach\",\"description\":\"The best of seaside and the city\",\"publisher\":{\"@id\":\"https:\/\/www.cretabeach.com\/#organization\"},\"potentialAction\":[{\"@type\":\"SearchAction\",\"target\":{\"@type\":\"EntryPoint\",\"urlTemplate\":\"https:\/\/www.cretabeach.com\/?s={search_term_string}\"},\"query-input\":\"required name=search_term_string\"}],\"inLanguage\":\"it-IT\"},{\"@type\":\"WebPage\",\"@id\":\"https:\/\/www.cretabeach.com\/it\/?page_id=6324#webpage\",\"url\":\"https:\/\/www.cretabeach.com\/it\/?page_id=6324\",\"name\":\"Ili\\u00f3giom\\u03bf Pool Snack Bar - Civitel Creta Beach\",\"isPartOf\":{\"@id\":\"https:\/\/www.cretabeach.com\/#website\"},\"datePublished\":\"2024-04-04T06:53:14+00:00\",\"dateModified\":\"2026-02-06T12:45:03+00:00\",\"breadcrumb\":{\"@id\":\"https:\/\/www.cretabeach.com\/it\/?page_id=6324#breadcrumb\"},\"inLanguage\":\"it-IT\",\"potentialAction\":[{\"@type\":\"ReadAction\",\"target\":[\"https:\/\/www.cretabeach.com\/it\/?page_id=6324\"]}]},{\"@type\":\"BreadcrumbList\",\"@id\":\"https:\/\/www.cretabeach.com\/it\/?page_id=6324#breadcrumb\",\"itemListElement\":[{\"@type\":\"ListItem\",\"position\":1,\"name\":\"Home\",\"item\":\"https:\/\/www.cretabeach.com\/it\/\"},{\"@type\":\"ListItem\",\"position\":2,\"name\":\"Ili\\u00f3giom\\u03bf Pool Snack Bar\"}]}]}<\/script>\n<!-- \/ Yoast SEO plugin. -->","yoast_head_json":{"robots":{"index":"index","follow":"follow","max-snippet":"max-snippet:-1","max-image-preview":"max-image-preview:large","max-video-preview":"max-video-preview:-1"},"canonical":"https:\/\/www.cretabeach.com\/it\/?page_id=6324","og_locale":"it_IT","og_type":"article","og_title":"Ili\u00f3giom\u03bf Pool Snack Bar - Civitel Creta Beach","og_description":"Il pool snack bar Ili\u00f3giom\u03bf si trova al centro della zona piscina, al vostro servizio sia che stiate facendo un tuffo sia che vi stiate rilassando sotto il sole. Con il suo ambiente rilassato e pittoresco, il pool snack bar costituisce il punto di riferimento della vostra vacanza, offrendo una combinazione perfetta di relax e [&hellip;]","og_url":"https:\/\/www.cretabeach.com\/it\/?page_id=6324","og_site_name":"Civitel Creta Beach","article_publisher":"https:\/\/www.facebook.com\/CretaBeachHotel","article_modified_time":"2026-02-06T12:45:03+00:00","twitter_card":"summary_large_image","twitter_misc":{"Est. reading time":"1 minuto"},"schema":{"@context":"https:\/\/schema.org","@graph":[{"@type":"Organization","@id":"https:\/\/www.cretabeach.com\/#organization","name":"Civitel Creta Beach","url":"https:\/\/www.cretabeach.com\/","sameAs":["https:\/\/www.facebook.com\/CretaBeachHotel","https:\/\/www.instagram.com\/civitelcretabeach\/"],"logo":{"@type":"ImageObject","@id":"https:\/\/www.cretabeach.com\/#logo","inLanguage":"it-IT","url":"https:\/\/www.cretabeach.com\/wp-content\/uploads\/sites\/32\/2020\/10\/creta_beach_logo_new-01.svg","contentUrl":"https:\/\/www.cretabeach.com\/wp-content\/uploads\/sites\/32\/2020\/10\/creta_beach_logo_new-01.svg","width":187,"height":102,"caption":"Civitel Creta Beach"},"image":{"@id":"https:\/\/www.cretabeach.com\/#logo"}},{"@type":"WebSite","@id":"https:\/\/www.cretabeach.com\/#website","url":"https:\/\/www.cretabeach.com\/","name":"Civitel Creta Beach","description":"The best of seaside and the city","publisher":{"@id":"https:\/\/www.cretabeach.com\/#organization"},"potentialAction":[{"@type":"SearchAction","target":{"@type":"EntryPoint","urlTemplate":"https:\/\/www.cretabeach.com\/?s={search_term_string}"},"query-input":"required name=search_term_string"}],"inLanguage":"it-IT"},{"@type":"WebPage","@id":"https:\/\/www.cretabeach.com\/it\/?page_id=6324#webpage","url":"https:\/\/www.cretabeach.com\/it\/?page_id=6324","name":"Ili\u00f3giom\u03bf Pool Snack Bar - Civitel Creta Beach","isPartOf":{"@id":"https:\/\/www.cretabeach.com\/#website"},"datePublished":"2024-04-04T06:53:14+00:00","dateModified":"2026-02-06T12:45:03+00:00","breadcrumb":{"@id":"https:\/\/www.cretabeach.com\/it\/?page_id=6324#breadcrumb"},"inLanguage":"it-IT","potentialAction":[{"@type":"ReadAction","target":["https:\/\/www.cretabeach.com\/it\/?page_id=6324"]}]},{"@type":"BreadcrumbList","@id":"https:\/\/www.cretabeach.com\/it\/?page_id=6324#breadcrumb","itemListElement":[{"@type":"ListItem","position":1,"name":"Home","item":"https:\/\/www.cretabeach.com\/it\/"},{"@type":"ListItem","position":2,"name":"Ili\u00f3giom\u03bf Pool Snack Bar"}]}]}},"_links":{"self":[{"href":"https:\/\/www.cretabeach.com\/it\/wp-json\/wp\/v2\/pages\/6324"}],"collection":[{"href":"https:\/\/www.cretabeach.com\/it\/wp-json\/wp\/v2\/pages"}],"about":[{"href":"https:\/\/www.cretabeach.com\/it\/wp-json\/wp\/v2\/types\/page"}],"author":[{"embeddable":true,"href":"https:\/\/www.cretabeach.com\/it\/wp-json\/wp\/v2\/users\/10"}],"replies":[{"embeddable":true,"href":"https:\/\/www.cretabeach.com\/it\/wp-json\/wp\/v2\/comments?post=6324"}],"version-history":[{"count":6,"href":"https:\/\/www.cretabeach.com\/it\/wp-json\/wp\/v2\/pages\/6324\/revisions"}],"predecessor-version":[{"id":10456,"href":"https:\/\/www.cretabeach.com\/it\/wp-json\/wp\/v2\/pages\/6324\/revisions\/10456"}],"wp:attachment":[{"href":"https:\/\/www.cretabeach.com\/it\/wp-json\/wp\/v2\/media?parent=6324"}],"curies":[{"name":"wp","href":"https:\/\/api.w.org\/{rel}","templated":true}]}}