{"id":6345,"date":"2024-04-04T06:55:32","date_gmt":"2024-04-04T06:55:32","guid":{"rendered":"https:\/\/www.cretabeach.com\/?page_id=6345"},"modified":"2026-02-06T12:46:13","modified_gmt":"2026-02-06T12:46:13","slug":"bar-fengaropioto","status":"publish","type":"page","link":"https:\/\/www.cretabeach.com\/it\/bar-fengaropioto\/","title":{"rendered":"Bar Fengar\u00f3pioto"},"content":{"rendered":"<p>Affacciato sulla spiaggia, il Fengar\u00f3pioto \u00e8 pi\u00f9 di un semplice bar: \u00e8 il luogo in cui la vista mozzafiato sul mare fa da sfondo a serate indimenticabili. Punto di riferimento principale del nostro hotel, il Fengar\u00f3pioto offre agli ospiti l&#8217;opportunit\u00e0 unica di rilassarsi e di sorseggiare un drink in mezzo all&#8217;impareggiabile bellezza della vista panoramica sul mare.<\/p>\n<p>Il bar vanta un&#8217;ampia selezione di distillati di prima qualit\u00e0, vini pregiati e cocktail originali, tutti accuratamente curati per soddisfare i gusti pi\u00f9 esigenti. Dai classici preferiti alle creazioni esclusive infuse con i sapori locali, ogni sorso \u00e8 un invito a lasciarsi andare all&#8217;arte del mixology.<\/p>\n<p>Non c&#8217;\u00e8 posto migliore del Fengar\u00f3pioto per assistere alla magia del tramonto. Quando il giorno cede il passo alla notte, godetevi il cielo tingersi di sfumature arancioni, rosa e viola, con il mare sereno a riflettere lo spettacolo. Restate l\u00ec finch\u00e9 non spunteranno le stelle, trasformando la vostra serata in una festa scintillante sotto il cielo notturno. Se state brindando a un&#8217;occasione speciale, o cercate un luogo sereno per rilassarvi dopo una giornata di esplorazione o siete alla ricerca di un luogo in cui drink e bellezza della natura si fondono, Fengar\u00f3pioto vi d\u00e0 il benvenuto.<\/p>\n","protected":false},"excerpt":{"rendered":"<p>Affacciato sulla spiaggia, il Fengar\u00f3pioto \u00e8 pi\u00f9 di un semplice bar: \u00e8 il luogo in cui la vista mozzafiato sul mare fa da sfondo a serate indimenticabili. Punto di riferimento principale del nostro hotel, il Fengar\u00f3pioto offre agli ospiti l&#8217;opportunit\u00e0 unica di rilassarsi e di sorseggiare un drink in mezzo all&#8217;impareggiabile bellezza della vista panoramica [&hellip;]<\/p>\n","protected":false},"author":10,"featured_media":0,"parent":0,"menu_order":36,"comment_status":"closed","ping_status":"closed","template":"templates\/template-single.php","meta":[],"acf":[],"yoast_head":"<!-- This site is optimized with the Yoast SEO plugin v17.7 - https:\/\/yoast.com\/wordpress\/plugins\/seo\/ -->\n<meta name=\"robots\" content=\"index, follow, max-snippet:-1, max-image-preview:large, max-video-preview:-1\" \/>\n<link rel=\"canonical\" href=\"https:\/\/www.cretabeach.com\/it\/?page_id=6345\" \/>\n<meta property=\"og:locale\" content=\"it_IT\" \/>\n<meta property=\"og:type\" content=\"article\" \/>\n<meta property=\"og:title\" content=\"Bar Fengar\u00f3pioto - Civitel Creta Beach\" \/>\n<meta property=\"og:description\" content=\"Affacciato sulla spiaggia, il Fengar\u00f3pioto \u00e8 pi\u00f9 di un semplice bar: \u00e8 il luogo in cui la vista mozzafiato sul mare fa da sfondo a serate indimenticabili. Punto di riferimento principale del nostro hotel, il Fengar\u00f3pioto offre agli ospiti l&#8217;opportunit\u00e0 unica di rilassarsi e di sorseggiare un drink in mezzo all&#8217;impareggiabile bellezza della vista panoramica [&hellip;]\" \/>\n<meta property=\"og:url\" content=\"https:\/\/www.cretabeach.com\/it\/?page_id=6345\" \/>\n<meta property=\"og:site_name\" content=\"Civitel Creta Beach\" \/>\n<meta property=\"article:publisher\" content=\"https:\/\/www.facebook.com\/CretaBeachHotel\" \/>\n<meta property=\"article:modified_time\" content=\"2026-02-06T12:46:13+00:00\" \/>\n<meta name=\"twitter:card\" content=\"summary_large_image\" \/>\n<meta name=\"twitter:label1\" content=\"Est. reading time\" \/>\n\t<meta name=\"twitter:data1\" content=\"1 minuto\" \/>\n<script type=\"application\/ld+json\" class=\"yoast-schema-graph\">{\"@context\":\"https:\/\/schema.org\",\"@graph\":[{\"@type\":\"Organization\",\"@id\":\"https:\/\/www.cretabeach.com\/#organization\",\"name\":\"Civitel Creta Beach\",\"url\":\"https:\/\/www.cretabeach.com\/\",\"sameAs\":[\"https:\/\/www.facebook.com\/CretaBeachHotel\",\"https:\/\/www.instagram.com\/civitelcretabeach\/\"],\"logo\":{\"@type\":\"ImageObject\",\"@id\":\"https:\/\/www.cretabeach.com\/#logo\",\"inLanguage\":\"it-IT\",\"url\":\"https:\/\/www.cretabeach.com\/wp-content\/uploads\/sites\/32\/2020\/10\/creta_beach_logo_new-01.svg\",\"contentUrl\":\"https:\/\/www.cretabeach.com\/wp-content\/uploads\/sites\/32\/2020\/10\/creta_beach_logo_new-01.svg\",\"width\":187,\"height\":102,\"caption\":\"Civitel Creta Beach\"},\"image\":{\"@id\":\"https:\/\/www.cretabeach.com\/#logo\"}},{\"@type\":\"WebSite\",\"@id\":\"https:\/\/www.cretabeach.com\/#website\",\"url\":\"https:\/\/www.cretabeach.com\/\",\"name\":\"Civitel Creta Beach\",\"description\":\"The best of seaside and the city\",\"publisher\":{\"@id\":\"https:\/\/www.cretabeach.com\/#organization\"},\"potentialAction\":[{\"@type\":\"SearchAction\",\"target\":{\"@type\":\"EntryPoint\",\"urlTemplate\":\"https:\/\/www.cretabeach.com\/?s={search_term_string}\"},\"query-input\":\"required name=search_term_string\"}],\"inLanguage\":\"it-IT\"},{\"@type\":\"WebPage\",\"@id\":\"https:\/\/www.cretabeach.com\/it\/?page_id=6345#webpage\",\"url\":\"https:\/\/www.cretabeach.com\/it\/?page_id=6345\",\"name\":\"Bar Fengar\\u00f3pioto - Civitel Creta Beach\",\"isPartOf\":{\"@id\":\"https:\/\/www.cretabeach.com\/#website\"},\"datePublished\":\"2024-04-04T06:55:32+00:00\",\"dateModified\":\"2026-02-06T12:46:13+00:00\",\"breadcrumb\":{\"@id\":\"https:\/\/www.cretabeach.com\/it\/?page_id=6345#breadcrumb\"},\"inLanguage\":\"it-IT\",\"potentialAction\":[{\"@type\":\"ReadAction\",\"target\":[\"https:\/\/www.cretabeach.com\/it\/?page_id=6345\"]}]},{\"@type\":\"BreadcrumbList\",\"@id\":\"https:\/\/www.cretabeach.com\/it\/?page_id=6345#breadcrumb\",\"itemListElement\":[{\"@type\":\"ListItem\",\"position\":1,\"name\":\"Home\",\"item\":\"https:\/\/www.cretabeach.com\/it\/\"},{\"@type\":\"ListItem\",\"position\":2,\"name\":\"Fengar\\u00f3pioto Bar\"}]}]}<\/script>\n<!-- \/ Yoast SEO plugin. -->","yoast_head_json":{"robots":{"index":"index","follow":"follow","max-snippet":"max-snippet:-1","max-image-preview":"max-image-preview:large","max-video-preview":"max-video-preview:-1"},"canonical":"https:\/\/www.cretabeach.com\/it\/?page_id=6345","og_locale":"it_IT","og_type":"article","og_title":"Bar Fengar\u00f3pioto - Civitel Creta Beach","og_description":"Affacciato sulla spiaggia, il Fengar\u00f3pioto \u00e8 pi\u00f9 di un semplice bar: \u00e8 il luogo in cui la vista mozzafiato sul mare fa da sfondo a serate indimenticabili. Punto di riferimento principale del nostro hotel, il Fengar\u00f3pioto offre agli ospiti l&#8217;opportunit\u00e0 unica di rilassarsi e di sorseggiare un drink in mezzo all&#8217;impareggiabile bellezza della vista panoramica [&hellip;]","og_url":"https:\/\/www.cretabeach.com\/it\/?page_id=6345","og_site_name":"Civitel Creta Beach","article_publisher":"https:\/\/www.facebook.com\/CretaBeachHotel","article_modified_time":"2026-02-06T12:46:13+00:00","twitter_card":"summary_large_image","twitter_misc":{"Est. reading time":"1 minuto"},"schema":{"@context":"https:\/\/schema.org","@graph":[{"@type":"Organization","@id":"https:\/\/www.cretabeach.com\/#organization","name":"Civitel Creta Beach","url":"https:\/\/www.cretabeach.com\/","sameAs":["https:\/\/www.facebook.com\/CretaBeachHotel","https:\/\/www.instagram.com\/civitelcretabeach\/"],"logo":{"@type":"ImageObject","@id":"https:\/\/www.cretabeach.com\/#logo","inLanguage":"it-IT","url":"https:\/\/www.cretabeach.com\/wp-content\/uploads\/sites\/32\/2020\/10\/creta_beach_logo_new-01.svg","contentUrl":"https:\/\/www.cretabeach.com\/wp-content\/uploads\/sites\/32\/2020\/10\/creta_beach_logo_new-01.svg","width":187,"height":102,"caption":"Civitel Creta Beach"},"image":{"@id":"https:\/\/www.cretabeach.com\/#logo"}},{"@type":"WebSite","@id":"https:\/\/www.cretabeach.com\/#website","url":"https:\/\/www.cretabeach.com\/","name":"Civitel Creta Beach","description":"The best of seaside and the city","publisher":{"@id":"https:\/\/www.cretabeach.com\/#organization"},"potentialAction":[{"@type":"SearchAction","target":{"@type":"EntryPoint","urlTemplate":"https:\/\/www.cretabeach.com\/?s={search_term_string}"},"query-input":"required name=search_term_string"}],"inLanguage":"it-IT"},{"@type":"WebPage","@id":"https:\/\/www.cretabeach.com\/it\/?page_id=6345#webpage","url":"https:\/\/www.cretabeach.com\/it\/?page_id=6345","name":"Bar Fengar\u00f3pioto - Civitel Creta Beach","isPartOf":{"@id":"https:\/\/www.cretabeach.com\/#website"},"datePublished":"2024-04-04T06:55:32+00:00","dateModified":"2026-02-06T12:46:13+00:00","breadcrumb":{"@id":"https:\/\/www.cretabeach.com\/it\/?page_id=6345#breadcrumb"},"inLanguage":"it-IT","potentialAction":[{"@type":"ReadAction","target":["https:\/\/www.cretabeach.com\/it\/?page_id=6345"]}]},{"@type":"BreadcrumbList","@id":"https:\/\/www.cretabeach.com\/it\/?page_id=6345#breadcrumb","itemListElement":[{"@type":"ListItem","position":1,"name":"Home","item":"https:\/\/www.cretabeach.com\/it\/"},{"@type":"ListItem","position":2,"name":"Fengar\u00f3pioto Bar"}]}]}},"_links":{"self":[{"href":"https:\/\/www.cretabeach.com\/it\/wp-json\/wp\/v2\/pages\/6345"}],"collection":[{"href":"https:\/\/www.cretabeach.com\/it\/wp-json\/wp\/v2\/pages"}],"about":[{"href":"https:\/\/www.cretabeach.com\/it\/wp-json\/wp\/v2\/types\/page"}],"author":[{"embeddable":true,"href":"https:\/\/www.cretabeach.com\/it\/wp-json\/wp\/v2\/users\/10"}],"replies":[{"embeddable":true,"href":"https:\/\/www.cretabeach.com\/it\/wp-json\/wp\/v2\/comments?post=6345"}],"version-history":[{"count":7,"href":"https:\/\/www.cretabeach.com\/it\/wp-json\/wp\/v2\/pages\/6345\/revisions"}],"predecessor-version":[{"id":10458,"href":"https:\/\/www.cretabeach.com\/it\/wp-json\/wp\/v2\/pages\/6345\/revisions\/10458"}],"wp:attachment":[{"href":"https:\/\/www.cretabeach.com\/it\/wp-json\/wp\/v2\/media?parent=6345"}],"curies":[{"name":"wp","href":"https:\/\/api.w.org\/{rel}","templated":true}]}}